{"id":71447,"date":"2025-08-07T10:05:45","date_gmt":"2025-08-07T10:05:45","guid":{"rendered":"https:\/\/skinstudio.ee\/?post_type=product&#038;p=71447"},"modified":"2026-01-19T15:20:24","modified_gmt":"2026-01-19T15:20:24","slug":"boosting-peeling-gel","status":"publish","type":"product","link":"https:\/\/skinstudio.ee\/lt\/catalog\/genosys\/boosting-peeling-gel\/","title":{"rendered":"Boosting Peeling Gel"},"content":{"rendered":"<p data-start=\"1709\" data-end=\"1966\"><strong data-start=\"1709\" data-end=\"1745\">Boosting Peeling Gel nuo Genosys<\/strong> \u2013 \u0161velnus \u0161vei\u010diamasis gelis, skirtas odai atgaivinti ir atnaujinti nepa\u017eeid\u017eiant sveik\u0173 odos sri\u010di\u0173. Formul\u0117 veiksmingai pa\u0161alina negyvas l\u0105steles ir ne\u0161varumus i\u0161 por\u0173, suteikdama odai glotnesn\u0119 ir pri\u017ei\u016br\u0117t\u0105 i\u0161vaizd\u0105.<\/p>\n<p data-start=\"1968\" data-end=\"2199\">\u0160vei\u010diamasis gelis padeda suvienodinti odos ton\u0105 ir pagerinti veido spalv\u0105, ma\u017eindamas po akn\u0117s likusi\u0173 \u017eymi\u0173 ir nelygaus reljefo matomum\u0105. Reguliarus naudojimas palaiko odos atsinaujinim\u0105 ir suteikia jai gaivesn\u012f, \u0161vytint\u012f vaizd\u0105.<\/p>\n<p data-start=\"2201\" data-end=\"2383\">\u0160velni formul\u0117 padeda subalansuoti riebal\u0173 i\u0161siskyrim\u0105, suma\u017einti blizges\u012f T zonoje ir vizualiai glotninti poras, i\u0161laikant odos komfort\u0105 ir apsaugant nuo sausumo ar tempimo poj\u016b\u010dio.<\/p>\n<p data-start=\"2385\" data-end=\"2419\">Pagrindin\u0117s aktyviosios med\u017eiagos:<\/p>\n<ul data-start=\"2420\" data-end=\"2665\">\n<li data-start=\"2420\" data-end=\"2502\">\n<p data-start=\"2422\" data-end=\"2502\"><strong data-start=\"2422\" data-end=\"2451\">Papajos vaisi\u0173 ekstraktas<\/strong> \u2013 skatina \u0161veln\u0173 \u0161veitim\u0105 ir odos atsinaujinim\u0105.<\/p>\n<\/li>\n<li data-start=\"2503\" data-end=\"2586\">\n<p data-start=\"2505\" data-end=\"2586\"><strong data-start=\"2505\" data-end=\"2519\">Celiulioz\u0117<\/strong> \u2013 veikia kaip \u0161velni abrazyvin\u0117 med\u017eiaga, surenkanti ne\u0161varumus.<\/p>\n<\/li>\n<li data-start=\"2587\" data-end=\"2665\">\n<p data-start=\"2589\" data-end=\"2665\"><strong data-start=\"2589\" data-end=\"2624\">Hialurono r\u016bg\u0161tis ir alantoinas<\/strong> \u2013 padeda palaikyti dr\u0117gm\u0119 ir ramina od\u0105.<\/p>\n<\/li>\n<\/ul>\n<p data-start=\"2667\" data-end=\"2803\">Tinka vis\u0173 tip\u0173 odai, \u012fskaitant jautri\u0105, ypa\u010d esant nelygiai tekst\u016brai, blankiam atspalviui, matomoms poroms ir pertekliniam blizgesiui.<\/p>\n<p data-start=\"2805\" data-end=\"2822\"><strong data-start=\"2805\" data-end=\"2815\">T\u016bris:<\/strong> 100 ml<\/p>\n","protected":false},"excerpt":{"rendered":"<p data-start=\"3002\" data-end=\"3046\">Veido odos atnaujinamasis \u0161vei\u010diamasis gelis<\/p>\n<h2 data-start=\"3048\" data-end=\"3090\"><strong data-start=\"3048\" data-end=\"3090\">Genosys &#8211; Boosting Peeling Gel Savyb\u0117s<\/strong><\/h2>\n<p data-start=\"3092\" data-end=\"3278\">\u2714\ufe0f \u0160velniai pa\u0161alina negyvas odos l\u0105steles<br data-start=\"3134\" data-end=\"3137\" \/>\u2714\ufe0f Lygina odos tekst\u016br\u0105 ir ton\u0105<br data-start=\"3168\" data-end=\"3171\" \/>\u2714\ufe0f Ma\u017eina blizges\u012f ir por\u0173 matomum\u0105<br data-start=\"3206\" data-end=\"3209\" \/>\u2714\ufe0f Suteikia odai glotnumo ir \u0161vyt\u0117jimo<br data-start=\"3247\" data-end=\"3250\" \/>\u2714\ufe0f Tinka net jautriai odai<\/p>\n","protected":false},"featured_media":39332,"template":"","meta":[],"pwb-brand":[1242],"product_brand":[],"product_cat":[738,744,750,720],"product_tag":[],"giftcard-category":[],"class_list":{"0":"post-71447","1":"product","2":"type-product","3":"status-publish","4":"has-post-thumbnail","6":"pwb-brand-genosys","7":"product_cat-drekinimas","8":"product_cat-issipletusios-poros","9":"product_cat-odos-senejimas","10":"product_cat-sveitikliai-ir-pilingai","12":"first","13":"instock","14":"sale","15":"taxable","16":"shipping-taxable","17":"purchasable","18":"product-type-simple"},"acf":[],"brands":[{"id":1242,"name":"Genosys","slug":"genosys"}],"_links":{"self":[{"href":"https:\/\/skinstudio.ee\/lt\/wp-json\/wp\/v2\/product\/71447","targetHints":{"allow":["GET"]}}],"collection":[{"href":"https:\/\/skinstudio.ee\/lt\/wp-json\/wp\/v2\/product"}],"about":[{"href":"https:\/\/skinstudio.ee\/lt\/wp-json\/wp\/v2\/types\/product"}],"version-history":[{"count":1,"href":"https:\/\/skinstudio.ee\/lt\/wp-json\/wp\/v2\/product\/71447\/revisions"}],"predecessor-version":[{"id":71448,"href":"https:\/\/skinstudio.ee\/lt\/wp-json\/wp\/v2\/product\/71447\/revisions\/71448"}],"wp:featuredmedia":[{"embeddable":true,"href":"https:\/\/skinstudio.ee\/lt\/wp-json\/wp\/v2\/media\/39332"}],"wp:attachment":[{"href":"https:\/\/skinstudio.ee\/lt\/wp-json\/wp\/v2\/media?parent=71447"}],"wp:term":[{"taxonomy":"pwb-brand","embeddable":true,"href":"https:\/\/skinstudio.ee\/lt\/wp-json\/wp\/v2\/pwb-brand?post=71447"},{"taxonomy":"product_brand","embeddable":true,"href":"https:\/\/skinstudio.ee\/lt\/wp-json\/wp\/v2\/product_brand?post=71447"},{"taxonomy":"product_cat","embeddable":true,"href":"https:\/\/skinstudio.ee\/lt\/wp-json\/wp\/v2\/product_cat?post=71447"},{"taxonomy":"product_tag","embeddable":true,"href":"https:\/\/skinstudio.ee\/lt\/wp-json\/wp\/v2\/product_tag?post=71447"},{"taxonomy":"giftcard-category","embeddable":true,"href":"https:\/\/skinstudio.ee\/lt\/wp-json\/wp\/v2\/giftcard-category?post=71447"}],"curies":[{"name":"wp","href":"https:\/\/api.w.org\/{rel}","templated":true}]}}