{"id":71461,"date":"2025-07-30T15:05:49","date_gmt":"2025-07-30T15:05:49","guid":{"rendered":"https:\/\/skinstudio.ee\/?post_type=product&#038;p=71461"},"modified":"2026-01-19T15:20:24","modified_gmt":"2026-01-19T15:20:24","slug":"moisture-replenishing-hyaluron-serum","status":"publish","type":"product","link":"https:\/\/skinstudio.ee\/lt\/catalog\/genosys\/moisture-replenishing-hyaluron-serum\/","title":{"rendered":"Moisture Replenishing Hyaluron Serum"},"content":{"rendered":"<p data-start=\"1437\" data-end=\"1708\"><strong data-start=\"1437\" data-end=\"1489\">Moisture Replenishing Hyaluron Serum nuo Genosys<\/strong> \u2013 intensyviai dr\u0117kinantis serumas, skirtas atkurti odos dr\u0117gm\u0117s balans\u0105 ir palaikyti jos stangrum\u0105. Formul\u0117 padeda sukurti apsaugin\u012f dr\u0117gm\u0117s barjer\u0105 odos pavir\u0161iuje, ma\u017eindama sausumo poj\u016bt\u012f ir gerindama odos komfort\u0105.<\/p>\n<p data-start=\"1710\" data-end=\"1904\">Serumas giliai dr\u0117kina od\u0105, vizualiai i\u0161lygina jos pavir\u0161i\u0173 ir padeda pagerinti odos tank\u012f bei elastingum\u0105. Reguliarus naudojimas padeda i\u0161laikyti gaivi\u0105, pri\u017ei\u016br\u0117t\u0105 ir sudr\u0117kint\u0105 odos i\u0161vaizd\u0105.<\/p>\n<p data-start=\"1906\" data-end=\"1940\">Pagrindin\u0117s aktyviosios med\u017eiagos:<\/p>\n<ul data-start=\"1941\" data-end=\"2103\">\n<li data-start=\"1941\" data-end=\"2012\">\n<p data-start=\"1943\" data-end=\"2012\"><strong data-start=\"1943\" data-end=\"1964\">Hialurono r\u016bg\u0161tis<\/strong> \u2013 u\u017etikrina intensyv\u0173 ir ilgalaik\u012f dr\u0117kinim\u0105.<\/p>\n<\/li>\n<li data-start=\"2013\" data-end=\"2103\">\n<p data-start=\"2015\" data-end=\"2103\"><strong data-start=\"2015\" data-end=\"2040\">Ma\u017eo tankio keramidai<\/strong> \u2013 padeda atkurti epidermio apsaugin\u012f barjer\u0105 ir mink\u0161tina od\u0105.<\/p>\n<\/li>\n<\/ul>\n<p data-start=\"2105\" data-end=\"2218\">Tinka vis\u0173 tip\u0173 odai, \u012fskaitant dehidratuot\u0105, saus\u0105 ir jautri\u0105, taip pat odai, praradusiai stangrum\u0105 ir komfort\u0105.<\/p>\n<p data-start=\"2220\" data-end=\"2236\"><strong data-start=\"2220\" data-end=\"2230\">T\u016bris:<\/strong> 30 ml<\/p>\n","protected":false},"excerpt":{"rendered":"<p data-start=\"2383\" data-end=\"2412\">Serumas su hialurono r\u016bg\u0161timi<\/p>\n<h2 data-start=\"2414\" data-end=\"2472\"><strong data-start=\"2414\" data-end=\"2472\">Genosys &#8211; Moisture Replenishing Hyaluron Serum Savyb\u0117s<\/strong><\/h2>\n<p data-start=\"2474\" data-end=\"2681\">\u2714\ufe0f Giliai dr\u0117kina od\u0105 keliais lygiais<br data-start=\"2511\" data-end=\"2514\" \/>\u2714\ufe0f Atkuria ir palaiko odos dr\u0117gm\u0117s balans\u0105<br data-start=\"2556\" data-end=\"2559\" \/>\u2714\ufe0f Stiprina odos barjer\u0105 ir dr\u0117gm\u0117s i\u0161laikym\u0105<br data-start=\"2604\" data-end=\"2607\" \/>\u2714\ufe0f Didina odos stangrum\u0105 ir elastingum\u0105<br data-start=\"2646\" data-end=\"2649\" \/>\u2714\ufe0f Palieka od\u0105 lygi\u0105 ir gaivi\u0105<\/p>\n","protected":false},"featured_media":61547,"template":"","meta":[],"pwb-brand":[1242],"product_brand":[],"product_cat":[738,724],"product_tag":[],"giftcard-category":[],"class_list":{"0":"post-71461","1":"product","2":"type-product","3":"status-publish","4":"has-post-thumbnail","6":"pwb-brand-genosys","7":"product_cat-drekinimas","8":"product_cat-serumai","10":"first","11":"instock","12":"taxable","13":"shipping-taxable","14":"purchasable","15":"product-type-simple"},"acf":[],"brands":[{"id":1242,"name":"Genosys","slug":"genosys"}],"_links":{"self":[{"href":"https:\/\/skinstudio.ee\/lt\/wp-json\/wp\/v2\/product\/71461","targetHints":{"allow":["GET"]}}],"collection":[{"href":"https:\/\/skinstudio.ee\/lt\/wp-json\/wp\/v2\/product"}],"about":[{"href":"https:\/\/skinstudio.ee\/lt\/wp-json\/wp\/v2\/types\/product"}],"version-history":[{"count":1,"href":"https:\/\/skinstudio.ee\/lt\/wp-json\/wp\/v2\/product\/71461\/revisions"}],"predecessor-version":[{"id":71462,"href":"https:\/\/skinstudio.ee\/lt\/wp-json\/wp\/v2\/product\/71461\/revisions\/71462"}],"wp:featuredmedia":[{"embeddable":true,"href":"https:\/\/skinstudio.ee\/lt\/wp-json\/wp\/v2\/media\/61547"}],"wp:attachment":[{"href":"https:\/\/skinstudio.ee\/lt\/wp-json\/wp\/v2\/media?parent=71461"}],"wp:term":[{"taxonomy":"pwb-brand","embeddable":true,"href":"https:\/\/skinstudio.ee\/lt\/wp-json\/wp\/v2\/pwb-brand?post=71461"},{"taxonomy":"product_brand","embeddable":true,"href":"https:\/\/skinstudio.ee\/lt\/wp-json\/wp\/v2\/product_brand?post=71461"},{"taxonomy":"product_cat","embeddable":true,"href":"https:\/\/skinstudio.ee\/lt\/wp-json\/wp\/v2\/product_cat?post=71461"},{"taxonomy":"product_tag","embeddable":true,"href":"https:\/\/skinstudio.ee\/lt\/wp-json\/wp\/v2\/product_tag?post=71461"},{"taxonomy":"giftcard-category","embeddable":true,"href":"https:\/\/skinstudio.ee\/lt\/wp-json\/wp\/v2\/giftcard-category?post=71461"}],"curies":[{"name":"wp","href":"https:\/\/api.w.org\/{rel}","templated":true}]}}