{"id":71468,"date":"2025-07-30T15:02:23","date_gmt":"2025-07-30T15:02:23","guid":{"rendered":"https:\/\/skinstudio.ee\/?post_type=product&#038;p=71468"},"modified":"2026-01-19T15:20:24","modified_gmt":"2026-01-19T15:20:24","slug":"all-for-sensitive-serum","status":"publish","type":"product","link":"https:\/\/skinstudio.ee\/lt\/catalog\/genosys\/all-for-sensitive-serum\/","title":{"rendered":"All For Sensitive Serum"},"content":{"rendered":"<p data-start=\"1650\" data-end=\"1884\"><strong data-start=\"1650\" data-end=\"1689\">All For Sensitive Serum nuo Genosys<\/strong> \u2013 atkuriamasis serumas, skirtas jautrios ir reaktyvios odos prie\u017ei\u016brai. Priemon\u0117 padeda nuraminti sudirgim\u0105 ir paraudim\u0105, palaiko odos revitalizacij\u0105 bei gerina bendr\u0105 odos komfort\u0105 ir i\u0161vaizd\u0105.<\/p>\n<p data-start=\"1886\" data-end=\"2086\">Serumas padeda gerinti mikrocirkuliacij\u0105, palaiko odos apsaugines funkcijas ir ma\u017eina ankstyv\u0173 sen\u0117jimo po\u017eymi\u0173 matomum\u0105. Intensyvus dr\u0117kinimas suteikia odai daugiau ramyb\u0117s, \u0161velnumo ir pusiausvyros.<\/p>\n<p data-start=\"2088\" data-end=\"2122\">Pagrindin\u0117s aktyviosios med\u017eiagos:<\/p>\n<ul data-start=\"2123\" data-end=\"2471\">\n<li data-start=\"2123\" data-end=\"2197\">\n<p data-start=\"2125\" data-end=\"2197\"><strong data-start=\"2125\" data-end=\"2149\">Betainas ir alavijas<\/strong> \u2013 padeda dr\u0117kinti od\u0105 ir ma\u017einti diskomfort\u0105.<\/p>\n<\/li>\n<li data-start=\"2198\" data-end=\"2284\">\n<p data-start=\"2200\" data-end=\"2284\"><strong data-start=\"2200\" data-end=\"2240\">Lotoso \u017eied\u0173 ir hamamelio ekstraktai<\/strong> \u2013 ramina od\u0105 ir padeda ma\u017einti paraudim\u0105.<\/p>\n<\/li>\n<li data-start=\"2285\" data-end=\"2370\">\n<p data-start=\"2287\" data-end=\"2370\"><strong data-start=\"2287\" data-end=\"2319\">Alantoinas ir beta-gliukanas<\/strong> \u2013 palaiko odos atsistatym\u0105 ir ma\u017eina reaktyvum\u0105.<\/p>\n<\/li>\n<li data-start=\"2371\" data-end=\"2471\">\n<p data-start=\"2373\" data-end=\"2471\"><strong data-start=\"2373\" data-end=\"2413\">Fermentuoti ir augaliniai ekstraktai<\/strong> \u2013 stiprina odos apsaugin\u012f barjer\u0105 ir palaiko pusiausvyr\u0105.<\/p>\n<\/li>\n<\/ul>\n<p data-start=\"2473\" data-end=\"2600\">Tinka vis\u0173 tip\u0173 odai, ypa\u010d jautriai, reaktyviai ir \u012f paraudim\u0105 linkusiai odai, taip pat esant tempimo poj\u016b\u010diui ir diskomfortui.<\/p>\n<p data-start=\"2602\" data-end=\"2618\"><strong data-start=\"2602\" data-end=\"2612\">T\u016bris:<\/strong> 30 ml<\/p>\n","protected":false},"excerpt":{"rendered":"<p data-start=\"2765\" data-end=\"2786\">Serumas jautriai odai<\/p>\n<h2 data-start=\"2788\" data-end=\"2833\"><strong data-start=\"2788\" data-end=\"2833\">Genosys &#8211; All For Sensitive Serum Savyb\u0117s<\/strong><\/h2>\n<p data-start=\"2835\" data-end=\"3043\">\u2714\ufe0f Ramina sudirgim\u0105 ir ma\u017eina paraudim\u0105<br data-start=\"2874\" data-end=\"2877\" \/>\u2714\ufe0f Ma\u017eina odos jautrum\u0105 ir reaktyvum\u0105<br data-start=\"2914\" data-end=\"2917\" \/>\u2714\ufe0f Palaiko odos apsauginio barjero funkcijas<br data-start=\"2961\" data-end=\"2964\" \/>\u2714\ufe0f Intensyviai dr\u0117kina ir mink\u0161tina od\u0105<br data-start=\"3003\" data-end=\"3006\" \/>\u2714\ufe0f Gerina odos komfort\u0105 ir i\u0161vaizd\u0105<\/p>\n","protected":false},"featured_media":40009,"template":"","meta":[],"pwb-brand":[1242],"product_brand":[],"product_cat":[746,724],"product_tag":[],"giftcard-category":[],"class_list":{"0":"post-71468","1":"product","2":"type-product","3":"status-publish","4":"has-post-thumbnail","6":"pwb-brand-genosys","7":"product_cat-jautriai-odai","8":"product_cat-serumai","10":"first","11":"instock","12":"taxable","13":"shipping-taxable","14":"purchasable","15":"product-type-simple"},"acf":[],"brands":[{"id":1242,"name":"Genosys","slug":"genosys"}],"_links":{"self":[{"href":"https:\/\/skinstudio.ee\/lt\/wp-json\/wp\/v2\/product\/71468","targetHints":{"allow":["GET"]}}],"collection":[{"href":"https:\/\/skinstudio.ee\/lt\/wp-json\/wp\/v2\/product"}],"about":[{"href":"https:\/\/skinstudio.ee\/lt\/wp-json\/wp\/v2\/types\/product"}],"version-history":[{"count":1,"href":"https:\/\/skinstudio.ee\/lt\/wp-json\/wp\/v2\/product\/71468\/revisions"}],"predecessor-version":[{"id":71469,"href":"https:\/\/skinstudio.ee\/lt\/wp-json\/wp\/v2\/product\/71468\/revisions\/71469"}],"wp:featuredmedia":[{"embeddable":true,"href":"https:\/\/skinstudio.ee\/lt\/wp-json\/wp\/v2\/media\/40009"}],"wp:attachment":[{"href":"https:\/\/skinstudio.ee\/lt\/wp-json\/wp\/v2\/media?parent=71468"}],"wp:term":[{"taxonomy":"pwb-brand","embeddable":true,"href":"https:\/\/skinstudio.ee\/lt\/wp-json\/wp\/v2\/pwb-brand?post=71468"},{"taxonomy":"product_brand","embeddable":true,"href":"https:\/\/skinstudio.ee\/lt\/wp-json\/wp\/v2\/product_brand?post=71468"},{"taxonomy":"product_cat","embeddable":true,"href":"https:\/\/skinstudio.ee\/lt\/wp-json\/wp\/v2\/product_cat?post=71468"},{"taxonomy":"product_tag","embeddable":true,"href":"https:\/\/skinstudio.ee\/lt\/wp-json\/wp\/v2\/product_tag?post=71468"},{"taxonomy":"giftcard-category","embeddable":true,"href":"https:\/\/skinstudio.ee\/lt\/wp-json\/wp\/v2\/giftcard-category?post=71468"}],"curies":[{"name":"wp","href":"https:\/\/api.w.org\/{rel}","templated":true}]}}