{"id":71476,"date":"2025-07-30T12:03:09","date_gmt":"2025-07-30T12:03:09","guid":{"rendered":"https:\/\/skinstudio.ee\/?post_type=product&#038;p=71476"},"modified":"2026-01-19T15:20:24","modified_gmt":"2026-01-19T15:20:24","slug":"problem-control-serum","status":"publish","type":"product","link":"https:\/\/skinstudio.ee\/lt\/catalog\/genosys\/problem-control-serum\/","title":{"rendered":"Problem Control Serum"},"content":{"rendered":"<p data-start=\"1473\" data-end=\"1695\"><strong data-start=\"1473\" data-end=\"1510\">Problem Control Serum nuo Genosys<\/strong> \u2013 tikslinis serumas probleminei odai, padedantis ma\u017einti u\u017edegiminius po\u017eymius ir gerinti bendr\u0105 odos b\u016bkl\u0119. Priemon\u0117 palaiko \u0161varesn\u0119, labiau subalansuot\u0105 ir pri\u017ei\u016br\u0117t\u0105 odos i\u0161vaizd\u0105.<\/p>\n<p data-start=\"1697\" data-end=\"1871\">Serumas padeda normalizuoti riebal\u0173 i\u0161siskyrim\u0105 ir palaiko odos atsistatym\u0105 po u\u017edegimini\u0173 element\u0173. Reguliarus naudojimas padeda pagerinti odos tekst\u016br\u0105 ir vizualin\u0119 kokyb\u0119.<\/p>\n<p data-start=\"1873\" data-end=\"1907\">Pagrindin\u0117s aktyviosios med\u017eiagos:<\/p>\n<ul data-start=\"1908\" data-end=\"2267\">\n<li data-start=\"1908\" data-end=\"1979\">\n<p data-start=\"1910\" data-end=\"1979\"><strong data-start=\"1910\" data-end=\"1922\">Zinc PCA<\/strong> \u2013 padeda reguliuoti sebumo gamyb\u0105 ir ma\u017einti blizges\u012f.<\/p>\n<\/li>\n<li data-start=\"1980\" data-end=\"2076\">\n<p data-start=\"1982\" data-end=\"2076\"><strong data-start=\"1982\" data-end=\"2022\">Juodosios gluosnio \u017eiev\u0117s ekstraktas<\/strong> \u2013 palaiko por\u0173 valym\u0105 ir prie\u0161u\u017edegimin\u0119 prie\u017ei\u016br\u0105.<\/p>\n<\/li>\n<li data-start=\"2077\" data-end=\"2179\">\n<p data-start=\"2079\" data-end=\"2179\"><strong data-start=\"2079\" data-end=\"2116\">Fermentuoti augaliniai ekstraktai<\/strong> \u2013 padeda palaikyti odos pusiausvyr\u0105 ir apsaugines funkcijas.<\/p>\n<\/li>\n<li data-start=\"2180\" data-end=\"2267\">\n<p data-start=\"2182\" data-end=\"2267\"><strong data-start=\"2182\" data-end=\"2226\">Pantenolis, alantoinas ir beta-gliukanas<\/strong> \u2013 ramina od\u0105 ir skatina jos atsistatym\u0105.<\/p>\n<\/li>\n<\/ul>\n<p data-start=\"2269\" data-end=\"2354\">Tinka riebiai, mi\u0161riai ir probleminei odai, linkusiai \u012f akn\u0119, u\u017edegimus ir paraudim\u0105.<\/p>\n<p data-start=\"2356\" data-end=\"2372\"><strong data-start=\"2356\" data-end=\"2366\">T\u016bris:<\/strong> 30 ml<\/p>\n","protected":false},"excerpt":{"rendered":"<p data-start=\"2509\" data-end=\"2533\">Serumas probleminei odai<\/p>\n<h2 data-start=\"2535\" data-end=\"2578\"><strong data-start=\"2535\" data-end=\"2578\">Genosys &#8211; Problem Control Serum Savyb\u0117s<\/strong><\/h2>\n<p data-start=\"2580\" data-end=\"2782\">\u2714\ufe0f Ma\u017eina u\u017edegim\u0105 ir matom\u0105 paraudim\u0105<br data-start=\"2618\" data-end=\"2621\" \/>\u2714\ufe0f Reguliuoja riebal\u0173 i\u0161siskyrim\u0105 odoje<br data-start=\"2660\" data-end=\"2663\" \/>\u2714\ufe0f Padeda i\u0161vengti akn\u0117s ir b\u0117rim\u0173<br data-start=\"2697\" data-end=\"2700\" \/>\u2714\ufe0f Palaiko greitesn\u012f odos atsistatym\u0105<br data-start=\"2737\" data-end=\"2740\" \/>\u2714\ufe0f Suteikia antibakterin\u0119 odos prie\u017ei\u016br\u0105<\/p>\n","protected":false},"featured_media":39999,"template":"","meta":[],"pwb-brand":[1242],"product_brand":[],"product_cat":[724,748],"product_tag":[],"giftcard-category":[],"class_list":{"0":"post-71476","1":"product","2":"type-product","3":"status-publish","4":"has-post-thumbnail","6":"pwb-brand-genosys","7":"product_cat-serumai","8":"product_cat-taukainai-adai-lt","10":"first","11":"instock","12":"taxable","13":"shipping-taxable","14":"purchasable","15":"product-type-simple"},"acf":[],"brands":[{"id":1242,"name":"Genosys","slug":"genosys"}],"_links":{"self":[{"href":"https:\/\/skinstudio.ee\/lt\/wp-json\/wp\/v2\/product\/71476","targetHints":{"allow":["GET"]}}],"collection":[{"href":"https:\/\/skinstudio.ee\/lt\/wp-json\/wp\/v2\/product"}],"about":[{"href":"https:\/\/skinstudio.ee\/lt\/wp-json\/wp\/v2\/types\/product"}],"version-history":[{"count":1,"href":"https:\/\/skinstudio.ee\/lt\/wp-json\/wp\/v2\/product\/71476\/revisions"}],"predecessor-version":[{"id":71477,"href":"https:\/\/skinstudio.ee\/lt\/wp-json\/wp\/v2\/product\/71476\/revisions\/71477"}],"wp:featuredmedia":[{"embeddable":true,"href":"https:\/\/skinstudio.ee\/lt\/wp-json\/wp\/v2\/media\/39999"}],"wp:attachment":[{"href":"https:\/\/skinstudio.ee\/lt\/wp-json\/wp\/v2\/media?parent=71476"}],"wp:term":[{"taxonomy":"pwb-brand","embeddable":true,"href":"https:\/\/skinstudio.ee\/lt\/wp-json\/wp\/v2\/pwb-brand?post=71476"},{"taxonomy":"product_brand","embeddable":true,"href":"https:\/\/skinstudio.ee\/lt\/wp-json\/wp\/v2\/product_brand?post=71476"},{"taxonomy":"product_cat","embeddable":true,"href":"https:\/\/skinstudio.ee\/lt\/wp-json\/wp\/v2\/product_cat?post=71476"},{"taxonomy":"product_tag","embeddable":true,"href":"https:\/\/skinstudio.ee\/lt\/wp-json\/wp\/v2\/product_tag?post=71476"},{"taxonomy":"giftcard-category","embeddable":true,"href":"https:\/\/skinstudio.ee\/lt\/wp-json\/wp\/v2\/giftcard-category?post=71476"}],"curies":[{"name":"wp","href":"https:\/\/api.w.org\/{rel}","templated":true}]}}