{"id":71483,"date":"2025-07-30T12:01:12","date_gmt":"2025-07-30T12:01:12","guid":{"rendered":"https:\/\/skinstudio.ee\/?post_type=product&#038;p=71483"},"modified":"2026-01-19T15:20:24","modified_gmt":"2026-01-19T15:20:24","slug":"multi-vita-radiance-serum","status":"publish","type":"product","link":"https:\/\/skinstudio.ee\/lt\/catalog\/genosys\/multi-vita-radiance-serum\/","title":{"rendered":"Multi Vita Radiance Serum"},"content":{"rendered":"<p data-start=\"1552\" data-end=\"1792\"><strong data-start=\"1552\" data-end=\"1593\">Multi Vita Radiance Serum nuo Genosys<\/strong> \u2013 multivitamininis serumas, skirtas odos \u0161vyt\u0117jimui pagerinti ir bendrai odos b\u016bklei stiprinti. Formul\u0117 padeda suvienodinti odos ton\u0105, palaiko dr\u0117kinim\u0105 ir suteikia odai gaivi\u0105, pri\u017ei\u016br\u0117t\u0105 i\u0161vaizd\u0105.<\/p>\n<p data-start=\"1794\" data-end=\"2027\">Serumas padeda suma\u017einti pigmentini\u0173 d\u0117mi\u0173 ir netolygaus tono matomum\u0105, gerina odos glotnum\u0105 ir saugo j\u0105 nuo aplinkos veiksni\u0173. Antioksidacinis poveikis padeda kovoti su laisvaisiais radikalais ir palaikyti jaunatvi\u0161k\u0105 odos i\u0161vaizd\u0105.<\/p>\n<p data-start=\"2029\" data-end=\"2063\">Pagrindin\u0117s aktyviosios med\u017eiagos:<\/p>\n<ul data-start=\"2064\" data-end=\"2307\">\n<li data-start=\"2064\" data-end=\"2140\">\n<p data-start=\"2066\" data-end=\"2140\"><strong data-start=\"2066\" data-end=\"2089\">Vitamin\u0173 kompleksas<\/strong> \u2013 palaiko odos \u0161vyt\u0117jim\u0105 ir gerina jos i\u0161vaizd\u0105.<\/p>\n<\/li>\n<li data-start=\"2141\" data-end=\"2221\">\n<p data-start=\"2143\" data-end=\"2221\"><strong data-start=\"2143\" data-end=\"2172\">Antioksidacin\u0117s med\u017eiagos<\/strong> \u2013 padeda apsaugoti od\u0105 nuo oksidacinio streso.<\/p>\n<\/li>\n<li data-start=\"2222\" data-end=\"2307\">\n<p data-start=\"2224\" data-end=\"2307\"><strong data-start=\"2224\" data-end=\"2267\">Dr\u0117kinamosios ir raminamosios med\u017eiagos<\/strong> \u2013 palaiko odos komfort\u0105 ir pusiausvyr\u0105.<\/p>\n<\/li>\n<\/ul>\n<p data-start=\"2309\" data-end=\"2406\">Tinka vis\u0173 tip\u0173 odai, \u012fskaitant jautri\u0105, ypa\u010d papilk\u0117jusiai, netolygaus tono ir pavargusiai odai.<\/p>\n<p data-start=\"2408\" data-end=\"2424\"><strong data-start=\"2408\" data-end=\"2418\">T\u016bris:<\/strong> 30 ml<\/p>\n","protected":false},"excerpt":{"rendered":"<p data-start=\"2686\" data-end=\"2721\">Vitamininis serumas odos \u0161vyt\u0117jimui<\/p>\n<h2 data-start=\"2723\" data-end=\"2770\"><strong data-start=\"2723\" data-end=\"2770\">Genosys &#8211; Multi Vita Radiance Serum Savyb\u0117s<\/strong><\/h2>\n<p data-start=\"2772\" data-end=\"2968\">\u2714\ufe0f \u0160viesina ir suvienodina odos ton\u0105<br data-start=\"2808\" data-end=\"2811\" \/>\u2714\ufe0f Atkuria nat\u016bral\u0173 odos \u0161vyt\u0117jim\u0105<br data-start=\"2845\" data-end=\"2848\" \/>\u2714\ufe0f Suteikia antioksidacin\u0119 odos apsaug\u0105<br data-start=\"2887\" data-end=\"2890\" \/>\u2714\ufe0f Didina odos stangrum\u0105 ir glotnum\u0105<br data-start=\"2926\" data-end=\"2929\" \/>\u2714\ufe0f Stiprina barjer\u0105 ir sulaiko dr\u0117gm\u0119<\/p>\n","protected":false},"featured_media":39985,"template":"","meta":[],"pwb-brand":[1242],"product_brand":[],"product_cat":[752,724],"product_tag":[],"giftcard-category":[],"class_list":{"0":"post-71483","1":"product","2":"type-product","3":"status-publish","4":"has-post-thumbnail","6":"pwb-brand-genosys","7":"product_cat-pigmentacija-lt","8":"product_cat-serumai","10":"first","11":"instock","12":"taxable","13":"shipping-taxable","14":"purchasable","15":"product-type-simple"},"acf":[],"brands":[{"id":1242,"name":"Genosys","slug":"genosys"}],"_links":{"self":[{"href":"https:\/\/skinstudio.ee\/lt\/wp-json\/wp\/v2\/product\/71483","targetHints":{"allow":["GET"]}}],"collection":[{"href":"https:\/\/skinstudio.ee\/lt\/wp-json\/wp\/v2\/product"}],"about":[{"href":"https:\/\/skinstudio.ee\/lt\/wp-json\/wp\/v2\/types\/product"}],"version-history":[{"count":1,"href":"https:\/\/skinstudio.ee\/lt\/wp-json\/wp\/v2\/product\/71483\/revisions"}],"predecessor-version":[{"id":71484,"href":"https:\/\/skinstudio.ee\/lt\/wp-json\/wp\/v2\/product\/71483\/revisions\/71484"}],"wp:featuredmedia":[{"embeddable":true,"href":"https:\/\/skinstudio.ee\/lt\/wp-json\/wp\/v2\/media\/39985"}],"wp:attachment":[{"href":"https:\/\/skinstudio.ee\/lt\/wp-json\/wp\/v2\/media?parent=71483"}],"wp:term":[{"taxonomy":"pwb-brand","embeddable":true,"href":"https:\/\/skinstudio.ee\/lt\/wp-json\/wp\/v2\/pwb-brand?post=71483"},{"taxonomy":"product_brand","embeddable":true,"href":"https:\/\/skinstudio.ee\/lt\/wp-json\/wp\/v2\/product_brand?post=71483"},{"taxonomy":"product_cat","embeddable":true,"href":"https:\/\/skinstudio.ee\/lt\/wp-json\/wp\/v2\/product_cat?post=71483"},{"taxonomy":"product_tag","embeddable":true,"href":"https:\/\/skinstudio.ee\/lt\/wp-json\/wp\/v2\/product_tag?post=71483"},{"taxonomy":"giftcard-category","embeddable":true,"href":"https:\/\/skinstudio.ee\/lt\/wp-json\/wp\/v2\/giftcard-category?post=71483"}],"curies":[{"name":"wp","href":"https:\/\/api.w.org\/{rel}","templated":true}]}}