{"id":71492,"date":"2025-07-30T11:04:16","date_gmt":"2025-07-30T11:04:16","guid":{"rendered":"https:\/\/skinstudio.ee\/?post_type=product&#038;p=71492"},"modified":"2026-01-19T15:20:24","modified_gmt":"2026-01-19T15:20:24","slug":"anti-wrinkle-serum","status":"publish","type":"product","link":"https:\/\/skinstudio.ee\/lt\/catalog\/genosys\/anti-wrinkle-serum\/","title":{"rendered":"Anti-Wrinkle Serum"},"content":{"rendered":"<p data-start=\"1595\" data-end=\"1889\"><strong data-start=\"1595\" data-end=\"1646\">Multi Functional Anti-Wrinkle Serum nuo Genosys<\/strong> \u2013 peptidinis serumas, pasi\u017eymintis ry\u0161kiu prie\u0161rauk\u0161liniu poveikiu, padedantis suma\u017einti rauk\u0161li\u0173 matomum\u0105 ir pagerinti odos elastingum\u0105 bei tank\u012f. Formul\u0117 palaiko kolageno gamyb\u0105 ir suteikia odai glotnesn\u0119, pri\u017ei\u016br\u0117t\u0105 ir atgaivint\u0105 i\u0161vaizd\u0105.<\/p>\n<p data-start=\"1891\" data-end=\"2123\">Serumas skatina odos atsinaujinim\u0105, gerina jos tekst\u016br\u0105 ir padeda i\u0161laikyti tolygesn\u012f veido ton\u0105. Dr\u0117kinamasis ir mink\u0161tinamasis poveikis padeda i\u0161vengti sausumo ir tempimo poj\u016b\u010dio, suteikdamas odai komforto ir nat\u016bralaus \u0161vyt\u0117jimo.<\/p>\n<p data-start=\"2125\" data-end=\"2159\">Pagrindin\u0117s aktyviosios med\u017eiagos:<\/p>\n<ul data-start=\"2160\" data-end=\"2558\">\n<li data-start=\"2160\" data-end=\"2246\">\n<p data-start=\"2162\" data-end=\"2246\"><strong data-start=\"2162\" data-end=\"2186\">6 peptid\u0173 kompleksas<\/strong> \u2013 palaiko odos stangrum\u0105 ir padeda ma\u017einti rauk\u0161li\u0173 gyl\u012f.<\/p>\n<\/li>\n<li data-start=\"2247\" data-end=\"2308\">\n<p data-start=\"2249\" data-end=\"2308\"><strong data-start=\"2249\" data-end=\"2264\">Bakuchiolis<\/strong> \u2013 skatina odos atsinaujinim\u0105 ir glotnum\u0105.<\/p>\n<\/li>\n<li data-start=\"2309\" data-end=\"2383\">\n<p data-start=\"2311\" data-end=\"2383\"><strong data-start=\"2311\" data-end=\"2337\">Kolagenas ir elastinas<\/strong> \u2013 padeda gerinti odos tank\u012f ir elastingum\u0105.<\/p>\n<\/li>\n<li data-start=\"2384\" data-end=\"2466\">\n<p data-start=\"2386\" data-end=\"2466\"><strong data-start=\"2386\" data-end=\"2414\">Niacinamidas ir propolis<\/strong> \u2013 palaiko tolygesn\u012f odos ton\u0105 ir sveik\u0105 i\u0161vaizd\u0105.<\/p>\n<\/li>\n<li data-start=\"2467\" data-end=\"2558\">\n<p data-start=\"2469\" data-end=\"2558\"><strong data-start=\"2469\" data-end=\"2505\">Keramidai, pantenolis ir lipidai<\/strong> \u2013 stiprina odos apsaugin\u012f barjer\u0105 ir palaiko dr\u0117gm\u0119.<\/p>\n<\/li>\n<\/ul>\n<p data-start=\"2560\" data-end=\"2691\">Tinka vis\u0173 tip\u0173 odai, \u012fskaitant jautri\u0105, ypa\u010d esant sen\u0117jimo po\u017eymiams, suma\u017e\u0117jusiam elastingumui, papilk\u0117jusiam tonui ir sausumui.<\/p>\n<p data-start=\"2693\" data-end=\"2709\"><strong data-start=\"2693\" data-end=\"2703\">T\u016bris:<\/strong> 30 ml<\/p>\n","protected":false},"excerpt":{"rendered":"<p data-start=\"2872\" data-end=\"2909\">Peptidinis serumas rauk\u0161li\u0173 ma\u017einimui<\/p>\n<h2 data-start=\"2911\" data-end=\"2951\"><strong data-start=\"2911\" data-end=\"2951\">Genosys &#8211; Anti-Wrinkle Serum Savyb\u0117s<\/strong><\/h2>\n<p data-start=\"2953\" data-end=\"3143\">\u2714\ufe0f Glotnina mimikos ir am\u017eiaus rauk\u0161les<br data-start=\"2992\" data-end=\"2995\" \/>\u2714\ufe0f Didina odos elastingum\u0105 ir tank\u012f<br data-start=\"3030\" data-end=\"3033\" \/>\u2714\ufe0f Palaiko kolageno gamyb\u0105 odoje<br data-start=\"3065\" data-end=\"3068\" \/>\u2714\ufe0f Intensyviai dr\u0117kina ir mink\u0161tina od\u0105<br data-start=\"3107\" data-end=\"3110\" \/>\u2714\ufe0f Gerina odos tekst\u016br\u0105 ir ton\u0105<\/p>\n","protected":false},"featured_media":39974,"template":"","meta":[],"pwb-brand":[1242],"product_brand":[],"product_cat":[750,724],"product_tag":[],"giftcard-category":[],"class_list":{"0":"post-71492","1":"product","2":"type-product","3":"status-publish","4":"has-post-thumbnail","6":"pwb-brand-genosys","7":"product_cat-senstanti-oda","8":"product_cat-serumai","10":"first","11":"instock","12":"taxable","13":"shipping-taxable","14":"purchasable","15":"product-type-simple"},"acf":[],"brands":[{"id":1242,"name":"Genosys","slug":"genosys"}],"_links":{"self":[{"href":"https:\/\/skinstudio.ee\/lt\/wp-json\/wp\/v2\/product\/71492","targetHints":{"allow":["GET"]}}],"collection":[{"href":"https:\/\/skinstudio.ee\/lt\/wp-json\/wp\/v2\/product"}],"about":[{"href":"https:\/\/skinstudio.ee\/lt\/wp-json\/wp\/v2\/types\/product"}],"version-history":[{"count":1,"href":"https:\/\/skinstudio.ee\/lt\/wp-json\/wp\/v2\/product\/71492\/revisions"}],"predecessor-version":[{"id":71493,"href":"https:\/\/skinstudio.ee\/lt\/wp-json\/wp\/v2\/product\/71492\/revisions\/71493"}],"wp:featuredmedia":[{"embeddable":true,"href":"https:\/\/skinstudio.ee\/lt\/wp-json\/wp\/v2\/media\/39974"}],"wp:attachment":[{"href":"https:\/\/skinstudio.ee\/lt\/wp-json\/wp\/v2\/media?parent=71492"}],"wp:term":[{"taxonomy":"pwb-brand","embeddable":true,"href":"https:\/\/skinstudio.ee\/lt\/wp-json\/wp\/v2\/pwb-brand?post=71492"},{"taxonomy":"product_brand","embeddable":true,"href":"https:\/\/skinstudio.ee\/lt\/wp-json\/wp\/v2\/product_brand?post=71492"},{"taxonomy":"product_cat","embeddable":true,"href":"https:\/\/skinstudio.ee\/lt\/wp-json\/wp\/v2\/product_cat?post=71492"},{"taxonomy":"product_tag","embeddable":true,"href":"https:\/\/skinstudio.ee\/lt\/wp-json\/wp\/v2\/product_tag?post=71492"},{"taxonomy":"giftcard-category","embeddable":true,"href":"https:\/\/skinstudio.ee\/lt\/wp-json\/wp\/v2\/giftcard-category?post=71492"}],"curies":[{"name":"wp","href":"https:\/\/api.w.org\/{rel}","templated":true}]}}