{"id":71499,"date":"2025-07-09T08:20:42","date_gmt":"2025-07-09T08:20:42","guid":{"rendered":"https:\/\/skinstudio.ee\/?post_type=product&#038;p=71499"},"modified":"2026-01-19T15:20:24","modified_gmt":"2026-01-19T15:20:24","slug":"intensive-problem-control-toner","status":"publish","type":"product","link":"https:\/\/skinstudio.ee\/lt\/catalog\/genosys\/intensive-problem-control-toner\/","title":{"rendered":"Intensive Problem Control Toner"},"content":{"rendered":"<p data-start=\"1855\" data-end=\"2115\"><strong data-start=\"1855\" data-end=\"1902\">Intensive Problem Control Toner nuo Genosys<\/strong> \u2013 sebum\u0105 reguliuojantis tonikas riebiai ir probleminei, \u012f akn\u0119 linkusiai odai. Priemon\u0117 padeda suma\u017einti rieb\u0173 blizges\u012f, komedon\u0173 ir juod\u0173j\u0173 ta\u0161k\u0173 matomum\u0105 bei suteikia antibakterin\u0119 ir prie\u0161u\u017edegimin\u0119 prie\u017ei\u016br\u0105.<\/p>\n<p data-start=\"2117\" data-end=\"2358\">Tonikas gaivina ir maloniai v\u0117sina od\u0105, padeda atkurti hidrolipidin\u0119 pusiausvyr\u0105 ir gerina bendr\u0105 problemati\u0161kos odos b\u016bkl\u0119. Reguliariai naudojant padeda reik\u0161mingai suma\u017einti sebumo i\u0161siskyrim\u0105 ir palaikyti \u0161varesn\u012f, mati\u0161kesn\u012f odos vaizd\u0105.<\/p>\n<p data-start=\"2360\" data-end=\"2394\">Pagrindin\u0117s aktyviosios med\u017eiagos:<\/p>\n<ul data-start=\"2395\" data-end=\"2804\">\n<li data-start=\"2395\" data-end=\"2469\">\n<p data-start=\"2397\" data-end=\"2469\"><strong data-start=\"2397\" data-end=\"2423\">BHA (salicilo r\u016bg\u0161tis)<\/strong> \u2013 padeda valyti poras ir ma\u017einti u\u017edegimus.<\/p>\n<\/li>\n<li data-start=\"2470\" data-end=\"2542\">\n<p data-start=\"2472\" data-end=\"2542\"><strong data-start=\"2472\" data-end=\"2499\">Anti-Sebum P kompleksas<\/strong> \u2013 padeda reguliuoti riebal\u0173 i\u0161siskyrim\u0105.<\/p>\n<\/li>\n<li data-start=\"2543\" data-end=\"2632\">\n<p data-start=\"2545\" data-end=\"2632\"><strong data-start=\"2545\" data-end=\"2582\">Arbatmed\u017eio ekstraktas ir aliejus<\/strong> \u2013 suteikia antibakterin\u012f ir raminam\u0105j\u012f poveik\u012f.<\/p>\n<\/li>\n<li data-start=\"2633\" data-end=\"2731\">\n<p data-start=\"2635\" data-end=\"2731\"><strong data-start=\"2635\" data-end=\"2671\">Zinc PCA ir rozmarino ekstraktas<\/strong> \u2013 padeda ma\u017einti riebalavim\u0105si ir palaikyti odos balans\u0105.<\/p>\n<\/li>\n<li data-start=\"2732\" data-end=\"2804\">\n<p data-start=\"2734\" data-end=\"2804\"><strong data-start=\"2734\" data-end=\"2769\">Pantenolis ir hialurono r\u016bg\u0161tis<\/strong> \u2013 dr\u0117kina od\u0105 ir palaiko komfort\u0105.<\/p>\n<\/li>\n<\/ul>\n<p data-start=\"2806\" data-end=\"2917\">Tinka riebiai, mi\u0161riai ir probleminei odai su akne, komedonais, i\u0161sipl\u0117tusiomis poromis ir polinkiu \u012f blizges\u012f.<\/p>\n<p data-start=\"2919\" data-end=\"2936\"><strong data-start=\"2919\" data-end=\"2929\">T\u016bris:<\/strong> 200 ml<\/p>\n","protected":false},"excerpt":{"rendered":"<p data-start=\"3238\" data-end=\"3284\">Sebum\u0105 reguliuojantis tonikas probleminei odai<\/p>\n<h2 data-start=\"3286\" data-end=\"3339\"><strong data-start=\"3286\" data-end=\"3339\">Genosys &#8211; Intensive Problem Control Toner Savyb\u0117s<\/strong><\/h2>\n<p data-start=\"3341\" data-end=\"3527\">\u2714\ufe0f Reguliuoja perteklin\u012f sebumo i\u0161siskyrim\u0105<br data-start=\"3384\" data-end=\"3387\" \/>\u2714\ufe0f Valo poras ir ma\u017eina komedonus<br data-start=\"3420\" data-end=\"3423\" \/>\u2714\ufe0f Ramina ir v\u0117sina sudirgusi\u0105 od\u0105<br data-start=\"3457\" data-end=\"3460\" \/>\u2714\ufe0f Dr\u0117kina ir palaiko odos pH<br data-start=\"3489\" data-end=\"3492\" \/>\u2714\ufe0f Nekem\u0161a por\u0173, tinka akn\u0117s odai<\/p>\n","protected":false},"featured_media":61598,"template":"","meta":[],"pwb-brand":[1242],"product_brand":[],"product_cat":[742,748,722],"product_tag":[],"giftcard-category":[],"class_list":{"0":"post-71499","1":"product","2":"type-product","3":"status-publish","4":"has-post-thumbnail","6":"pwb-brand-genosys","7":"product_cat-berimai","8":"product_cat-taukainai-adai-lt","9":"product_cat-toneriai","11":"first","12":"instock","13":"taxable","14":"shipping-taxable","15":"purchasable","16":"product-type-simple"},"acf":[],"brands":[{"id":1242,"name":"Genosys","slug":"genosys"}],"_links":{"self":[{"href":"https:\/\/skinstudio.ee\/lt\/wp-json\/wp\/v2\/product\/71499","targetHints":{"allow":["GET"]}}],"collection":[{"href":"https:\/\/skinstudio.ee\/lt\/wp-json\/wp\/v2\/product"}],"about":[{"href":"https:\/\/skinstudio.ee\/lt\/wp-json\/wp\/v2\/types\/product"}],"version-history":[{"count":1,"href":"https:\/\/skinstudio.ee\/lt\/wp-json\/wp\/v2\/product\/71499\/revisions"}],"predecessor-version":[{"id":71500,"href":"https:\/\/skinstudio.ee\/lt\/wp-json\/wp\/v2\/product\/71499\/revisions\/71500"}],"wp:featuredmedia":[{"embeddable":true,"href":"https:\/\/skinstudio.ee\/lt\/wp-json\/wp\/v2\/media\/61598"}],"wp:attachment":[{"href":"https:\/\/skinstudio.ee\/lt\/wp-json\/wp\/v2\/media?parent=71499"}],"wp:term":[{"taxonomy":"pwb-brand","embeddable":true,"href":"https:\/\/skinstudio.ee\/lt\/wp-json\/wp\/v2\/pwb-brand?post=71499"},{"taxonomy":"product_brand","embeddable":true,"href":"https:\/\/skinstudio.ee\/lt\/wp-json\/wp\/v2\/product_brand?post=71499"},{"taxonomy":"product_cat","embeddable":true,"href":"https:\/\/skinstudio.ee\/lt\/wp-json\/wp\/v2\/product_cat?post=71499"},{"taxonomy":"product_tag","embeddable":true,"href":"https:\/\/skinstudio.ee\/lt\/wp-json\/wp\/v2\/product_tag?post=71499"},{"taxonomy":"giftcard-category","embeddable":true,"href":"https:\/\/skinstudio.ee\/lt\/wp-json\/wp\/v2\/giftcard-category?post=71499"}],"curies":[{"name":"wp","href":"https:\/\/api.w.org\/{rel}","templated":true}]}}