{"id":71507,"date":"2025-07-09T08:19:15","date_gmt":"2025-07-09T08:19:15","guid":{"rendered":"https:\/\/skinstudio.ee\/?post_type=product&#038;p=71507"},"modified":"2026-01-19T15:20:24","modified_gmt":"2026-01-19T15:20:24","slug":"skin-rescue-overnight-cream-mask","status":"publish","type":"product","link":"https:\/\/skinstudio.ee\/lt\/catalog\/genosys\/skin-rescue-overnight-cream-mask\/","title":{"rendered":"Skin Rescue Overnight Cream Mask"},"content":{"rendered":"<p data-start=\"1848\" data-end=\"2133\"><strong data-start=\"1848\" data-end=\"1896\">Skin Rescue Overnight Cream Mask nuo Genosys<\/strong> \u2013 atkuriamoji naktin\u0117 kremin\u0117 kauk\u0117, skirta intensyviai pavargusios ir stresuotos odos prie\u017ei\u016brai. Priemon\u0117 veikia nat\u016bralaus naktinio odos atsinaujinimo metu, pad\u0117dama odai ryte atrodyti labiau sudr\u0117kintai, stangresnei ir pails\u0117jusiai.<\/p>\n<p data-start=\"2135\" data-end=\"2369\">Kremin\u0117 kauk\u0117 padeda palaikyti optimal\u0173 dr\u0117gm\u0117s lyg\u012f, stiprina odos apsaugin\u012f barjer\u0105 ir ma\u017eina nuovargio po\u017eymius, \u012fskaitant paburkim\u0105 ir diskomfort\u0105. Lengva kremin\u0117 tekst\u016bra greitai \u012fsigeria ir nepalieka riebios ar lipnios pl\u0117vel\u0117s.<\/p>\n<p data-start=\"2371\" data-end=\"2405\">Pagrindin\u0117s aktyviosios med\u017eiagos:<\/p>\n<ul data-start=\"2406\" data-end=\"2739\">\n<li data-start=\"2406\" data-end=\"2487\">\n<p data-start=\"2408\" data-end=\"2487\"><strong data-start=\"2408\" data-end=\"2442\">Deguonies kapsul\u0117s ir peptidai<\/strong> \u2013 palaiko odos atsinaujinim\u0105 ir stangrum\u0105.<\/p>\n<\/li>\n<li data-start=\"2488\" data-end=\"2557\">\n<p data-start=\"2490\" data-end=\"2557\"><strong data-start=\"2490\" data-end=\"2506\">Niacinamidas<\/strong> \u2013 padeda gerinti odos ton\u0105 ir barjero funkcijas.<\/p>\n<\/li>\n<li data-start=\"2558\" data-end=\"2659\">\n<p data-start=\"2560\" data-end=\"2659\"><strong data-start=\"2560\" data-end=\"2595\">Keramidai ir ro\u017einiai keramidai<\/strong> \u2013 stiprina odos apsaugin\u012f barjer\u0105 ir padeda i\u0161laikyti dr\u0117gm\u0119.<\/p>\n<\/li>\n<li data-start=\"2660\" data-end=\"2739\">\n<p data-start=\"2662\" data-end=\"2739\"><strong data-start=\"2662\" data-end=\"2706\">Augalini\u0173 ekstrakt\u0173 ir aliej\u0173 kompleksas<\/strong> \u2013 ramina od\u0105 ir didina komfort\u0105.<\/p>\n<\/li>\n<\/ul>\n<p data-start=\"2741\" data-end=\"2886\">Tinka vis\u0173 tip\u0173 odai ir bet kokio am\u017eiaus, ypa\u010d pavargusiai, dehidratuotai ir stresuotai odai, kuriai reikalingas intensyvus naktinis atstatymas.<\/p>\n<p data-start=\"2888\" data-end=\"2905\"><strong data-start=\"2888\" data-end=\"2898\">T\u016bris:<\/strong> 100 ml<\/p>\n","protected":false},"excerpt":{"rendered":"<p data-start=\"3285\" data-end=\"3316\">Intensyvi naktin\u0117 kremin\u0117 kauk\u0117<\/p>\n<h2 data-start=\"3318\" data-end=\"3372\"><strong data-start=\"3318\" data-end=\"3372\">Genosys &#8211; Skin Rescue Overnight Cream Mask Savyb\u0117s<\/strong><\/h2>\n<p data-start=\"3374\" data-end=\"3574\">\u2714\ufe0f Intensyviai atkuria od\u0105 nakties metu<br data-start=\"3413\" data-end=\"3416\" \/>\u2714\ufe0f Gerina odos elastingum\u0105 ir stangrum\u0105<br data-start=\"3455\" data-end=\"3458\" \/>\u2714\ufe0f Dr\u0117kina ir palaiko odos pusiausvyr\u0105<br data-start=\"3496\" data-end=\"3499\" \/>\u2714\ufe0f Efektyviai stiprina odos barjer\u0105<br data-start=\"3534\" data-end=\"3537\" \/>\u2714\ufe0f Palieka od\u0105 lygi\u0105 ir pails\u0117jusi\u0105<\/p>\n","protected":false},"featured_media":61582,"template":"","meta":[],"pwb-brand":[1242],"product_brand":[],"product_cat":[738,726,740],"product_tag":[],"giftcard-category":[],"class_list":{"0":"post-71507","1":"product","2":"type-product","3":"status-publish","4":"has-post-thumbnail","6":"pwb-brand-genosys","7":"product_cat-drekinimas","8":"product_cat-maskas-lt","9":"product_cat-sausai-odai","11":"first","12":"instock","13":"taxable","14":"shipping-taxable","15":"purchasable","16":"product-type-simple"},"acf":[],"brands":[{"id":1242,"name":"Genosys","slug":"genosys"}],"_links":{"self":[{"href":"https:\/\/skinstudio.ee\/lt\/wp-json\/wp\/v2\/product\/71507","targetHints":{"allow":["GET"]}}],"collection":[{"href":"https:\/\/skinstudio.ee\/lt\/wp-json\/wp\/v2\/product"}],"about":[{"href":"https:\/\/skinstudio.ee\/lt\/wp-json\/wp\/v2\/types\/product"}],"version-history":[{"count":1,"href":"https:\/\/skinstudio.ee\/lt\/wp-json\/wp\/v2\/product\/71507\/revisions"}],"predecessor-version":[{"id":71508,"href":"https:\/\/skinstudio.ee\/lt\/wp-json\/wp\/v2\/product\/71507\/revisions\/71508"}],"wp:featuredmedia":[{"embeddable":true,"href":"https:\/\/skinstudio.ee\/lt\/wp-json\/wp\/v2\/media\/61582"}],"wp:attachment":[{"href":"https:\/\/skinstudio.ee\/lt\/wp-json\/wp\/v2\/media?parent=71507"}],"wp:term":[{"taxonomy":"pwb-brand","embeddable":true,"href":"https:\/\/skinstudio.ee\/lt\/wp-json\/wp\/v2\/pwb-brand?post=71507"},{"taxonomy":"product_brand","embeddable":true,"href":"https:\/\/skinstudio.ee\/lt\/wp-json\/wp\/v2\/product_brand?post=71507"},{"taxonomy":"product_cat","embeddable":true,"href":"https:\/\/skinstudio.ee\/lt\/wp-json\/wp\/v2\/product_cat?post=71507"},{"taxonomy":"product_tag","embeddable":true,"href":"https:\/\/skinstudio.ee\/lt\/wp-json\/wp\/v2\/product_tag?post=71507"},{"taxonomy":"giftcard-category","embeddable":true,"href":"https:\/\/skinstudio.ee\/lt\/wp-json\/wp\/v2\/giftcard-category?post=71507"}],"curies":[{"name":"wp","href":"https:\/\/api.w.org\/{rel}","templated":true}]}}