{"id":71517,"date":"2024-11-22T20:19:54","date_gmt":"2024-11-22T20:19:54","guid":{"rendered":"https:\/\/skinstudio.ee\/?post_type=product&#038;p=71517"},"modified":"2026-01-19T15:20:24","modified_gmt":"2026-01-19T15:20:24","slug":"multi-vita-radiance-cream","status":"publish","type":"product","link":"https:\/\/skinstudio.ee\/lt\/catalog\/genosys\/multi-vita-radiance-cream\/","title":{"rendered":"Multi Vita Radiance Cream"},"content":{"rendered":"<p data-start=\"1741\" data-end=\"1975\"><strong data-start=\"1741\" data-end=\"1782\">Multi Vita Radiance Cream nuo Genosys<\/strong> \u2013 daugiafunkcis kremas, skirtas odos apsaugai ir nat\u016bralaus \u0161vyt\u0117jimo stiprinimui. Formul\u0117 padeda palaikyti optimal\u0173 dr\u0117gm\u0117s lyg\u012f, gerina odos ton\u0105 ir saugo od\u0105 nuo neigiamo aplinkos poveikio.<\/p>\n<p data-start=\"1977\" data-end=\"2203\">Kremas maitina ir dr\u0117kina od\u0105, ma\u017eina papilk\u0117jimo po\u017eymius ir padeda pasiekti lygesn\u0119, tolygesn\u0119 odos i\u0161vaizd\u0105. Antioksidacinis poveikis padeda apsaugoti od\u0105 nuo prie\u0161laikinio sen\u0117jimo ir i\u0161laikyti sveik\u0105, spindin\u010di\u0105 i\u0161vaizd\u0105.<\/p>\n<p data-start=\"2205\" data-end=\"2239\">Pagrindin\u0117s aktyviosios med\u017eiagos:<\/p>\n<ul data-start=\"2240\" data-end=\"2635\">\n<li data-start=\"2240\" data-end=\"2325\">\n<p data-start=\"2242\" data-end=\"2325\"><strong data-start=\"2242\" data-end=\"2259\">Astaksantinas<\/strong> \u2013 stiprus antioksidantas, saugantis od\u0105 nuo oksidacinio streso.<\/p>\n<\/li>\n<li data-start=\"2326\" data-end=\"2394\">\n<p data-start=\"2328\" data-end=\"2394\"><strong data-start=\"2328\" data-end=\"2351\">Vitamin\u0173 kompleksas<\/strong> \u2013 palaiko odos gyvybingum\u0105 ir \u0161vyt\u0117jim\u0105.<\/p>\n<\/li>\n<li data-start=\"2395\" data-end=\"2472\">\n<p data-start=\"2397\" data-end=\"2472\"><strong data-start=\"2397\" data-end=\"2417\">Gliukonolaktonas<\/strong> \u2013 padeda i\u0161laikyti dr\u0117gm\u0119 ir \u0161velniai atnaujina od\u0105.<\/p>\n<\/li>\n<li data-start=\"2473\" data-end=\"2544\">\n<p data-start=\"2475\" data-end=\"2544\"><strong data-start=\"2475\" data-end=\"2509\">Saldymed\u017eio \u0161aknies ekstraktas<\/strong> \u2013 padeda suvienodinti odos ton\u0105.<\/p>\n<\/li>\n<li data-start=\"2545\" data-end=\"2635\">\n<p data-start=\"2547\" data-end=\"2635\"><strong data-start=\"2547\" data-end=\"2573\">Keramidai ir skvalanas<\/strong> \u2013 stiprina lipidin\u012f barjer\u0105 ir apsaugo nuo dr\u0117gm\u0117s praradimo.<\/p>\n<\/li>\n<\/ul>\n<p data-start=\"2637\" data-end=\"2791\">Tinka vis\u0173 tip\u0173 odai, ypa\u010d papilk\u0117jusiai, dehidratuotai ir netolygaus tono odai, kuriai reikalinga antioksidacin\u0117 apsauga ir kasdien\u0117 spindesio prie\u017ei\u016bra.<\/p>\n<p data-start=\"2793\" data-end=\"2809\"><strong data-start=\"2793\" data-end=\"2803\">T\u016bris:<\/strong> 50 ml<\/p>\n","protected":false},"excerpt":{"rendered":"<p data-start=\"3007\" data-end=\"3057\">Daugiafunkc\u0117 odos prie\u017ei\u016bra apsaugai ir \u0161vyt\u0117jimui<\/p>\n<h2 data-start=\"3059\" data-end=\"3106\"><strong data-start=\"3059\" data-end=\"3106\">Genosys &#8211; Multi Vita Radiance Cream Savyb\u0117s<\/strong><\/h2>\n<p data-start=\"3108\" data-end=\"3303\">\u2714\ufe0f Intensyviai dr\u0117kina ir maitina od\u0105<br data-start=\"3145\" data-end=\"3148\" \/>\u2714\ufe0f Suteikia stipri\u0105 antioksidacin\u0119 apsaug\u0105<br data-start=\"3190\" data-end=\"3193\" \/>\u2714\ufe0f Stiprina odos apsaugin\u012f barjer\u0105<br data-start=\"3227\" data-end=\"3230\" \/>\u2714\ufe0f Sulygina odos ton\u0105 ir \u0161vyt\u0117jim\u0105<br data-start=\"3264\" data-end=\"3267\" \/>\u2714\ufe0f Palaiko odos stangrum\u0105 ir tank\u012f<\/p>\n","protected":false},"featured_media":61587,"template":"","meta":[],"pwb-brand":[1242],"product_brand":[],"product_cat":[738,752,740],"product_tag":[],"giftcard-category":[],"class_list":{"0":"post-71517","1":"product","2":"type-product","3":"status-publish","4":"has-post-thumbnail","6":"pwb-brand-genosys","7":"product_cat-drekinimas","8":"product_cat-pigmentacija-lt","9":"product_cat-sausai-odai","11":"first","12":"instock","13":"taxable","14":"shipping-taxable","15":"purchasable","16":"product-type-simple"},"acf":[],"brands":[{"id":1242,"name":"Genosys","slug":"genosys"}],"_links":{"self":[{"href":"https:\/\/skinstudio.ee\/lt\/wp-json\/wp\/v2\/product\/71517","targetHints":{"allow":["GET"]}}],"collection":[{"href":"https:\/\/skinstudio.ee\/lt\/wp-json\/wp\/v2\/product"}],"about":[{"href":"https:\/\/skinstudio.ee\/lt\/wp-json\/wp\/v2\/types\/product"}],"version-history":[{"count":1,"href":"https:\/\/skinstudio.ee\/lt\/wp-json\/wp\/v2\/product\/71517\/revisions"}],"predecessor-version":[{"id":71519,"href":"https:\/\/skinstudio.ee\/lt\/wp-json\/wp\/v2\/product\/71517\/revisions\/71519"}],"wp:featuredmedia":[{"embeddable":true,"href":"https:\/\/skinstudio.ee\/lt\/wp-json\/wp\/v2\/media\/61587"}],"wp:attachment":[{"href":"https:\/\/skinstudio.ee\/lt\/wp-json\/wp\/v2\/media?parent=71517"}],"wp:term":[{"taxonomy":"pwb-brand","embeddable":true,"href":"https:\/\/skinstudio.ee\/lt\/wp-json\/wp\/v2\/pwb-brand?post=71517"},{"taxonomy":"product_brand","embeddable":true,"href":"https:\/\/skinstudio.ee\/lt\/wp-json\/wp\/v2\/product_brand?post=71517"},{"taxonomy":"product_cat","embeddable":true,"href":"https:\/\/skinstudio.ee\/lt\/wp-json\/wp\/v2\/product_cat?post=71517"},{"taxonomy":"product_tag","embeddable":true,"href":"https:\/\/skinstudio.ee\/lt\/wp-json\/wp\/v2\/product_tag?post=71517"},{"taxonomy":"giftcard-category","embeddable":true,"href":"https:\/\/skinstudio.ee\/lt\/wp-json\/wp\/v2\/giftcard-category?post=71517"}],"curies":[{"name":"wp","href":"https:\/\/api.w.org\/{rel}","templated":true}]}}