{"id":71527,"date":"2024-11-22T20:15:50","date_gmt":"2024-11-22T20:15:50","guid":{"rendered":"https:\/\/skinstudio.ee\/?post_type=product&#038;p=71527"},"modified":"2026-01-19T15:20:24","modified_gmt":"2026-01-19T15:20:24","slug":"intensive-problem-control-cream","status":"publish","type":"product","link":"https:\/\/skinstudio.ee\/lt\/catalog\/genosys\/intensive-problem-control-cream\/","title":{"rendered":"Intensive Problem Control Cream"},"content":{"rendered":"<p data-start=\"1588\" data-end=\"1864\"><strong data-start=\"1588\" data-end=\"1635\">Intensive Problem Control Cream nuo Genosys<\/strong> \u2013 matinantis kremas, pasi\u017eymintis antibakteriniu ir sebum\u0105 reguliuojan\u010diu poveikiu, skirtas kasdienei problemin\u0117s odos prie\u017ei\u016brai. Formul\u0117 padeda ma\u017einti u\u017edegimus, u\u017ekirsti keli\u0105 b\u0117rimams ir gerinti \u012f akn\u0119 linkusios odos b\u016bkl\u0119.<\/p>\n<p data-start=\"1866\" data-end=\"2071\">Kremas padeda kontroliuoti rieb\u0173 blizges\u012f, palaiko odos komfort\u0105 ir apsaugo nuo dehidratacijos. Lengva tekst\u016bra greitai \u012fsigeria ir neapsunkina odos, tod\u0117l tinka reguliariam naudojimui kasdien\u0117je rutinoje.<\/p>\n<p data-start=\"2073\" data-end=\"2107\">Pagrindin\u0117s aktyviosios med\u017eiagos:<\/p>\n<ul data-start=\"2108\" data-end=\"2495\">\n<li data-start=\"2108\" data-end=\"2194\">\n<p data-start=\"2110\" data-end=\"2194\"><strong data-start=\"2110\" data-end=\"2122\">Zinc PCA<\/strong> \u2013 padeda reguliuoti sebumo i\u0161siskyrim\u0105 ir ma\u017einti bakterij\u0173 aktyvum\u0105.<\/p>\n<\/li>\n<li data-start=\"2195\" data-end=\"2263\">\n<p data-start=\"2197\" data-end=\"2263\"><strong data-start=\"2197\" data-end=\"2210\">Trehaloz\u0117<\/strong> \u2013 padeda sulaikyti dr\u0117gm\u0119 ir palaiko odos apsaug\u0105.<\/p>\n<\/li>\n<li data-start=\"2264\" data-end=\"2355\">\n<p data-start=\"2266\" data-end=\"2355\"><strong data-start=\"2266\" data-end=\"2303\">Japonin\u0117s ber\u017eo \u017eiev\u0117s ekstraktas<\/strong> \u2013 padeda ma\u017einti u\u017edegimus ir gerinti odos b\u016bkl\u0119.<\/p>\n<\/li>\n<li data-start=\"2356\" data-end=\"2441\">\n<p data-start=\"2358\" data-end=\"2441\"><strong data-start=\"2358\" data-end=\"2398\">Laktobakterijos \/ moli\u016bgo ekstraktas<\/strong> \u2013 ramina od\u0105 ir palaiko jos pusiausvyr\u0105.<\/p>\n<\/li>\n<li data-start=\"2442\" data-end=\"2495\">\n<p data-start=\"2444\" data-end=\"2495\"><strong data-start=\"2444\" data-end=\"2458\">Pantenolis<\/strong> \u2013 mink\u0161tina od\u0105 ir ma\u017eina sudirgim\u0105.<\/p>\n<\/li>\n<\/ul>\n<p data-start=\"2497\" data-end=\"2583\">Tinka riebiai, mi\u0161riai ir probleminei odai su akne, u\u017edegimais ir polinkiu \u012f blizges\u012f.<\/p>\n<p data-start=\"2585\" data-end=\"2601\"><strong data-start=\"2585\" data-end=\"2595\">T\u016bris:<\/strong> 50 ml<\/p>\n","protected":false},"excerpt":{"rendered":"<p data-start=\"2725\" data-end=\"2759\">Matinantis kremas probleminei odai<\/p>\n<h2 data-start=\"2761\" data-end=\"2814\"><strong data-start=\"2761\" data-end=\"2814\">Genosys &#8211; Intensive Problem Control Cream Savyb\u0117s<\/strong><\/h2>\n<p data-start=\"2816\" data-end=\"3034\">\u2714\ufe0f Suteikia antibakterin\u012f ir prie\u0161u\u017edegimin\u012f poveik\u012f<br data-start=\"2868\" data-end=\"2871\" \/>\u2714\ufe0f Reguliuoja perteklin\u012f sebumo i\u0161siskyrim\u0105<br data-start=\"2914\" data-end=\"2917\" \/>\u2714\ufe0f Ma\u017eina nepageidaujam\u0105 odos blizges\u012f<br data-start=\"2955\" data-end=\"2958\" \/>\u2714\ufe0f Ramina ir mink\u0161tina problemin\u0119 od\u0105<br data-start=\"2995\" data-end=\"2998\" \/>\u2714\ufe0f Palaiko odos dr\u0117gm\u0119 ir komfort\u0105<\/p>\n","protected":false},"featured_media":71528,"template":"","meta":[],"pwb-brand":[1242],"product_brand":[],"product_cat":[742,738,748],"product_tag":[],"giftcard-category":[],"class_list":{"0":"post-71527","1":"product","2":"type-product","3":"status-publish","4":"has-post-thumbnail","6":"pwb-brand-genosys","7":"product_cat-berimai","8":"product_cat-drekinimas","9":"product_cat-taukainai-adai-lt","11":"first","12":"instock","13":"taxable","14":"shipping-taxable","15":"purchasable","16":"product-type-simple"},"acf":[],"brands":[{"id":1242,"name":"Genosys","slug":"genosys"}],"_links":{"self":[{"href":"https:\/\/skinstudio.ee\/lt\/wp-json\/wp\/v2\/product\/71527","targetHints":{"allow":["GET"]}}],"collection":[{"href":"https:\/\/skinstudio.ee\/lt\/wp-json\/wp\/v2\/product"}],"about":[{"href":"https:\/\/skinstudio.ee\/lt\/wp-json\/wp\/v2\/types\/product"}],"version-history":[{"count":1,"href":"https:\/\/skinstudio.ee\/lt\/wp-json\/wp\/v2\/product\/71527\/revisions"}],"predecessor-version":[{"id":71529,"href":"https:\/\/skinstudio.ee\/lt\/wp-json\/wp\/v2\/product\/71527\/revisions\/71529"}],"wp:featuredmedia":[{"embeddable":true,"href":"https:\/\/skinstudio.ee\/lt\/wp-json\/wp\/v2\/media\/71528"}],"wp:attachment":[{"href":"https:\/\/skinstudio.ee\/lt\/wp-json\/wp\/v2\/media?parent=71527"}],"wp:term":[{"taxonomy":"pwb-brand","embeddable":true,"href":"https:\/\/skinstudio.ee\/lt\/wp-json\/wp\/v2\/pwb-brand?post=71527"},{"taxonomy":"product_brand","embeddable":true,"href":"https:\/\/skinstudio.ee\/lt\/wp-json\/wp\/v2\/product_brand?post=71527"},{"taxonomy":"product_cat","embeddable":true,"href":"https:\/\/skinstudio.ee\/lt\/wp-json\/wp\/v2\/product_cat?post=71527"},{"taxonomy":"product_tag","embeddable":true,"href":"https:\/\/skinstudio.ee\/lt\/wp-json\/wp\/v2\/product_tag?post=71527"},{"taxonomy":"giftcard-category","embeddable":true,"href":"https:\/\/skinstudio.ee\/lt\/wp-json\/wp\/v2\/giftcard-category?post=71527"}],"curies":[{"name":"wp","href":"https:\/\/api.w.org\/{rel}","templated":true}]}}