{"id":71537,"date":"2024-10-26T11:46:45","date_gmt":"2024-10-26T11:46:45","guid":{"rendered":"https:\/\/skinstudio.ee\/?post_type=product&#038;p=71537"},"modified":"2026-01-19T15:20:24","modified_gmt":"2026-01-19T15:20:24","slug":"egf-repair-oxymask-cream","status":"publish","type":"product","link":"https:\/\/skinstudio.ee\/lt\/catalog\/genosys\/egf-repair-oxymask-cream\/","title":{"rendered":"EGF Repair OXYmask Cream"},"content":{"rendered":"<p data-start=\"1832\" data-end=\"2091\"><strong data-start=\"1832\" data-end=\"1872\">EGF Repair Oxymask Cream nuo Genosys<\/strong> \u2013 deguonimi aktyvuojama putojanti kremin\u0117 kauk\u0117, skirta intensyviam pavargusios ir stresuotos odos atstatymui. Naudojimo metu kauk\u0117 aktyvuojasi, pad\u0117dama pagerinti odos i\u0161vaizd\u0105 ir atkurti gaiv\u0173, pri\u017ei\u016br\u0117t\u0105 veido ton\u0105.<\/p>\n<p data-start=\"2093\" data-end=\"2352\">Formul\u0117 palaiko odos atsinaujinimo procesus, gerina odos elastingum\u0105 ir padeda suma\u017einti sen\u0117jimo po\u017eymi\u0173 matomum\u0105. Deguonies efektas didina odos komfort\u0105 ir skatina atsistatym\u0105, o maitinamosios sudedamosios dalys padeda kovoti su sausumu ir streso po\u017eymiais.<\/p>\n<p data-start=\"2354\" data-end=\"2388\">Pagrindin\u0117s aktyviosios med\u017eiagos:<\/p>\n<ul data-start=\"2389\" data-end=\"2747\">\n<li data-start=\"2389\" data-end=\"2459\">\n<p data-start=\"2391\" data-end=\"2459\"><strong data-start=\"2391\" data-end=\"2403\">Deguonis<\/strong> \u2013 palaiko l\u0105steli\u0173 metabolizm\u0105 ir odos atsinaujinim\u0105.<\/p>\n<\/li>\n<li data-start=\"2460\" data-end=\"2542\">\n<p data-start=\"2462\" data-end=\"2542\"><strong data-start=\"2462\" data-end=\"2488\">Augimo faktoriai (EGF)<\/strong> \u2013 skatina odos atsinaujinim\u0105 ir gerina elastingum\u0105.<\/p>\n<\/li>\n<li data-start=\"2543\" data-end=\"2608\">\n<p data-start=\"2545\" data-end=\"2608\"><strong data-start=\"2545\" data-end=\"2567\">Peptid\u0173 kompleksas<\/strong> \u2013 palaiko kolageno ir elastino gamyb\u0105.<\/p>\n<\/li>\n<li data-start=\"2609\" data-end=\"2686\">\n<p data-start=\"2611\" data-end=\"2686\"><strong data-start=\"2611\" data-end=\"2630\">Omega 6, 7 ir 9<\/strong> \u2013 intensyviai maitina od\u0105 ir padeda i\u0161laikyti dr\u0117gm\u0119.<\/p>\n<\/li>\n<li data-start=\"2687\" data-end=\"2747\">\n<p data-start=\"2689\" data-end=\"2747\"><strong data-start=\"2689\" data-end=\"2713\">Maitinamieji lipidai<\/strong> \u2013 palaiko odos apsaugin\u012f barjer\u0105.<\/p>\n<\/li>\n<\/ul>\n<p data-start=\"2749\" data-end=\"2889\">Tinka vis\u0173 tip\u0173 odai, ypa\u010d pavargusiai, dehidratuotai ir ry\u0161kius sen\u0117jimo po\u017eymius turin\u010diai odai, kuriai reikalingas intensyvus atstatymas.<\/p>\n<p data-start=\"2891\" data-end=\"2906\"><strong data-start=\"2891\" data-end=\"2901\">T\u016bris:<\/strong> 50 g<\/p>\n","protected":false},"excerpt":{"rendered":"<p data-start=\"3253\" data-end=\"3287\">Put\u0173 kremin\u0117 kauk\u0117 odos atstatymui<\/p>\n<h2 data-start=\"3289\" data-end=\"3335\"><strong data-start=\"3289\" data-end=\"3335\">Genosys &#8211; EGF Repair Oxymask Cream Savyb\u0117s<\/strong><\/h2>\n<p data-start=\"3337\" data-end=\"3537\">\u2714\ufe0f Aktyviai kovoja su sen\u0117jimo po\u017eymiais<br data-start=\"3377\" data-end=\"3380\" \/>\u2714\ufe0f Gerina odos elastingum\u0105 ir stangrum\u0105<br data-start=\"3419\" data-end=\"3422\" \/>\u2714\ufe0f Intensyviai maitina ir dr\u0117kina od\u0105<br data-start=\"3459\" data-end=\"3462\" \/>\u2714\ufe0f Palaiko odos atsinaujinimo procesus<br data-start=\"3500\" data-end=\"3503\" \/>\u2714\ufe0f Pagerina bendr\u0105 odos i\u0161vaizd\u0105<\/p>\n","protected":false},"featured_media":71538,"template":"","meta":[],"pwb-brand":[1242],"product_brand":[],"product_cat":[738,746,726,740,750],"product_tag":[],"giftcard-category":[],"class_list":{"0":"post-71537","1":"product","2":"type-product","3":"status-publish","4":"has-post-thumbnail","6":"pwb-brand-genosys","7":"product_cat-drekinimas","8":"product_cat-jautriai-odai","9":"product_cat-maskas-lt","10":"product_cat-sausai-odai","11":"product_cat-senstanti-oda","13":"first","14":"instock","15":"taxable","16":"shipping-taxable","17":"purchasable","18":"product-type-simple"},"acf":[],"brands":[{"id":1242,"name":"Genosys","slug":"genosys"}],"_links":{"self":[{"href":"https:\/\/skinstudio.ee\/lt\/wp-json\/wp\/v2\/product\/71537","targetHints":{"allow":["GET"]}}],"collection":[{"href":"https:\/\/skinstudio.ee\/lt\/wp-json\/wp\/v2\/product"}],"about":[{"href":"https:\/\/skinstudio.ee\/lt\/wp-json\/wp\/v2\/types\/product"}],"version-history":[{"count":1,"href":"https:\/\/skinstudio.ee\/lt\/wp-json\/wp\/v2\/product\/71537\/revisions"}],"predecessor-version":[{"id":71539,"href":"https:\/\/skinstudio.ee\/lt\/wp-json\/wp\/v2\/product\/71537\/revisions\/71539"}],"wp:featuredmedia":[{"embeddable":true,"href":"https:\/\/skinstudio.ee\/lt\/wp-json\/wp\/v2\/media\/71538"}],"wp:attachment":[{"href":"https:\/\/skinstudio.ee\/lt\/wp-json\/wp\/v2\/media?parent=71537"}],"wp:term":[{"taxonomy":"pwb-brand","embeddable":true,"href":"https:\/\/skinstudio.ee\/lt\/wp-json\/wp\/v2\/pwb-brand?post=71537"},{"taxonomy":"product_brand","embeddable":true,"href":"https:\/\/skinstudio.ee\/lt\/wp-json\/wp\/v2\/product_brand?post=71537"},{"taxonomy":"product_cat","embeddable":true,"href":"https:\/\/skinstudio.ee\/lt\/wp-json\/wp\/v2\/product_cat?post=71537"},{"taxonomy":"product_tag","embeddable":true,"href":"https:\/\/skinstudio.ee\/lt\/wp-json\/wp\/v2\/product_tag?post=71537"},{"taxonomy":"giftcard-category","embeddable":true,"href":"https:\/\/skinstudio.ee\/lt\/wp-json\/wp\/v2\/giftcard-category?post=71537"}],"curies":[{"name":"wp","href":"https:\/\/api.w.org\/{rel}","templated":true}]}}