{"id":71546,"date":"2024-10-26T11:23:51","date_gmt":"2024-10-26T11:23:51","guid":{"rendered":"https:\/\/skinstudio.ee\/?post_type=product&#038;p=71546"},"modified":"2026-01-19T15:20:24","modified_gmt":"2026-01-19T15:20:24","slug":"microbiome-energy-infusing-mist","status":"publish","type":"product","link":"https:\/\/skinstudio.ee\/lt\/catalog\/genosys\/microbiome-energy-infusing-mist\/","title":{"rendered":"Microbiome Energy Infusing Mist"},"content":{"rendered":"<div class=\"product-info__desc\">\n<p data-start=\"1817\" data-end=\"2112\"><strong data-start=\"1817\" data-end=\"1864\">Microbiome Energy Infusing Mist nuo Genosys<\/strong> \u2013 dr\u0117kinantis veido pur\u0161kiklis, skirtas odos mikrobiomos atstatymui ir apsaugini\u0173 funkcij\u0173 stiprinimui. Pre- ir probiotik\u0173 kompleksas padeda subalansuoti odos mikroflor\u0105, o hialurono r\u016bg\u0161\u010di\u0173 kompleksas atkuria dr\u0117gm\u0117s lyg\u012f ir gerina odos komfort\u0105.<\/p>\n<p data-start=\"2114\" data-end=\"2329\">Pur\u0161kiklis gaivina od\u0105, padeda palaikyti optimal\u0173 dr\u0117gm\u0117s balans\u0105 ir ma\u017eina streso, sausumo bei diskomforto po\u017eymius. Smulkus pur\u0161kimas leid\u017eia priemon\u0119 naudoti vis\u0105 dien\u0105, taip pat ant makia\u017eo ir sausose patalpose.<\/p>\n<p data-start=\"2331\" data-end=\"2365\">Pagrindin\u0117s aktyviosios med\u017eiagos:<\/p>\n<ul data-start=\"2366\" data-end=\"2740\">\n<li data-start=\"2366\" data-end=\"2440\">\n<p data-start=\"2368\" data-end=\"2440\"><strong data-start=\"2368\" data-end=\"2391\">Pre- ir probiotikai<\/strong> \u2013 padeda atkurti odos mikrobiomos pusiausvyr\u0105.<\/p>\n<\/li>\n<li data-start=\"2441\" data-end=\"2523\">\n<p data-start=\"2443\" data-end=\"2523\"><strong data-start=\"2443\" data-end=\"2478\">10 hialurono r\u016bg\u0161\u010di\u0173 kompleksas<\/strong> \u2013 u\u017etikrina daugiasluoksn\u012f odos dr\u0117kinim\u0105.<\/p>\n<\/li>\n<li data-start=\"2524\" data-end=\"2604\">\n<p data-start=\"2526\" data-end=\"2604\"><strong data-start=\"2526\" data-end=\"2566\">Dr\u0117kinan\u010dios ir apsaugin\u0117s med\u017eiagos<\/strong> \u2013 palaiko odos barjer\u0105 ir komfort\u0105.<\/p>\n<\/li>\n<li data-start=\"2605\" data-end=\"2666\">\n<p data-start=\"2607\" data-end=\"2666\"><strong data-start=\"2607\" data-end=\"2632\">Raminan\u010dios med\u017eiagos<\/strong> \u2013 padeda ma\u017einti odos jautrum\u0105.<\/p>\n<\/li>\n<li data-start=\"2667\" data-end=\"2740\">\n<p data-start=\"2669\" data-end=\"2740\"><strong data-start=\"2669\" data-end=\"2687\">Antioksidantai<\/strong> \u2013 padeda apsaugoti od\u0105 nuo i\u0161orini\u0173 streso veiksni\u0173.<\/p>\n<\/li>\n<\/ul>\n<p data-start=\"2742\" data-end=\"2968\">Tinka vis\u0173 tip\u0173 odai, \u012fskaitant jautri\u0105, dehidratuot\u0105, riebi\u0105 ir stresuot\u0105 od\u0105, taip pat odai su sutrikusia mikrobioma ar po agresyvi\u0173 proced\u016br\u0173. Puikiai tinka odos paruo\u0161imui prie\u0161 makia\u017e\u0105 ir makia\u017eo atgaivinimui dienos metu.<\/p>\n<p data-start=\"2970\" data-end=\"2986\"><strong data-start=\"2970\" data-end=\"2980\">T\u016bris:<\/strong> 80 ml<\/p>\n<\/div>\n","protected":false},"excerpt":{"rendered":"<p data-start=\"3166\" data-end=\"3215\">Dr\u0117kinantis pur\u0161kiklis odos mikrobiomos atk\u016brimui<\/p>\n<h2 data-start=\"3217\" data-end=\"3270\"><strong data-start=\"3217\" data-end=\"3270\">Genosys &#8211; Microbiome Energy Infusing Mist Savyb\u0117s<\/strong><\/h2>\n<p data-start=\"3272\" data-end=\"3466\">\u2714\ufe0f Intensyviai dr\u0117kina ir palaiko dr\u0117gm\u0119<br data-start=\"3312\" data-end=\"3315\" \/>\u2714\ufe0f Stiprina ir saugo odos barjer\u0105<br data-start=\"3348\" data-end=\"3351\" \/>\u2714\ufe0f Ramina ir ma\u017eina odos jautrum\u0105<br data-start=\"3384\" data-end=\"3387\" \/>\u2714\ufe0f Palaiko odos mikrobiomos balans\u0105<br data-start=\"3422\" data-end=\"3425\" \/>\u2714\ufe0f Akimirksniu atgaivina od\u0105 ir makia\u017e\u0105<\/p>\n","protected":false},"featured_media":71547,"template":"","meta":[],"pwb-brand":[1242],"product_brand":[],"product_cat":[738,746,771,740,722],"product_tag":[],"giftcard-category":[],"class_list":{"0":"post-71546","1":"product","2":"type-product","3":"status-publish","4":"has-post-thumbnail","6":"pwb-brand-genosys","7":"product_cat-drekinimas","8":"product_cat-jautriai-odai","9":"product_cat-makiazas","10":"product_cat-sausai-odai","11":"product_cat-toneriai","13":"first","14":"instock","15":"taxable","16":"shipping-taxable","17":"purchasable","18":"product-type-simple"},"acf":[],"brands":[{"id":1242,"name":"Genosys","slug":"genosys"}],"_links":{"self":[{"href":"https:\/\/skinstudio.ee\/lt\/wp-json\/wp\/v2\/product\/71546","targetHints":{"allow":["GET"]}}],"collection":[{"href":"https:\/\/skinstudio.ee\/lt\/wp-json\/wp\/v2\/product"}],"about":[{"href":"https:\/\/skinstudio.ee\/lt\/wp-json\/wp\/v2\/types\/product"}],"version-history":[{"count":1,"href":"https:\/\/skinstudio.ee\/lt\/wp-json\/wp\/v2\/product\/71546\/revisions"}],"predecessor-version":[{"id":71548,"href":"https:\/\/skinstudio.ee\/lt\/wp-json\/wp\/v2\/product\/71546\/revisions\/71548"}],"wp:featuredmedia":[{"embeddable":true,"href":"https:\/\/skinstudio.ee\/lt\/wp-json\/wp\/v2\/media\/71547"}],"wp:attachment":[{"href":"https:\/\/skinstudio.ee\/lt\/wp-json\/wp\/v2\/media?parent=71546"}],"wp:term":[{"taxonomy":"pwb-brand","embeddable":true,"href":"https:\/\/skinstudio.ee\/lt\/wp-json\/wp\/v2\/pwb-brand?post=71546"},{"taxonomy":"product_brand","embeddable":true,"href":"https:\/\/skinstudio.ee\/lt\/wp-json\/wp\/v2\/product_brand?post=71546"},{"taxonomy":"product_cat","embeddable":true,"href":"https:\/\/skinstudio.ee\/lt\/wp-json\/wp\/v2\/product_cat?post=71546"},{"taxonomy":"product_tag","embeddable":true,"href":"https:\/\/skinstudio.ee\/lt\/wp-json\/wp\/v2\/product_tag?post=71546"},{"taxonomy":"giftcard-category","embeddable":true,"href":"https:\/\/skinstudio.ee\/lt\/wp-json\/wp\/v2\/giftcard-category?post=71546"}],"curies":[{"name":"wp","href":"https:\/\/api.w.org\/{rel}","templated":true}]}}