{"id":71556,"date":"2024-10-26T11:02:38","date_gmt":"2024-10-26T11:02:38","guid":{"rendered":"https:\/\/skinstudio.ee\/?post_type=product&#038;p=71556"},"modified":"2026-01-19T15:20:24","modified_gmt":"2026-01-19T15:20:24","slug":"ultra-shield-sun-cream","status":"publish","type":"product","link":"https:\/\/skinstudio.ee\/lt\/catalog\/genosys\/ultra-shield-sun-cream\/","title":{"rendered":"Ultra Shield Sun Cream"},"content":{"rendered":"<p data-start=\"1785\" data-end=\"2063\"><strong data-start=\"1785\" data-end=\"1823\">Ultra Shield Sun Cream nuo Genosys<\/strong> \u2013 itin auk\u0161tos apsaugos kremas nuo saul\u0117s, skirtas kasdieniam naudojimui saul\u0117s poveikio metu. Pa\u017eangi formul\u0117 u\u017etikrina patikim\u0105 plataus spektro apsaug\u0105 nuo UVA ir UVB spinduli\u0173 bei padeda odai esant saul\u0117s sukeltam stresui ir sudirgimui.<\/p>\n<p data-start=\"2065\" data-end=\"2333\">Kremas padeda ma\u017einti u\u017edegim\u0105, palaiko odos atstatym\u0105 po saul\u0117s poveikio ir stiprina apsaugines odos funkcijas. Lengva, \u0161ilkin\u0117 tekst\u016bra tolygiai pasiskirsto, greitai \u012fsigeria ir nepalieka riebaus poj\u016b\u010dio, tod\u0117l tinka tiek miesto aplinkoje, tiek ilgai b\u016bnant saul\u0117je.<\/p>\n<p data-start=\"2335\" data-end=\"2369\">Pagrindin\u0117s aktyviosios med\u017eiagos:<\/p>\n<ul data-start=\"2370\" data-end=\"2735\">\n<li data-start=\"2370\" data-end=\"2434\">\n<p data-start=\"2372\" data-end=\"2434\"><strong data-start=\"2372\" data-end=\"2388\">Ceramidas NP<\/strong> \u2013 stiprina odos barjer\u0105 ir ma\u017eina jautrum\u0105.<\/p>\n<\/li>\n<li data-start=\"2435\" data-end=\"2506\">\n<p data-start=\"2437\" data-end=\"2506\"><strong data-start=\"2437\" data-end=\"2462\">Augaliniai ekstraktai<\/strong> \u2013 ramina od\u0105 ir padeda ma\u017einti sudirgim\u0105.<\/p>\n<\/li>\n<li data-start=\"2507\" data-end=\"2589\">\n<p data-start=\"2509\" data-end=\"2589\"><strong data-start=\"2509\" data-end=\"2546\">Tropinis antioksidant\u0173 kompleksas<\/strong> \u2013 padeda apsaugoti od\u0105 nuo fotosen\u0117jimo.<\/p>\n<\/li>\n<li data-start=\"2590\" data-end=\"2670\">\n<p data-start=\"2592\" data-end=\"2670\"><strong data-start=\"2592\" data-end=\"2642\">Ypa\u010d ma\u017eos molekulin\u0117s mas\u0117s hialurono r\u016bg\u0161tis<\/strong> \u2013 palaiko odos dr\u0117kinim\u0105.<\/p>\n<\/li>\n<li data-start=\"2671\" data-end=\"2735\">\n<p data-start=\"2673\" data-end=\"2735\"><strong data-start=\"2673\" data-end=\"2698\">Laktobacil\u0173 fermentas<\/strong> \u2013 skatina odos atstatym\u0105 ir apsaug\u0105.<\/p>\n<\/li>\n<\/ul>\n<p data-start=\"2737\" data-end=\"2902\">Tinka vis\u0173 tip\u0173 odai, \u012fskaitant jautri\u0105 ir \u012f sudirgim\u0105 linkusi\u0105 od\u0105, taip pat odai, patirian\u010diai saul\u0117s sukelt\u0105 stres\u0105 ir dehidratacij\u0105. Tinka kasdieniam naudojimui.<\/p>\n<p data-start=\"2904\" data-end=\"2920\"><strong data-start=\"2904\" data-end=\"2914\">T\u016bris:<\/strong> 50 ml<\/p>\n","protected":false},"excerpt":{"rendered":"<p data-start=\"3079\" data-end=\"3133\">Itin auk\u0161tos apsaugos kremas nuo saul\u0117s SPF 50+ PA++++<\/p>\n<h2 data-start=\"3135\" data-end=\"3179\"><strong data-start=\"3135\" data-end=\"3179\">Genosys &#8211; Ultra Shield Sun Cream Savyb\u0117s<\/strong><\/h2>\n<p data-start=\"3181\" data-end=\"3376\">\u2714\ufe0f U\u017etikrina plataus spektro UVA\/UVB apsaug\u0105<br data-start=\"3225\" data-end=\"3228\" \/>\u2714\ufe0f Padeda ma\u017einti u\u017edegim\u0105 ir diskomfort\u0105<br data-start=\"3269\" data-end=\"3272\" \/>\u2714\ufe0f Palaiko odos atstatym\u0105 po saul\u0117s<br data-start=\"3307\" data-end=\"3310\" \/>\u2714\ufe0f Stiprina odos apsaugin\u012f barjer\u0105<br data-start=\"3344\" data-end=\"3347\" \/>\u2714\ufe0f Lengva, neriebi tekst\u016bra<\/p>\n","protected":false},"featured_media":71557,"template":"","meta":[],"pwb-brand":[1242],"product_brand":[],"product_cat":[732],"product_tag":[],"giftcard-category":[],"class_list":{"0":"post-71556","1":"product","2":"type-product","3":"status-publish","4":"has-post-thumbnail","6":"pwb-brand-genosys","7":"product_cat-spf-apsauga","9":"first","10":"instock","11":"taxable","12":"shipping-taxable","13":"purchasable","14":"product-type-simple"},"acf":[],"brands":[{"id":1242,"name":"Genosys","slug":"genosys"}],"_links":{"self":[{"href":"https:\/\/skinstudio.ee\/lt\/wp-json\/wp\/v2\/product\/71556","targetHints":{"allow":["GET"]}}],"collection":[{"href":"https:\/\/skinstudio.ee\/lt\/wp-json\/wp\/v2\/product"}],"about":[{"href":"https:\/\/skinstudio.ee\/lt\/wp-json\/wp\/v2\/types\/product"}],"version-history":[{"count":1,"href":"https:\/\/skinstudio.ee\/lt\/wp-json\/wp\/v2\/product\/71556\/revisions"}],"predecessor-version":[{"id":71558,"href":"https:\/\/skinstudio.ee\/lt\/wp-json\/wp\/v2\/product\/71556\/revisions\/71558"}],"wp:featuredmedia":[{"embeddable":true,"href":"https:\/\/skinstudio.ee\/lt\/wp-json\/wp\/v2\/media\/71557"}],"wp:attachment":[{"href":"https:\/\/skinstudio.ee\/lt\/wp-json\/wp\/v2\/media?parent=71556"}],"wp:term":[{"taxonomy":"pwb-brand","embeddable":true,"href":"https:\/\/skinstudio.ee\/lt\/wp-json\/wp\/v2\/pwb-brand?post=71556"},{"taxonomy":"product_brand","embeddable":true,"href":"https:\/\/skinstudio.ee\/lt\/wp-json\/wp\/v2\/product_brand?post=71556"},{"taxonomy":"product_cat","embeddable":true,"href":"https:\/\/skinstudio.ee\/lt\/wp-json\/wp\/v2\/product_cat?post=71556"},{"taxonomy":"product_tag","embeddable":true,"href":"https:\/\/skinstudio.ee\/lt\/wp-json\/wp\/v2\/product_tag?post=71556"},{"taxonomy":"giftcard-category","embeddable":true,"href":"https:\/\/skinstudio.ee\/lt\/wp-json\/wp\/v2\/giftcard-category?post=71556"}],"curies":[{"name":"wp","href":"https:\/\/api.w.org\/{rel}","templated":true}]}}