{"id":71572,"date":"2023-07-18T11:41:07","date_gmt":"2023-07-18T11:41:07","guid":{"rendered":"https:\/\/skinstudio.ee\/?post_type=product&#038;p=71572"},"modified":"2026-01-19T15:20:24","modified_gmt":"2026-01-19T15:20:24","slug":"skin-caring-blemish-balm-cushion","status":"publish","type":"product","link":"https:\/\/skinstudio.ee\/lt\/catalog\/genosys\/skin-caring-blemish-balm-cushion\/","title":{"rendered":"Skin Caring Blemish Balm Cushion"},"content":{"rendered":"<p data-start=\"1779\" data-end=\"2070\"><strong data-start=\"1779\" data-end=\"1827\">Skin Caring Blemish Balm Cushion nuo Genosys<\/strong> \u2013 pri\u017ei\u016brintis BB ku\u0161onas su tonizuojan\u010diu poveikiu ir auk\u0161ta apsauga nuo saul\u0117s SPF 50 \/ PA++++. Priemon\u0117 sujungia odos prie\u017ei\u016br\u0105, makia\u017e\u0105 ir UV apsaug\u0105, padeda suvienodinti odos ton\u0105, pasl\u0117pti netobulumus ir sukurti nat\u016bral\u0173, gaiv\u0173 \u012fvaizd\u012f.<\/p>\n<p data-start=\"2072\" data-end=\"2335\">Formul\u0117 net 60 % sudaro dr\u0117kinamoji esencija, kuri padeda palaikyti odos komfort\u0105 vis\u0105 dien\u0105 ir ma\u017eina transepidermin\u012f vandens praradim\u0105. BB ku\u0161onas pasi\u017eymi antibakteriniu poveikiu, ramina od\u0105 ir suteikia pri\u017ei\u016br\u0117t\u0105 i\u0161vaizd\u0105 be sunkios makia\u017eo tekst\u016bros poj\u016b\u010dio.<\/p>\n<p data-start=\"2337\" data-end=\"2371\">Pagrindin\u0117s aktyviosios med\u017eiagos:<\/p>\n<ul data-start=\"2372\" data-end=\"2752\">\n<li data-start=\"2372\" data-end=\"2443\">\n<p data-start=\"2374\" data-end=\"2443\"><strong data-start=\"2374\" data-end=\"2398\">9 peptid\u0173 kompleksas<\/strong> \u2013 palaiko odos stangrum\u0105 ir atsinaujinim\u0105.<\/p>\n<\/li>\n<li data-start=\"2444\" data-end=\"2524\">\n<p data-start=\"2446\" data-end=\"2524\"><strong data-start=\"2446\" data-end=\"2481\">Volufiline\u2122 anti-age kompleksas<\/strong> \u2013 padeda didinti dermos tank\u012f ir apimt\u012f.<\/p>\n<\/li>\n<li data-start=\"2525\" data-end=\"2594\">\n<p data-start=\"2527\" data-end=\"2594\"><strong data-start=\"2527\" data-end=\"2551\">Dr\u0117kinamoji esencija<\/strong> \u2013 palaiko optimal\u0173 odos dr\u0117gm\u0117s balans\u0105.<\/p>\n<\/li>\n<li data-start=\"2595\" data-end=\"2667\">\n<p data-start=\"2597\" data-end=\"2667\"><strong data-start=\"2597\" data-end=\"2627\">Regeneruojan\u010dios med\u017eiagos<\/strong> \u2013 skatina odos atsistatym\u0105 po streso.<\/p>\n<\/li>\n<li data-start=\"2668\" data-end=\"2752\">\n<p data-start=\"2670\" data-end=\"2752\"><strong data-start=\"2670\" data-end=\"2694\">Apsaugin\u0117s med\u017eiagos<\/strong> \u2013 padeda suma\u017einti dr\u0117gm\u0117s praradim\u0105 ir stiprina barjer\u0105.<\/p>\n<\/li>\n<\/ul>\n<p data-start=\"2754\" data-end=\"2917\">Tinka vis\u0173 tip\u0173 odai, \u012fskaitant jautri\u0105 od\u0105 ir od\u0105 po traumuojan\u010di\u0173 kosmetini\u0173 proced\u016br\u0173, taip pat odai su paraudimais, netolygiu tonu ir dehidratacijos po\u017eymiais.<\/p>\n<p data-start=\"2919\" data-end=\"2964\"><strong data-start=\"2919\" data-end=\"2929\">T\u016bris:<\/strong> produktas + papildymas 15 g<\/p>\n","protected":false},"excerpt":{"rendered":"<p data-start=\"3123\" data-end=\"3172\">Pri\u017ei\u016brintis BB ku\u0161onas su tonizuojan\u010diu poveikiu<\/p>\n<h2 data-start=\"3174\" data-end=\"3228\"><strong data-start=\"3174\" data-end=\"3228\">Genosys &#8211; Skin Caring Blemish Balm Cushion Savyb\u0117s<\/strong><\/h2>\n<p data-start=\"3230\" data-end=\"3426\">\u2714\ufe0f Sujungia prie\u017ei\u016br\u0105, makia\u017e\u0105 ir SPF<br data-start=\"3267\" data-end=\"3270\" \/>\u2714\ufe0f Sulygina odos ton\u0105 ir maskuoja netobulumus<br data-start=\"3315\" data-end=\"3318\" \/>\u2714\ufe0f Intensyviai dr\u0117kina ir pri\u017ei\u016bri od\u0105<br data-start=\"3356\" data-end=\"3359\" \/>\u2714\ufe0f Tinka naudoti po proced\u016br\u0173<br data-start=\"3388\" data-end=\"3391\" \/>\u2714\ufe0f Ramina od\u0105 ir ma\u017eina paraudim\u0105<\/p>\n","protected":false},"featured_media":71574,"template":"","meta":[],"pwb-brand":[1242],"product_brand":[],"product_cat":[738,771,732],"product_tag":[],"giftcard-category":[],"class_list":{"0":"post-71572","1":"product","2":"type-product","3":"status-publish","4":"has-post-thumbnail","6":"pwb-brand-genosys","7":"product_cat-drekinimas","8":"product_cat-makiazas","9":"product_cat-spf-apsauga","10":"pa_suurus-beige-lt","11":"pa_suurus-camel-lt","12":"pa_suurus-ivory-lt","14":"first","15":"instock","16":"taxable","17":"shipping-taxable","18":"purchasable","19":"product-type-variable"},"acf":[],"brands":[{"id":1242,"name":"Genosys","slug":"genosys"}],"_links":{"self":[{"href":"https:\/\/skinstudio.ee\/lt\/wp-json\/wp\/v2\/product\/71572","targetHints":{"allow":["GET"]}}],"collection":[{"href":"https:\/\/skinstudio.ee\/lt\/wp-json\/wp\/v2\/product"}],"about":[{"href":"https:\/\/skinstudio.ee\/lt\/wp-json\/wp\/v2\/types\/product"}],"version-history":[{"count":1,"href":"https:\/\/skinstudio.ee\/lt\/wp-json\/wp\/v2\/product\/71572\/revisions"}],"predecessor-version":[{"id":71578,"href":"https:\/\/skinstudio.ee\/lt\/wp-json\/wp\/v2\/product\/71572\/revisions\/71578"}],"wp:featuredmedia":[{"embeddable":true,"href":"https:\/\/skinstudio.ee\/lt\/wp-json\/wp\/v2\/media\/71574"}],"wp:attachment":[{"href":"https:\/\/skinstudio.ee\/lt\/wp-json\/wp\/v2\/media?parent=71572"}],"wp:term":[{"taxonomy":"pwb-brand","embeddable":true,"href":"https:\/\/skinstudio.ee\/lt\/wp-json\/wp\/v2\/pwb-brand?post=71572"},{"taxonomy":"product_brand","embeddable":true,"href":"https:\/\/skinstudio.ee\/lt\/wp-json\/wp\/v2\/product_brand?post=71572"},{"taxonomy":"product_cat","embeddable":true,"href":"https:\/\/skinstudio.ee\/lt\/wp-json\/wp\/v2\/product_cat?post=71572"},{"taxonomy":"product_tag","embeddable":true,"href":"https:\/\/skinstudio.ee\/lt\/wp-json\/wp\/v2\/product_tag?post=71572"},{"taxonomy":"giftcard-category","embeddable":true,"href":"https:\/\/skinstudio.ee\/lt\/wp-json\/wp\/v2\/giftcard-category?post=71572"}],"curies":[{"name":"wp","href":"https:\/\/api.w.org\/{rel}","templated":true}]}}