{"id":71585,"date":"2023-05-24T17:57:18","date_gmt":"2023-05-24T17:57:18","guid":{"rendered":"https:\/\/skinstudio.ee\/?post_type=product&#038;p=71585"},"modified":"2026-01-19T15:20:24","modified_gmt":"2026-01-19T15:20:24","slug":"soothing-bomb-sea-aglae-mask","status":"publish","type":"product","link":"https:\/\/skinstudio.ee\/lt\/catalog\/genosys\/soothing-bomb-sea-aglae-mask\/","title":{"rendered":"Soothing Bomb Sea Aglae Mask"},"content":{"rendered":"<p data-start=\"1757\" data-end=\"2028\"><strong data-start=\"1757\" data-end=\"1801\">Soothing Bomb Sea Aglae Mask nuo Genosys<\/strong> \u2013 audinio veido kauk\u0117 su j\u016bros dumbliais, skirta greitam odos atstatymui, intensyviam dr\u0117kinimui ir raminan\u010diai prie\u017ei\u016brai. Formul\u0117 padeda atkurti dr\u0117gm\u0117s balans\u0105, suma\u017einti paraudim\u0105 ir suteikti odai gaiv\u0173, pails\u0117jus\u012f vaizd\u0105.<\/p>\n<p data-start=\"2030\" data-end=\"2244\">Kauk\u0117 glaud\u017eiai priglunda prie odos, neslysta ir nesukelia diskomforto, tod\u0117l j\u0105 patogu naudoti bet kuriuo metu. Ji palaiko odos detoksikacij\u0105, stiprina apsaugines funkcijas ir gerina bendr\u0105 odos ton\u0105 bei tekst\u016br\u0105.<\/p>\n<p data-start=\"2246\" data-end=\"2280\">Pagrindin\u0117s aktyviosios med\u017eiagos:<\/p>\n<ul data-start=\"2281\" data-end=\"2614\">\n<li data-start=\"2281\" data-end=\"2351\">\n<p data-start=\"2283\" data-end=\"2351\"><strong data-start=\"2283\" data-end=\"2311\">J\u016bros dumbli\u0173 ekstraktas<\/strong> \u2013 prisotina od\u0105 dr\u0117gme ir mineralais.<\/p>\n<\/li>\n<li data-start=\"2352\" data-end=\"2422\">\n<p data-start=\"2354\" data-end=\"2422\"><strong data-start=\"2354\" data-end=\"2381\">Jania Rubens ekstraktas<\/strong> \u2013 palaiko odos dr\u0117kinim\u0105 ir maitinim\u0105.<\/p>\n<\/li>\n<li data-start=\"2423\" data-end=\"2496\">\n<p data-start=\"2425\" data-end=\"2496\"><strong data-start=\"2425\" data-end=\"2459\">Undaria Pinnatifida ekstraktas<\/strong> \u2013 suteikia antioksidacin\u0119 apsaug\u0105.<\/p>\n<\/li>\n<li data-start=\"2497\" data-end=\"2559\">\n<p data-start=\"2499\" data-end=\"2559\"><strong data-start=\"2499\" data-end=\"2524\">Augaliniai ekstraktai<\/strong> \u2013 padeda raminti ir atkurti od\u0105.<\/p>\n<\/li>\n<li data-start=\"2560\" data-end=\"2614\">\n<p data-start=\"2562\" data-end=\"2614\"><strong data-start=\"2562\" data-end=\"2589\">Dr\u0117kinamasis kompleksas<\/strong> \u2013 palaiko odos komfort\u0105.<\/p>\n<\/li>\n<\/ul>\n<p data-start=\"2616\" data-end=\"2825\">Tinka vis\u0173 tip\u0173 odai, \u012fskaitant jautri\u0105, dehidratuot\u0105 ir stresuot\u0105 od\u0105, taip pat odai, linkusiai \u012f paraudim\u0105 ir nuovargio po\u017eymius. Puikiai tinka kaip greito poveikio priemon\u0117 arba intensyvi naktin\u0117 prie\u017ei\u016bra.<\/p>\n<p data-start=\"2827\" data-end=\"2845\"><strong data-start=\"2827\" data-end=\"2837\">T\u016bris:<\/strong> 1 kauk\u0117<\/p>\n","protected":false},"excerpt":{"rendered":"<p data-start=\"3179\" data-end=\"3211\">Audinio kauk\u0117 su j\u016bros dumbliais<\/p>\n<h2 data-start=\"3213\" data-end=\"3263\"><strong data-start=\"3213\" data-end=\"3263\">Genosys &#8211; Soothing Bomb Sea Aglae Mask Savyb\u0117s<\/strong><\/h2>\n<p data-start=\"3265\" data-end=\"3473\">\u2714\ufe0f Intensyviai dr\u0117kina ir atkuria od\u0105<br data-start=\"3302\" data-end=\"3305\" \/>\u2714\ufe0f Ma\u017eina paraudim\u0105 ir sudirgimo po\u017eymius<br data-start=\"3346\" data-end=\"3349\" \/>\u2714\ufe0f Suteikia odai antioksidacin\u0119 apsaug\u0105<br data-start=\"3388\" data-end=\"3391\" \/>\u2714\ufe0f Skatina odos detoksikacij\u0105 ir valym\u0105<br data-start=\"3430\" data-end=\"3433\" \/>\u2714\ufe0f Atgaivina ir pagerina odos i\u0161vaizd\u0105<\/p>\n","protected":false},"featured_media":71586,"template":"","meta":[],"pwb-brand":[1242],"product_brand":[],"product_cat":[742,738,746,726,740,750,748],"product_tag":[],"giftcard-category":[],"class_list":{"0":"post-71585","1":"product","2":"type-product","3":"status-publish","4":"has-post-thumbnail","6":"pwb-brand-genosys","7":"product_cat-berimai","8":"product_cat-drekinimas","9":"product_cat-jautriai-odai","10":"product_cat-maskas-lt","11":"product_cat-sausai-odai","12":"product_cat-senstanti-oda","13":"product_cat-taukainai-adai-lt","15":"first","16":"instock","17":"taxable","18":"shipping-taxable","19":"purchasable","20":"product-type-simple"},"acf":[],"brands":[{"id":1242,"name":"Genosys","slug":"genosys"}],"_links":{"self":[{"href":"https:\/\/skinstudio.ee\/lt\/wp-json\/wp\/v2\/product\/71585","targetHints":{"allow":["GET"]}}],"collection":[{"href":"https:\/\/skinstudio.ee\/lt\/wp-json\/wp\/v2\/product"}],"about":[{"href":"https:\/\/skinstudio.ee\/lt\/wp-json\/wp\/v2\/types\/product"}],"version-history":[{"count":1,"href":"https:\/\/skinstudio.ee\/lt\/wp-json\/wp\/v2\/product\/71585\/revisions"}],"predecessor-version":[{"id":71587,"href":"https:\/\/skinstudio.ee\/lt\/wp-json\/wp\/v2\/product\/71585\/revisions\/71587"}],"wp:featuredmedia":[{"embeddable":true,"href":"https:\/\/skinstudio.ee\/lt\/wp-json\/wp\/v2\/media\/71586"}],"wp:attachment":[{"href":"https:\/\/skinstudio.ee\/lt\/wp-json\/wp\/v2\/media?parent=71585"}],"wp:term":[{"taxonomy":"pwb-brand","embeddable":true,"href":"https:\/\/skinstudio.ee\/lt\/wp-json\/wp\/v2\/pwb-brand?post=71585"},{"taxonomy":"product_brand","embeddable":true,"href":"https:\/\/skinstudio.ee\/lt\/wp-json\/wp\/v2\/product_brand?post=71585"},{"taxonomy":"product_cat","embeddable":true,"href":"https:\/\/skinstudio.ee\/lt\/wp-json\/wp\/v2\/product_cat?post=71585"},{"taxonomy":"product_tag","embeddable":true,"href":"https:\/\/skinstudio.ee\/lt\/wp-json\/wp\/v2\/product_tag?post=71585"},{"taxonomy":"giftcard-category","embeddable":true,"href":"https:\/\/skinstudio.ee\/lt\/wp-json\/wp\/v2\/giftcard-category?post=71585"}],"curies":[{"name":"wp","href":"https:\/\/api.w.org\/{rel}","templated":true}]}}