{"id":71601,"date":"2023-05-24T17:56:20","date_gmt":"2023-05-24T17:56:20","guid":{"rendered":"https:\/\/skinstudio.ee\/?post_type=product&#038;p=71601"},"modified":"2026-01-19T15:20:25","modified_gmt":"2026-01-19T15:20:25","slug":"eye-contour-cream-10-years-back","status":"publish","type":"product","link":"https:\/\/skinstudio.ee\/lt\/catalog\/genosys\/eye-contour-cream-10-years-back\/","title":{"rendered":"Eye Contour Cream 10 Years Back"},"content":{"rendered":"<p data-start=\"1569\" data-end=\"1841\"><strong data-start=\"1569\" data-end=\"1616\">Eye Contour Cream 10 Years Back nuo Genosys<\/strong> \u2013 intensyvus paaki\u0173 kremas, skirtas \u0161velnios odos aplink akis prie\u017ei\u016brai ir ankstyv\u0173 sen\u0117jimo po\u017eymi\u0173 ma\u017einimui. Formul\u0117 padeda palaikyti optimal\u0173 dr\u0117gm\u0117s lyg\u012f, gerina odos i\u0161vaizd\u0105 ir ma\u017eina nuovargio po\u017eymius aki\u0173 srityje.<\/p>\n<p data-start=\"1843\" data-end=\"2091\">Kremas padeda suma\u017einti tamsi\u0173 ratil\u0173 ir paburkimo matomum\u0105, palaiko odos tank\u012f ir elastingum\u0105, suteikdamas \u017evilgsniui gaivesn\u0119 ir pails\u0117jusi\u0105 i\u0161vaizd\u0105. Lengva tekst\u016bra tolygiai pasiskirsto ir greitai \u012fsigeria, neapsunkindama jautrios paaki\u0173 zonos.<\/p>\n<p data-start=\"2093\" data-end=\"2127\">Pagrindin\u0117s aktyviosios med\u017eiagos:<\/p>\n<ul data-start=\"2128\" data-end=\"2488\">\n<li data-start=\"2128\" data-end=\"2211\">\n<p data-start=\"2130\" data-end=\"2211\"><strong data-start=\"2130\" data-end=\"2170\">Augalin\u0117s kilm\u0117s kamienin\u0117s l\u0105stel\u0117s<\/strong> \u2013 palaiko odos atsinaujinimo procesus.<\/p>\n<\/li>\n<li data-start=\"2212\" data-end=\"2273\">\n<p data-start=\"2214\" data-end=\"2273\"><strong data-start=\"2214\" data-end=\"2229\">ES peptidai<\/strong> \u2013 padeda didinti odos stangrum\u0105 ir tank\u012f.<\/p>\n<\/li>\n<li data-start=\"2274\" data-end=\"2344\">\n<p data-start=\"2276\" data-end=\"2344\"><strong data-start=\"2276\" data-end=\"2303\">Dr\u0117kinamasis kompleksas<\/strong> \u2013 padeda i\u0161vengti odos dehidratacijos.<\/p>\n<\/li>\n<li data-start=\"2345\" data-end=\"2413\">\n<p data-start=\"2347\" data-end=\"2413\"><strong data-start=\"2347\" data-end=\"2382\">Paburkim\u0105 ma\u017einan\u010dios med\u017eiagos<\/strong> \u2013 ma\u017eina nuovargio po\u017eymius.<\/p>\n<\/li>\n<li data-start=\"2414\" data-end=\"2488\">\n<p data-start=\"2416\" data-end=\"2488\"><strong data-start=\"2416\" data-end=\"2448\">Antioksidaciniai komponentai<\/strong> \u2013 saugo od\u0105 nuo prie\u0161laikinio sen\u0117jimo.<\/p>\n<\/li>\n<\/ul>\n<p data-start=\"2490\" data-end=\"2647\">Tinka vis\u0173 tip\u0173 odai, \u012fskaitant jautri\u0105 od\u0105, taip pat odai su pirmaisiais sen\u0117jimo po\u017eymiais, tamsiais ratilais, paburkimu ir dr\u0117gm\u0117s tr\u016bkumu paaki\u0173 srityje.<\/p>\n<p data-start=\"2649\" data-end=\"2665\"><strong data-start=\"2649\" data-end=\"2659\">T\u016bris:<\/strong> 20 ml<\/p>\n","protected":false},"excerpt":{"rendered":"<p data-start=\"2796\" data-end=\"2825\">Paaki\u0173 odos prie\u017ei\u016bros kremas<\/p>\n<h2 data-start=\"2827\" data-end=\"2880\"><strong data-start=\"2827\" data-end=\"2880\">Genosys &#8211; Eye Contour Cream 10 Years Back Savyb\u0117s<\/strong><\/h2>\n<p data-start=\"2882\" data-end=\"3079\">\u2714\ufe0f Intensyviai dr\u0117kina ir maitina od\u0105<br data-start=\"2919\" data-end=\"2922\" \/>\u2714\ufe0f Ma\u017eina smulki\u0173 rauk\u0161leli\u0173 matomum\u0105<br data-start=\"2959\" data-end=\"2962\" \/>\u2714\ufe0f Silpnina tamsius ratilus ir paburkim\u0105<br data-start=\"3002\" data-end=\"3005\" \/>\u2714\ufe0f Gerina odos stangrum\u0105 ir tank\u012f<br data-start=\"3038\" data-end=\"3041\" \/>\u2714\ufe0f Gaivina ir pagerina odos i\u0161vaizd\u0105<\/p>\n","protected":false},"featured_media":61613,"template":"","meta":[],"pwb-brand":[1242],"product_brand":[],"product_cat":[738,734,750],"product_tag":[],"giftcard-category":[],"class_list":{"0":"post-71601","1":"product","2":"type-product","3":"status-publish","4":"has-post-thumbnail","6":"pwb-brand-genosys","7":"product_cat-drekinimas","8":"product_cat-oda-aplink-akis","9":"product_cat-senstanti-oda","11":"first","12":"instock","13":"taxable","14":"shipping-taxable","15":"purchasable","16":"product-type-simple"},"acf":[],"brands":[{"id":1242,"name":"Genosys","slug":"genosys"}],"_links":{"self":[{"href":"https:\/\/skinstudio.ee\/lt\/wp-json\/wp\/v2\/product\/71601","targetHints":{"allow":["GET"]}}],"collection":[{"href":"https:\/\/skinstudio.ee\/lt\/wp-json\/wp\/v2\/product"}],"about":[{"href":"https:\/\/skinstudio.ee\/lt\/wp-json\/wp\/v2\/types\/product"}],"version-history":[{"count":1,"href":"https:\/\/skinstudio.ee\/lt\/wp-json\/wp\/v2\/product\/71601\/revisions"}],"predecessor-version":[{"id":71602,"href":"https:\/\/skinstudio.ee\/lt\/wp-json\/wp\/v2\/product\/71601\/revisions\/71602"}],"wp:featuredmedia":[{"embeddable":true,"href":"https:\/\/skinstudio.ee\/lt\/wp-json\/wp\/v2\/media\/61613"}],"wp:attachment":[{"href":"https:\/\/skinstudio.ee\/lt\/wp-json\/wp\/v2\/media?parent=71601"}],"wp:term":[{"taxonomy":"pwb-brand","embeddable":true,"href":"https:\/\/skinstudio.ee\/lt\/wp-json\/wp\/v2\/pwb-brand?post=71601"},{"taxonomy":"product_brand","embeddable":true,"href":"https:\/\/skinstudio.ee\/lt\/wp-json\/wp\/v2\/product_brand?post=71601"},{"taxonomy":"product_cat","embeddable":true,"href":"https:\/\/skinstudio.ee\/lt\/wp-json\/wp\/v2\/product_cat?post=71601"},{"taxonomy":"product_tag","embeddable":true,"href":"https:\/\/skinstudio.ee\/lt\/wp-json\/wp\/v2\/product_tag?post=71601"},{"taxonomy":"giftcard-category","embeddable":true,"href":"https:\/\/skinstudio.ee\/lt\/wp-json\/wp\/v2\/giftcard-category?post=71601"}],"curies":[{"name":"wp","href":"https:\/\/api.w.org\/{rel}","templated":true}]}}