{"id":71610,"date":"2023-05-24T17:56:20","date_gmt":"2023-05-24T17:56:20","guid":{"rendered":"https:\/\/skinstudio.ee\/?post_type=product&#038;p=71610"},"modified":"2026-01-19T15:20:25","modified_gmt":"2026-01-19T15:20:25","slug":"eye-peptide-gel-patch","status":"publish","type":"product","link":"https:\/\/skinstudio.ee\/lt\/catalog\/genosys\/eye-peptide-gel-patch\/","title":{"rendered":"Eye Peptide Gel Patch"},"content":{"rendered":"<p data-start=\"1490\" data-end=\"1717\"><strong data-start=\"1490\" data-end=\"1527\">Eye Peptide Gel Patch nuo Genosys<\/strong> \u2013 peptidiniai geliniai paaki\u0173 pleistrai, skirti \u0161velnios odos aplink akis prie\u017ei\u016brai. Pusm\u0117nulio forma u\u017etikrina tvirt\u0105 prigludim\u0105 prie odos ir neleid\u017eia pleistrams nuslysti naudojimo metu.<\/p>\n<p data-start=\"1719\" data-end=\"1962\">Pleistrai padeda suma\u017einti paburkim\u0105, nuovargio po\u017eymius ir tamsius ratilus po akimis, intensyviai dr\u0117kina ir ramina od\u0105. Reguliariai naudojant, paaki\u0173 sritis atrodo gaivesn\u0117, lygesn\u0117 ir labiau pri\u017ei\u016br\u0117ta, o \u017evilgsnis \u2013 pails\u0117j\u0119s ir \u0161vytintis.<\/p>\n<p data-start=\"1964\" data-end=\"1998\">Pagrindin\u0117s aktyviosios med\u017eiagos:<\/p>\n<ul data-start=\"1999\" data-end=\"2325\">\n<li data-start=\"1999\" data-end=\"2060\">\n<p data-start=\"2001\" data-end=\"2060\"><strong data-start=\"2001\" data-end=\"2023\">Peptid\u0173 kompleksas<\/strong> \u2013 palaiko odos stangrum\u0105 ir tank\u012f.<\/p>\n<\/li>\n<li data-start=\"2061\" data-end=\"2137\">\n<p data-start=\"2063\" data-end=\"2137\"><strong data-start=\"2063\" data-end=\"2090\">Dr\u0117kinamasis kompleksas<\/strong> \u2013 prisotina od\u0105 dr\u0117gme ir saugo nuo sausumo.<\/p>\n<\/li>\n<li data-start=\"2138\" data-end=\"2201\">\n<p data-start=\"2140\" data-end=\"2201\"><strong data-start=\"2140\" data-end=\"2165\">Raminan\u010dios med\u017eiagos<\/strong> \u2013 ma\u017eina jautrum\u0105 ir diskomfort\u0105.<\/p>\n<\/li>\n<li data-start=\"2202\" data-end=\"2271\">\n<p data-start=\"2204\" data-end=\"2271\"><strong data-start=\"2204\" data-end=\"2240\">Paburkim\u0105 ma\u017einantys komponentai<\/strong> \u2013 padeda suma\u017einti patinim\u0105.<\/p>\n<\/li>\n<li data-start=\"2272\" data-end=\"2325\">\n<p data-start=\"2274\" data-end=\"2325\"><strong data-start=\"2274\" data-end=\"2301\">Gaivinantys komponentai<\/strong> \u2013 gerina odos i\u0161vaizd\u0105.<\/p>\n<\/li>\n<\/ul>\n<p data-start=\"2327\" data-end=\"2485\">Tinka vis\u0173 tip\u0173 odai, \u012fskaitant jautri\u0105 od\u0105, taip pat odai su tamsiais ratilais, paburkimu ir nuovargio po\u017eymiais paaki\u0173 srityje. Tinka kasdieniam naudojimui.<\/p>\n<p data-start=\"2487\" data-end=\"2509\"><strong data-start=\"2487\" data-end=\"2497\">T\u016bris:<\/strong> 60 pleistr\u0173<\/p>\n","protected":false},"excerpt":{"rendered":"<p data-start=\"2615\" data-end=\"2663\">Peptidiniai geliniai pleistrai paaki\u0173 prie\u017ei\u016brai<\/p>\n<h2 data-start=\"2665\" data-end=\"2708\"><strong data-start=\"2665\" data-end=\"2708\">Genosys &#8211; Eye Peptide Gel Patch Savyb\u0117s<\/strong><\/h2>\n<p data-start=\"2710\" data-end=\"2909\">\u2714\ufe0f Intensyviai dr\u0117kina ir mink\u0161tina od\u0105<br data-start=\"2749\" data-end=\"2752\" \/>\u2714\ufe0f Ma\u017eina paburkim\u0105 ir nuovargio po\u017eymius<br data-start=\"2793\" data-end=\"2796\" \/>\u2714\ufe0f Ramina ir gerina odos komfort\u0105<br data-start=\"2829\" data-end=\"2832\" \/>\u2714\ufe0f Gaivina ir pagerina odos i\u0161vaizd\u0105<br data-start=\"2868\" data-end=\"2871\" \/>\u2714\ufe0f Tinka kasdienei paaki\u0173 prie\u017ei\u016brai<\/p>\n","protected":false},"featured_media":61577,"template":"","meta":[],"pwb-brand":[1242],"product_brand":[],"product_cat":[738,726,734,750],"product_tag":[],"giftcard-category":[],"class_list":{"0":"post-71610","1":"product","2":"type-product","3":"status-publish","4":"has-post-thumbnail","6":"pwb-brand-genosys","7":"product_cat-drekinimas","8":"product_cat-maskas-lt","9":"product_cat-oda-aplink-akis","10":"product_cat-senstanti-oda","12":"first","13":"instock","14":"taxable","15":"shipping-taxable","16":"purchasable","17":"product-type-simple"},"acf":[],"brands":[{"id":1242,"name":"Genosys","slug":"genosys"}],"_links":{"self":[{"href":"https:\/\/skinstudio.ee\/lt\/wp-json\/wp\/v2\/product\/71610","targetHints":{"allow":["GET"]}}],"collection":[{"href":"https:\/\/skinstudio.ee\/lt\/wp-json\/wp\/v2\/product"}],"about":[{"href":"https:\/\/skinstudio.ee\/lt\/wp-json\/wp\/v2\/types\/product"}],"version-history":[{"count":1,"href":"https:\/\/skinstudio.ee\/lt\/wp-json\/wp\/v2\/product\/71610\/revisions"}],"predecessor-version":[{"id":71611,"href":"https:\/\/skinstudio.ee\/lt\/wp-json\/wp\/v2\/product\/71610\/revisions\/71611"}],"wp:featuredmedia":[{"embeddable":true,"href":"https:\/\/skinstudio.ee\/lt\/wp-json\/wp\/v2\/media\/61577"}],"wp:attachment":[{"href":"https:\/\/skinstudio.ee\/lt\/wp-json\/wp\/v2\/media?parent=71610"}],"wp:term":[{"taxonomy":"pwb-brand","embeddable":true,"href":"https:\/\/skinstudio.ee\/lt\/wp-json\/wp\/v2\/pwb-brand?post=71610"},{"taxonomy":"product_brand","embeddable":true,"href":"https:\/\/skinstudio.ee\/lt\/wp-json\/wp\/v2\/product_brand?post=71610"},{"taxonomy":"product_cat","embeddable":true,"href":"https:\/\/skinstudio.ee\/lt\/wp-json\/wp\/v2\/product_cat?post=71610"},{"taxonomy":"product_tag","embeddable":true,"href":"https:\/\/skinstudio.ee\/lt\/wp-json\/wp\/v2\/product_tag?post=71610"},{"taxonomy":"giftcard-category","embeddable":true,"href":"https:\/\/skinstudio.ee\/lt\/wp-json\/wp\/v2\/giftcard-category?post=71610"}],"curies":[{"name":"wp","href":"https:\/\/api.w.org\/{rel}","templated":true}]}}