{"id":71618,"date":"2023-05-24T17:56:20","date_gmt":"2023-05-24T17:56:20","guid":{"rendered":"https:\/\/skinstudio.ee\/?post_type=product&#038;p=71618"},"modified":"2026-01-19T15:20:25","modified_gmt":"2026-01-19T15:20:25","slug":"intensive-repair-collagen-mask","status":"publish","type":"product","link":"https:\/\/skinstudio.ee\/lt\/catalog\/genosys\/intensive-repair-collagen-mask\/","title":{"rendered":"Intensive Repair Collagen Mask"},"content":{"rendered":"<p data-start=\"1688\" data-end=\"1939\"><strong data-start=\"1688\" data-end=\"1734\">Intensive Repair Collagen Mask nuo Genosys<\/strong> \u2013 kolageno audinio veido kauk\u0117, skirta greitam odos atstatymui, dr\u0117kinimui ir matomam i\u0161vaizdos pagerinimui. Kauk\u0117 padeda atkurti odos gaivum\u0105 ir \u0161vyt\u0117jim\u0105, suteikdama jai glotnumo jau po vieno naudojimo.<\/p>\n<p data-start=\"1941\" data-end=\"2172\">Kolagenu ir maitinamosiomis med\u017eiagomis praturtinta formul\u0117 palaiko odos stangrum\u0105, gerina tekst\u016br\u0105 ir komfort\u0105. Kauk\u0117 glaud\u017eiai priglunda prie odos, neslysta ir tinka tiek greitai prie\u017ei\u016brai, tiek intensyviam naktiniam atstatymui.<\/p>\n<p data-start=\"2174\" data-end=\"2208\">Pagrindin\u0117s aktyviosios med\u017eiagos:<\/p>\n<ul data-start=\"2209\" data-end=\"2508\">\n<li data-start=\"2209\" data-end=\"2261\">\n<p data-start=\"2211\" data-end=\"2261\"><strong data-start=\"2211\" data-end=\"2224\">Kolagenas<\/strong> \u2013 palaiko odos stangrum\u0105 ir tank\u012f.<\/p>\n<\/li>\n<li data-start=\"2262\" data-end=\"2331\">\n<p data-start=\"2264\" data-end=\"2331\"><strong data-start=\"2264\" data-end=\"2291\">Maitinamasis kompleksas<\/strong> \u2013 apr\u016bpina od\u0105 b\u016btinomis med\u017eiagomis.<\/p>\n<\/li>\n<li data-start=\"2332\" data-end=\"2391\">\n<p data-start=\"2334\" data-end=\"2391\"><strong data-start=\"2334\" data-end=\"2359\">Augaliniai ekstraktai<\/strong> \u2013 skatina odos atsinaujinim\u0105.<\/p>\n<\/li>\n<li data-start=\"2392\" data-end=\"2459\">\n<p data-start=\"2394\" data-end=\"2459\"><strong data-start=\"2394\" data-end=\"2421\">Dr\u0117kinantys komponentai<\/strong> \u2013 palaiko optimal\u0173 dr\u0117gm\u0117s balans\u0105.<\/p>\n<\/li>\n<li data-start=\"2460\" data-end=\"2508\">\n<p data-start=\"2462\" data-end=\"2508\"><strong data-start=\"2462\" data-end=\"2480\">Mikroelementai<\/strong> \u2013 gerina bendr\u0105 odos b\u016bkl\u0119.<\/p>\n<\/li>\n<\/ul>\n<p data-start=\"2510\" data-end=\"2671\">Tinka vis\u0173 tip\u0173 odai, \u012fskaitant papilk\u0117jusi\u0105, dehidratuot\u0105 od\u0105 ir od\u0105 su pirmaisiais sen\u0117jimo po\u017eymiais. Puikiai tinka makia\u017eo paruo\u0161imui ir anti-age prie\u017ei\u016brai.<\/p>\n<p data-start=\"2673\" data-end=\"2691\"><strong data-start=\"2673\" data-end=\"2683\">T\u016bris:<\/strong> 1 kauk\u0117<\/p>\n","protected":false},"excerpt":{"rendered":"<p data-start=\"2977\" data-end=\"3023\">Intensyviai atkuriamoji kolageno audinio kauk\u0117<\/p>\n<h2 data-start=\"3025\" data-end=\"3077\"><strong data-start=\"3025\" data-end=\"3077\">Genosys &#8211; Intensive Repair Collagen Mask Savyb\u0117s<\/strong><\/h2>\n<p data-start=\"3079\" data-end=\"3259\">\u2714\ufe0f Intensyviai dr\u0117kina ir atkuria od\u0105<br data-start=\"3116\" data-end=\"3119\" \/>\u2714\ufe0f Palaiko odos stangrum\u0105 ir tank\u012f<br data-start=\"3153\" data-end=\"3156\" \/>\u2714\ufe0f Suteikia matom\u0105 anti-age poveik\u012f<br data-start=\"3191\" data-end=\"3194\" \/>\u2714\ufe0f Didina odos \u0161vyt\u0117jim\u0105 ir glotnum\u0105<br data-start=\"3230\" data-end=\"3233\" \/>\u2714\ufe0f Paruo\u0161ia od\u0105 makia\u017eui<\/p>\n","protected":false},"featured_media":61603,"template":"","meta":[],"pwb-brand":[1242],"product_brand":[],"product_cat":[738,746,726,740,750,748],"product_tag":[],"giftcard-category":[],"class_list":{"0":"post-71618","1":"product","2":"type-product","3":"status-publish","4":"has-post-thumbnail","6":"pwb-brand-genosys","7":"product_cat-drekinimas","8":"product_cat-jautriai-odai","9":"product_cat-maskas-lt","10":"product_cat-sausai-odai","11":"product_cat-senstanti-oda","12":"product_cat-taukainai-adai-lt","14":"first","15":"instock","16":"taxable","17":"shipping-taxable","18":"purchasable","19":"product-type-simple"},"acf":[],"brands":[{"id":1242,"name":"Genosys","slug":"genosys"}],"_links":{"self":[{"href":"https:\/\/skinstudio.ee\/lt\/wp-json\/wp\/v2\/product\/71618","targetHints":{"allow":["GET"]}}],"collection":[{"href":"https:\/\/skinstudio.ee\/lt\/wp-json\/wp\/v2\/product"}],"about":[{"href":"https:\/\/skinstudio.ee\/lt\/wp-json\/wp\/v2\/types\/product"}],"version-history":[{"count":1,"href":"https:\/\/skinstudio.ee\/lt\/wp-json\/wp\/v2\/product\/71618\/revisions"}],"predecessor-version":[{"id":71619,"href":"https:\/\/skinstudio.ee\/lt\/wp-json\/wp\/v2\/product\/71618\/revisions\/71619"}],"wp:featuredmedia":[{"embeddable":true,"href":"https:\/\/skinstudio.ee\/lt\/wp-json\/wp\/v2\/media\/61603"}],"wp:attachment":[{"href":"https:\/\/skinstudio.ee\/lt\/wp-json\/wp\/v2\/media?parent=71618"}],"wp:term":[{"taxonomy":"pwb-brand","embeddable":true,"href":"https:\/\/skinstudio.ee\/lt\/wp-json\/wp\/v2\/pwb-brand?post=71618"},{"taxonomy":"product_brand","embeddable":true,"href":"https:\/\/skinstudio.ee\/lt\/wp-json\/wp\/v2\/product_brand?post=71618"},{"taxonomy":"product_cat","embeddable":true,"href":"https:\/\/skinstudio.ee\/lt\/wp-json\/wp\/v2\/product_cat?post=71618"},{"taxonomy":"product_tag","embeddable":true,"href":"https:\/\/skinstudio.ee\/lt\/wp-json\/wp\/v2\/product_tag?post=71618"},{"taxonomy":"giftcard-category","embeddable":true,"href":"https:\/\/skinstudio.ee\/lt\/wp-json\/wp\/v2\/giftcard-category?post=71618"}],"curies":[{"name":"wp","href":"https:\/\/api.w.org\/{rel}","templated":true}]}}