{"id":71625,"date":"2023-05-24T17:56:20","date_gmt":"2023-05-24T17:56:20","guid":{"rendered":"https:\/\/skinstudio.ee\/?post_type=product&#038;p=71625"},"modified":"2026-01-19T15:20:25","modified_gmt":"2026-01-19T15:20:25","slug":"peptide-gel-mask","status":"publish","type":"product","link":"https:\/\/skinstudio.ee\/lt\/catalog\/genosys\/peptide-gel-mask\/","title":{"rendered":"Peptide Gel Mask"},"content":{"rendered":"<p data-start=\"1589\" data-end=\"1843\"><strong data-start=\"1589\" data-end=\"1621\">Peptide Gel Mask nuo Genosys<\/strong> \u2013 peptidin\u0117 hidrogelin\u0117 veido kauk\u0117, skirta intensyviam odos atstatymui ir giliam dr\u0117kinimui. D\u0117l itin hidratuotos PHG med\u017eiagos kauk\u0117 u\u017etikrina veiksmingesn\u012f aktyvi\u0173j\u0173 med\u017eiag\u0173 poveik\u012f nei tradicin\u0117s hidrogelin\u0117s kauk\u0117s.<\/p>\n<p data-start=\"1845\" data-end=\"2036\">Kauk\u0117 padeda greitai atkurti odos dr\u0117gm\u0117s lyg\u012f, ramina od\u0105 ir ma\u017eina diskomfort\u0105. Ji pasi\u017eymi ry\u0161kiu v\u0117sinan\u010diu poveikiu, gerina bendr\u0105 odos b\u016bkl\u0119 ir tinka padid\u0117jusio jautrumo laikotarpiais.<\/p>\n<p data-start=\"2038\" data-end=\"2072\">Pagrindin\u0117s aktyviosios med\u017eiagos:<\/p>\n<ul data-start=\"2073\" data-end=\"2414\">\n<li data-start=\"2073\" data-end=\"2142\">\n<p data-start=\"2075\" data-end=\"2142\"><strong data-start=\"2075\" data-end=\"2097\">Peptid\u0173 kompleksas<\/strong> \u2013 palaiko odos atsinaujinim\u0105 ir stangrum\u0105.<\/p>\n<\/li>\n<li data-start=\"2143\" data-end=\"2217\">\n<p data-start=\"2145\" data-end=\"2217\"><strong data-start=\"2145\" data-end=\"2175\">Itin hidratuotas PHG gelis<\/strong> \u2013 suteikia gil\u0173 ir ilgalaik\u012f dr\u0117kinim\u0105.<\/p>\n<\/li>\n<li data-start=\"2218\" data-end=\"2273\">\n<p data-start=\"2220\" data-end=\"2273\"><strong data-start=\"2220\" data-end=\"2245\">Raminan\u010dios med\u017eiagos<\/strong> \u2013 ma\u017eina odos reaktyvum\u0105.<\/p>\n<\/li>\n<li data-start=\"2274\" data-end=\"2343\">\n<p data-start=\"2276\" data-end=\"2343\"><strong data-start=\"2276\" data-end=\"2301\">V\u0117sinan\u010dios med\u017eiagos<\/strong> \u2013 ma\u017eina kar\u0161\u010dio poj\u016bt\u012f ir diskomfort\u0105.<\/p>\n<\/li>\n<li data-start=\"2344\" data-end=\"2414\">\n<p data-start=\"2346\" data-end=\"2414\"><strong data-start=\"2346\" data-end=\"2373\">Dr\u0117kinamasis kompleksas<\/strong> \u2013 palaiko optimal\u0173 odos dr\u0117gm\u0117s balans\u0105.<\/p>\n<\/li>\n<\/ul>\n<p data-start=\"2416\" data-end=\"2590\">Tinka vis\u0173 tip\u0173 odai, \u012fskaitant jautri\u0105 ir stresuot\u0105 od\u0105, taip pat odai po estetini\u0173 ir lazerini\u0173 proced\u016br\u0173. Rekomenduojama odos atstatymui, dr\u0117kinimui ir komforto didinimui.<\/p>\n<p data-start=\"2592\" data-end=\"2610\"><strong data-start=\"2592\" data-end=\"2602\">T\u016bris:<\/strong> 1 kauk\u0117<\/p>\n","protected":false},"excerpt":{"rendered":"<p data-start=\"2774\" data-end=\"2807\">Peptidin\u0117 hidrogelin\u0117 veido kauk\u0117<\/p>\n<h2 data-start=\"2809\" data-end=\"2847\"><strong data-start=\"2809\" data-end=\"2847\">Genosys &#8211; Peptide Gel Mask Savyb\u0117s<\/strong><\/h2>\n<p data-start=\"2849\" data-end=\"3019\">\u2714\ufe0f Intensyviai dr\u0117kina ir atkuria od\u0105<br data-start=\"2886\" data-end=\"2889\" \/>\u2714\ufe0f Ramina ir ma\u017eina odos reaktyvum\u0105<br data-start=\"2924\" data-end=\"2927\" \/>\u2714\ufe0f Suteikia ry\u0161k\u0173 v\u0117sinant\u012f poveik\u012f<br data-start=\"2962\" data-end=\"2965\" \/>\u2714\ufe0f Palaiko od\u0105 po proced\u016br\u0173<br data-start=\"2992\" data-end=\"2995\" \/>\u2714\ufe0f Tinka jautriai odai<\/p>\n","protected":false},"featured_media":61557,"template":"","meta":[],"pwb-brand":[1242],"product_brand":[],"product_cat":[738,746,726,740,750],"product_tag":[],"giftcard-category":[],"class_list":{"0":"post-71625","1":"product","2":"type-product","3":"status-publish","4":"has-post-thumbnail","6":"pwb-brand-genosys","7":"product_cat-drekinimas","8":"product_cat-jautriai-odai","9":"product_cat-maskas-lt","10":"product_cat-sausai-odai","11":"product_cat-senstanti-oda","13":"first","14":"instock","15":"taxable","16":"shipping-taxable","17":"purchasable","18":"product-type-simple"},"acf":[],"brands":[{"id":1242,"name":"Genosys","slug":"genosys"}],"_links":{"self":[{"href":"https:\/\/skinstudio.ee\/lt\/wp-json\/wp\/v2\/product\/71625","targetHints":{"allow":["GET"]}}],"collection":[{"href":"https:\/\/skinstudio.ee\/lt\/wp-json\/wp\/v2\/product"}],"about":[{"href":"https:\/\/skinstudio.ee\/lt\/wp-json\/wp\/v2\/types\/product"}],"version-history":[{"count":1,"href":"https:\/\/skinstudio.ee\/lt\/wp-json\/wp\/v2\/product\/71625\/revisions"}],"predecessor-version":[{"id":71626,"href":"https:\/\/skinstudio.ee\/lt\/wp-json\/wp\/v2\/product\/71625\/revisions\/71626"}],"wp:featuredmedia":[{"embeddable":true,"href":"https:\/\/skinstudio.ee\/lt\/wp-json\/wp\/v2\/media\/61557"}],"wp:attachment":[{"href":"https:\/\/skinstudio.ee\/lt\/wp-json\/wp\/v2\/media?parent=71625"}],"wp:term":[{"taxonomy":"pwb-brand","embeddable":true,"href":"https:\/\/skinstudio.ee\/lt\/wp-json\/wp\/v2\/pwb-brand?post=71625"},{"taxonomy":"product_brand","embeddable":true,"href":"https:\/\/skinstudio.ee\/lt\/wp-json\/wp\/v2\/product_brand?post=71625"},{"taxonomy":"product_cat","embeddable":true,"href":"https:\/\/skinstudio.ee\/lt\/wp-json\/wp\/v2\/product_cat?post=71625"},{"taxonomy":"product_tag","embeddable":true,"href":"https:\/\/skinstudio.ee\/lt\/wp-json\/wp\/v2\/product_tag?post=71625"},{"taxonomy":"giftcard-category","embeddable":true,"href":"https:\/\/skinstudio.ee\/lt\/wp-json\/wp\/v2\/giftcard-category?post=71625"}],"curies":[{"name":"wp","href":"https:\/\/api.w.org\/{rel}","templated":true}]}}