{"id":71632,"date":"2023-05-24T17:56:20","date_gmt":"2023-05-24T17:56:20","guid":{"rendered":"https:\/\/skinstudio.ee\/?post_type=product&#038;p=71632"},"modified":"2026-01-19T15:20:25","modified_gmt":"2026-01-19T15:20:25","slug":"multi-functional-cream","status":"publish","type":"product","link":"https:\/\/skinstudio.ee\/lt\/catalog\/genosys\/multi-functional-cream\/","title":{"rendered":"Multi Functional Cream"},"content":{"rendered":"<p data-start=\"1619\" data-end=\"1900\"><strong data-start=\"1619\" data-end=\"1657\">Multi Functional Cream nuo Genosys<\/strong> \u2013 daugiafunkcis sen\u0117jim\u0105 stabdantis kremas, skirtas visapusi\u0161kam odos b\u016bkl\u0117s gerinimui. Kremas padeda i\u0161lyginti rauk\u0161les, suvienodinti odos ton\u0105 ir palaiko atsinaujinimo procesus, suteikdamas odai stangrumo, elastingumo ir puosel\u0117t\u0105 i\u0161vaizd\u0105.<\/p>\n<p data-start=\"1902\" data-end=\"2122\">Formul\u0117 skatina greitesn\u0119 audini\u0173 regeneracij\u0105, stiprina odos strukt\u016br\u0105 ir padeda atkurti elastingum\u0105. \u0160viesinantis poveikis padeda pasiekti lygesn\u012f ir gaivesn\u012f veido atspalv\u012f, ma\u017eina pigmentacijos ir nuovargio po\u017eymius.<\/p>\n<p data-start=\"2124\" data-end=\"2158\">Pagrindin\u0117s aktyviosios med\u017eiagos:<\/p>\n<ul data-start=\"2159\" data-end=\"2571\">\n<li data-start=\"2159\" data-end=\"2236\">\n<p data-start=\"2161\" data-end=\"2236\"><strong data-start=\"2161\" data-end=\"2183\">Peptid\u0173 kompleksas<\/strong> \u2013 skatina odos atsinaujinim\u0105 ir palaiko stangrum\u0105.<\/p>\n<\/li>\n<li data-start=\"2237\" data-end=\"2327\">\n<p data-start=\"2239\" data-end=\"2327\"><strong data-start=\"2239\" data-end=\"2266\">\u0160viesinan\u010dios med\u017eiagos<\/strong> \u2013 padeda suvienodinti odos ton\u0105 ir pagerinti veido spalv\u0105.<\/p>\n<\/li>\n<li data-start=\"2328\" data-end=\"2411\">\n<p data-start=\"2330\" data-end=\"2411\"><strong data-start=\"2330\" data-end=\"2360\">Regeneruojantis kompleksas<\/strong> \u2013 spartina odos atstatym\u0105 ir stiprina strukt\u016br\u0105.<\/p>\n<\/li>\n<li data-start=\"2412\" data-end=\"2476\">\n<p data-start=\"2414\" data-end=\"2476\"><strong data-start=\"2414\" data-end=\"2441\">Dr\u0117kinamosios med\u017eiagos<\/strong> \u2013 palaiko optimal\u0173 dr\u0117gm\u0117s lyg\u012f.<\/p>\n<\/li>\n<li data-start=\"2477\" data-end=\"2571\">\n<p data-start=\"2479\" data-end=\"2571\"><strong data-start=\"2479\" data-end=\"2513\">Anti-age aktyviosios med\u017eiagos<\/strong> \u2013 padeda suma\u017einti rauk\u0161li\u0173 ir sen\u0117jimo po\u017eymi\u0173 matomum\u0105.<\/p>\n<\/li>\n<\/ul>\n<p data-start=\"2573\" data-end=\"2683\">Tinka vis\u0173 tip\u0173 odai, \u012fskaitant od\u0105 su matomais sen\u0117jimo po\u017eymiais, netolygiu tonu ir suma\u017e\u0117jusiu elastingumu.<\/p>\n<p data-start=\"2685\" data-end=\"2701\"><strong data-start=\"2685\" data-end=\"2695\">T\u016bris:<\/strong> 50 ml<\/p>\n","protected":false},"excerpt":{"rendered":"<p data-start=\"2856\" data-end=\"2887\">Intensyvus daugiafunkcis kremas<\/p>\n<h2 data-start=\"2889\" data-end=\"2933\"><strong data-start=\"2889\" data-end=\"2933\">GENOSYS &#8211; Multi Functional Cream Savyb\u0117s<\/strong><\/h2>\n<p data-start=\"2935\" data-end=\"3142\">\u2714\ufe0f I\u0161lygina rauk\u0161les ir gerina tekst\u016br\u0105<br data-start=\"2974\" data-end=\"2977\" \/>\u2714\ufe0f Suvienodina ir \u0161viesina odos ton\u0105<br data-start=\"3013\" data-end=\"3016\" \/>\u2714\ufe0f Skatina odos regeneracij\u0105 ir atsinaujinim\u0105<br data-start=\"3061\" data-end=\"3064\" \/>\u2714\ufe0f Didina odos stangrum\u0105 ir elastingum\u0105<br data-start=\"3103\" data-end=\"3106\" \/>\u2714\ufe0f Palaiko optimal\u0173 odos dr\u0117kinim\u0105<\/p>\n","protected":false},"featured_media":61593,"template":"","meta":[],"pwb-brand":[1242],"product_brand":[],"product_cat":[738,746,740,750],"product_tag":[],"giftcard-category":[],"class_list":{"0":"post-71632","1":"product","2":"type-product","3":"status-publish","4":"has-post-thumbnail","6":"pwb-brand-genosys","7":"product_cat-drekinimas","8":"product_cat-jautriai-odai","9":"product_cat-sausai-odai","10":"product_cat-senstanti-oda","12":"first","13":"instock","14":"taxable","15":"shipping-taxable","16":"purchasable","17":"product-type-simple"},"acf":[],"brands":[{"id":1242,"name":"Genosys","slug":"genosys"}],"_links":{"self":[{"href":"https:\/\/skinstudio.ee\/lt\/wp-json\/wp\/v2\/product\/71632","targetHints":{"allow":["GET"]}}],"collection":[{"href":"https:\/\/skinstudio.ee\/lt\/wp-json\/wp\/v2\/product"}],"about":[{"href":"https:\/\/skinstudio.ee\/lt\/wp-json\/wp\/v2\/types\/product"}],"version-history":[{"count":1,"href":"https:\/\/skinstudio.ee\/lt\/wp-json\/wp\/v2\/product\/71632\/revisions"}],"predecessor-version":[{"id":71633,"href":"https:\/\/skinstudio.ee\/lt\/wp-json\/wp\/v2\/product\/71632\/revisions\/71633"}],"wp:featuredmedia":[{"embeddable":true,"href":"https:\/\/skinstudio.ee\/lt\/wp-json\/wp\/v2\/media\/61593"}],"wp:attachment":[{"href":"https:\/\/skinstudio.ee\/lt\/wp-json\/wp\/v2\/media?parent=71632"}],"wp:term":[{"taxonomy":"pwb-brand","embeddable":true,"href":"https:\/\/skinstudio.ee\/lt\/wp-json\/wp\/v2\/pwb-brand?post=71632"},{"taxonomy":"product_brand","embeddable":true,"href":"https:\/\/skinstudio.ee\/lt\/wp-json\/wp\/v2\/product_brand?post=71632"},{"taxonomy":"product_cat","embeddable":true,"href":"https:\/\/skinstudio.ee\/lt\/wp-json\/wp\/v2\/product_cat?post=71632"},{"taxonomy":"product_tag","embeddable":true,"href":"https:\/\/skinstudio.ee\/lt\/wp-json\/wp\/v2\/product_tag?post=71632"},{"taxonomy":"giftcard-category","embeddable":true,"href":"https:\/\/skinstudio.ee\/lt\/wp-json\/wp\/v2\/giftcard-category?post=71632"}],"curies":[{"name":"wp","href":"https:\/\/api.w.org\/{rel}","templated":true}]}}