{"id":71643,"date":"2023-05-24T17:56:20","date_gmt":"2023-05-24T17:56:20","guid":{"rendered":"https:\/\/skinstudio.ee\/?post_type=product&#038;p=71643"},"modified":"2026-01-19T15:20:25","modified_gmt":"2026-01-19T15:20:25","slug":"skin-defender-lip-eye-makeup-remover","status":"publish","type":"product","link":"https:\/\/skinstudio.ee\/lt\/catalog\/genosys\/skin-defender-lip-eye-makeup-remover\/","title":{"rendered":"Skin Defender Lip &#038; Eye Makeup Remover"},"content":{"rendered":"<p data-start=\"1913\" data-end=\"2235\"><strong data-start=\"1913\" data-end=\"1967\">Skin Defender Lip &amp; Eye Makeup Remover nuo Genosys<\/strong> \u2013 dviej\u0173 fazi\u0173 makia\u017eo valiklis, skirtas \u0161velniam, bet veiksmingam l\u016bp\u0173 ir aki\u0173 zonos valymui. Prie\u0161 naudojim\u0105 suplakus, aliejin\u0117 ir esencijos faz\u0117s susijungia \u012f \u0161velni\u0105 emulsij\u0105, kuri kruop\u0161\u010diai pa\u0161alina makia\u017e\u0105, nesukeldama dirginimo ir nepalikdama riebaus poj\u016b\u010dio.<\/p>\n<p data-start=\"2237\" data-end=\"2494\">Esencijos faz\u0117 praturtinta vitaminais ir stiprinan\u010diais peptidais, padedan\u010diais \u0161viesinti od\u0105 ir ma\u017einti paburkim\u0105. Aliejin\u0117 faz\u0117 su maitinamaisiais aliejais, tokoferilio acetatu ir beta-karotenu efektyviai tirpdo makia\u017e\u0105 ir suteikia antioksidacin\u0119 apsaug\u0105.<\/p>\n<p data-start=\"2496\" data-end=\"2605\">Priemon\u0117 pa\u0161alina net ilgai i\u0161liekant\u012f makia\u017e\u0105, nesausindama odos ir i\u0161laikydama komforto bei gaivumo poj\u016bt\u012f.<\/p>\n<p data-start=\"2607\" data-end=\"2645\"><strong data-start=\"2607\" data-end=\"2645\">Pagrindin\u0117s aktyviosios med\u017eiagos:<\/strong><\/p>\n<ul data-start=\"2646\" data-end=\"2962\">\n<li data-start=\"2646\" data-end=\"2706\">\n<p data-start=\"2648\" data-end=\"2706\"><strong data-start=\"2648\" data-end=\"2660\">Peptidai<\/strong> \u2013 padeda stiprinti od\u0105 ir ma\u017einti paburkim\u0105<\/p>\n<\/li>\n<li data-start=\"2707\" data-end=\"2775\">\n<p data-start=\"2709\" data-end=\"2775\"><strong data-start=\"2709\" data-end=\"2732\">Vitamin\u0173 kompleksas<\/strong> \u2013 palaiko tonus\u0105 ir \u0161viesinam\u0105j\u012f poveik\u012f<\/p>\n<\/li>\n<li data-start=\"2776\" data-end=\"2830\">\n<p data-start=\"2778\" data-end=\"2830\"><strong data-start=\"2778\" data-end=\"2799\">Aliej\u0173 kompleksas<\/strong> \u2013 veiksmingai tirpdo makia\u017e\u0105<\/p>\n<\/li>\n<li data-start=\"2831\" data-end=\"2887\">\n<p data-start=\"2833\" data-end=\"2887\"><strong data-start=\"2833\" data-end=\"2851\">Beta-karotenas<\/strong> \u2013 suteikia antioksidacin\u0119 apsaug\u0105<\/p>\n<\/li>\n<li data-start=\"2888\" data-end=\"2962\">\n<p data-start=\"2890\" data-end=\"2962\"><strong data-start=\"2890\" data-end=\"2929\">Tokoferolis ir tokoferilio acetatas<\/strong> \u2013 saugo nuo oksidacinio streso<\/p>\n<\/li>\n<\/ul>\n<p data-start=\"2964\" data-end=\"3063\">Tinka jautriai l\u016bp\u0173 ir aki\u0173 zonos odai bei kasdieniam \u0161velniam makia\u017eo nu\u0117mimui be riebaus liku\u010dio.<\/p>\n<p data-start=\"3065\" data-end=\"3082\"><strong data-start=\"3065\" data-end=\"3075\">T\u016bris:<\/strong> 200 ml<\/p>\n","protected":false},"excerpt":{"rendered":"<p data-start=\"3044\" data-end=\"3071\">Makia\u017eo valiklis<\/p>\n<h2 data-start=\"3293\" data-end=\"3353\"><strong data-start=\"3293\" data-end=\"3353\">Genosys &#8211; Skin Defender Lip &amp; Eye Makeup Remover Savyb\u0117s<\/strong><\/h2>\n<p data-start=\"3355\" data-end=\"3554\">\u2714\ufe0f Efektyviai pa\u0161alina makia\u017e\u0105 ir ne\u0161varumus<br data-start=\"3399\" data-end=\"3402\" \/>\u2714\ufe0f Suteikia antioksidacin\u0119 apsaug\u0105<br data-start=\"3436\" data-end=\"3439\" \/>\u2714\ufe0f Padeda ma\u017einti paburkim\u0105 ir nuovarg\u012f<br data-start=\"3478\" data-end=\"3481\" \/>\u2714\ufe0f Palaiko odos komfort\u0105 ir dr\u0117kinim\u0105<br data-start=\"3518\" data-end=\"3521\" \/>\u2714\ufe0f Palieka od\u0105 \u0161vari\u0105 ir gaivi\u0105<\/p>\n","protected":false},"featured_media":61552,"template":"","meta":[],"pwb-brand":[1242],"product_brand":[],"product_cat":[746,740,718],"product_tag":[],"giftcard-category":[],"class_list":{"0":"post-71643","1":"product","2":"type-product","3":"status-publish","4":"has-post-thumbnail","6":"pwb-brand-genosys","7":"product_cat-jautriai-odai","8":"product_cat-sausai-odai","9":"product_cat-valymas","11":"first","12":"instock","13":"taxable","14":"shipping-taxable","15":"purchasable","16":"product-type-simple"},"acf":[],"brands":[{"id":1242,"name":"Genosys","slug":"genosys"}],"_links":{"self":[{"href":"https:\/\/skinstudio.ee\/lt\/wp-json\/wp\/v2\/product\/71643","targetHints":{"allow":["GET"]}}],"collection":[{"href":"https:\/\/skinstudio.ee\/lt\/wp-json\/wp\/v2\/product"}],"about":[{"href":"https:\/\/skinstudio.ee\/lt\/wp-json\/wp\/v2\/types\/product"}],"version-history":[{"count":1,"href":"https:\/\/skinstudio.ee\/lt\/wp-json\/wp\/v2\/product\/71643\/revisions"}],"predecessor-version":[{"id":71645,"href":"https:\/\/skinstudio.ee\/lt\/wp-json\/wp\/v2\/product\/71643\/revisions\/71645"}],"wp:featuredmedia":[{"embeddable":true,"href":"https:\/\/skinstudio.ee\/lt\/wp-json\/wp\/v2\/media\/61552"}],"wp:attachment":[{"href":"https:\/\/skinstudio.ee\/lt\/wp-json\/wp\/v2\/media?parent=71643"}],"wp:term":[{"taxonomy":"pwb-brand","embeddable":true,"href":"https:\/\/skinstudio.ee\/lt\/wp-json\/wp\/v2\/pwb-brand?post=71643"},{"taxonomy":"product_brand","embeddable":true,"href":"https:\/\/skinstudio.ee\/lt\/wp-json\/wp\/v2\/product_brand?post=71643"},{"taxonomy":"product_cat","embeddable":true,"href":"https:\/\/skinstudio.ee\/lt\/wp-json\/wp\/v2\/product_cat?post=71643"},{"taxonomy":"product_tag","embeddable":true,"href":"https:\/\/skinstudio.ee\/lt\/wp-json\/wp\/v2\/product_tag?post=71643"},{"taxonomy":"giftcard-category","embeddable":true,"href":"https:\/\/skinstudio.ee\/lt\/wp-json\/wp\/v2\/giftcard-category?post=71643"}],"curies":[{"name":"wp","href":"https:\/\/api.w.org\/{rel}","templated":true}]}}