{"id":71829,"date":"2023-05-24T17:56:19","date_gmt":"2023-05-24T17:56:19","guid":{"rendered":"https:\/\/skinstudio.ee\/?post_type=product&#038;p=71829"},"modified":"2026-02-26T12:46:57","modified_gmt":"2026-02-26T12:46:57","slug":"sleep-mask-tan-face","status":"publish","type":"product","link":"https:\/\/skinstudio.ee\/lt\/catalog\/james-read\/sleep-mask-tan-face\/","title":{"rendered":"Sleep Mask Tan Face"},"content":{"rendered":"<p data-start=\"2077\" data-end=\"2435\"><strong data-start=\"2077\" data-end=\"2115\">Sleep Mask Tan Face nuo James Read<\/strong> \u2013 tai naktin\u0117 veido kauk\u0117 ir vienas populiariausi\u0173 prek\u0117s \u017eenklo produkt\u0173. Nakties metu skaidrios gelin\u0117s tekst\u016bros formul\u0117 palaipsniui suteikia odai sodr\u0173 ir tolyg\u0173 \u012fdegio atspalv\u012f, ryte palikdama veid\u0105 gaivesn\u012f ir \u0161vytint\u012f. Lengva tekst\u016bra lengvai pasiskirsto, yra komforti\u0161ka naudoti ir netepa patalyn ar drabu\u017ei\u0173.<\/p>\n<p data-start=\"2437\" data-end=\"2708\">\u012edegio atspalvis susiformuoja per 6\u20138 valandas ir i\u0161lieka iki penki\u0173 dien\u0173, u\u017etikrindamas ilgalaik\u012f ir nat\u016bral\u0173 rezultat\u0105 be dry\u017ei\u0173 ar d\u0117mi\u0173. Be \u012fdegio efekto, kauk\u0117 veikia kaip visavert\u0117 naktin\u0117 prie\u017ei\u016bra, padedanti odai tapti \u0161velnesnei, lygesnei ir geriau sudr\u0117kintai.<\/p>\n<p data-start=\"2710\" data-end=\"3131\"><strong data-start=\"2710\" data-end=\"2749\">Pagrindiniai aktyvieji komponentai:<\/strong><br data-start=\"2749\" data-end=\"2752\" \/>\u2013 <strong data-start=\"2754\" data-end=\"2766\">Alavijas<\/strong>: dr\u0117kina od\u0105 ir padeda i\u0161laikyti komfort\u0105 nakties metu<br data-start=\"2821\" data-end=\"2824\" \/>\u2013 <strong data-start=\"2826\" data-end=\"2858\">Raudon\u0173j\u0173 dumbli\u0173 ekstraktas<\/strong>: mink\u0161tina od\u0105 ir gerina jos i\u0161vaizd\u0105<br data-start=\"2896\" data-end=\"2899\" \/>\u2013 <strong data-start=\"2901\" data-end=\"2917\">Ro\u017ei\u0173 vanduo<\/strong>: gaivina od\u0105 ir padeda suvienodinti jos ton\u0105<br data-start=\"2962\" data-end=\"2965\" \/>\u2013 <strong data-start=\"2967\" data-end=\"2986\">Kofermentas Q10<\/strong>: palaiko prie\u0161rauk\u0161lin\u0119 prie\u017ei\u016br\u0105 ir jaunatvi\u0161k\u0105 odos i\u0161vaizd\u0105<br data-start=\"3049\" data-end=\"3052\" \/>\u2013 <strong data-start=\"3054\" data-end=\"3078\">Tantone technologija<\/strong>: suteikia nat\u016bral\u0173 \u012fdegio atspalv\u012f pagal odos ton\u0105<\/p>\n<p data-start=\"3133\" data-end=\"3272\">Tinka visiems odos tipams. Idealu tiems, kurie nori intensyvesnio \u012fdegio be saul\u0117s poveikio ir kartu derinti j\u012f su naktine veido prie\u017ei\u016bra.<\/p>\n<p data-start=\"3274\" data-end=\"3294\"><strong data-start=\"3274\" data-end=\"3283\">T\u016bris<\/strong>: 50 ml<\/p>\n","protected":false},"excerpt":{"rendered":"<p data-start=\"3626\" data-end=\"3669\">Naktin\u0117 veido kauk\u0117 \u2013 prie\u017ei\u016bra ir \u012fdegis<\/p>\n<h2 data-start=\"3671\" data-end=\"3715\"><strong data-start=\"3671\" data-end=\"3715\">James Read &#8211; Sleep Mask Tan Face Savyb\u0117s<\/strong><\/h2>\n<p data-start=\"3717\" data-end=\"3906\">\u2714\ufe0f Suteikia odai sodr\u0173 \u012fdegio atspalv\u012f<br data-start=\"3755\" data-end=\"3758\" \/>\u2714\ufe0f U\u017etikrina tolyg\u0173 ir nat\u016bral\u0173 rezultat\u0105<br data-start=\"3799\" data-end=\"3802\" \/>\u2714\ufe0f Dr\u0117kina ir mink\u0161tina od\u0105 nakt\u012f<br data-start=\"3835\" data-end=\"3838\" \/>\u2714\ufe0f Vizualiai glotnina odos tekst\u016br\u0105<br data-start=\"3873\" data-end=\"3876\" \/>\u2714\ufe0f I\u0161laiko \u012fdeg\u012f iki 5 dien\u0173<\/p>\n","protected":false},"featured_media":71830,"template":"","meta":[],"pwb-brand":[1244],"product_brand":[],"product_cat":[773,754],"product_tag":[],"giftcard-category":[],"class_list":{"0":"post-71829","1":"product","2":"type-product","3":"status-publish","4":"has-post-thumbnail","6":"pwb-brand-james-read","7":"product_cat-savaiminio-idegio-priemones","8":"product_cat-travel-size-lt","10":"first","11":"instock","12":"sale","13":"taxable","14":"shipping-taxable","15":"purchasable","16":"product-type-simple"},"acf":[],"brands":[{"id":1244,"name":"James Read","slug":"james-read"}],"_links":{"self":[{"href":"https:\/\/skinstudio.ee\/lt\/wp-json\/wp\/v2\/product\/71829","targetHints":{"allow":["GET"]}}],"collection":[{"href":"https:\/\/skinstudio.ee\/lt\/wp-json\/wp\/v2\/product"}],"about":[{"href":"https:\/\/skinstudio.ee\/lt\/wp-json\/wp\/v2\/types\/product"}],"version-history":[{"count":3,"href":"https:\/\/skinstudio.ee\/lt\/wp-json\/wp\/v2\/product\/71829\/revisions"}],"predecessor-version":[{"id":83711,"href":"https:\/\/skinstudio.ee\/lt\/wp-json\/wp\/v2\/product\/71829\/revisions\/83711"}],"wp:featuredmedia":[{"embeddable":true,"href":"https:\/\/skinstudio.ee\/lt\/wp-json\/wp\/v2\/media\/71830"}],"wp:attachment":[{"href":"https:\/\/skinstudio.ee\/lt\/wp-json\/wp\/v2\/media?parent=71829"}],"wp:term":[{"taxonomy":"pwb-brand","embeddable":true,"href":"https:\/\/skinstudio.ee\/lt\/wp-json\/wp\/v2\/pwb-brand?post=71829"},{"taxonomy":"product_brand","embeddable":true,"href":"https:\/\/skinstudio.ee\/lt\/wp-json\/wp\/v2\/product_brand?post=71829"},{"taxonomy":"product_cat","embeddable":true,"href":"https:\/\/skinstudio.ee\/lt\/wp-json\/wp\/v2\/product_cat?post=71829"},{"taxonomy":"product_tag","embeddable":true,"href":"https:\/\/skinstudio.ee\/lt\/wp-json\/wp\/v2\/product_tag?post=71829"},{"taxonomy":"giftcard-category","embeddable":true,"href":"https:\/\/skinstudio.ee\/lt\/wp-json\/wp\/v2\/giftcard-category?post=71829"}],"curies":[{"name":"wp","href":"https:\/\/api.w.org\/{rel}","templated":true}]}}