{"id":71853,"date":"2023-05-24T17:57:38","date_gmt":"2023-05-24T17:57:38","guid":{"rendered":"https:\/\/skinstudio.ee\/?post_type=product&#038;p=71853"},"modified":"2026-02-25T11:52:13","modified_gmt":"2026-02-25T11:52:13","slug":"rose-glow-water-mist","status":"publish","type":"product","link":"https:\/\/skinstudio.ee\/lt\/catalog\/james-read\/rose-glow-water-mist\/","title":{"rendered":"Rose Glow Water Mist"},"content":{"rendered":"<p data-start=\"1964\" data-end=\"2345\"><strong data-start=\"1964\" data-end=\"2003\">Rose Glow Water Mist nuo James Read<\/strong> \u2013 tai veido pur\u0161kiklis su organiniu ro\u017ei\u0173 vandeniu, kuris jau po pirmo naudojimo suteikia odai pastebim\u0105 auksin\u012f \u0161vyt\u0117jim\u0105. Atspalvio intensyvum\u0105 galima palaipsniui didinti pakartotinai naudojant priemon\u0119, i\u0161gaunant nat\u016bral\u0173 ir tolyg\u0173 rezultat\u0105. Itin lengva, vandens pagrindo tekst\u016bra akimirksniu gaivina od\u0105 ir yra komforti\u0161ka vis\u0105 dien\u0105.<\/p>\n<p data-start=\"2347\" data-end=\"2625\">Formul\u0117 apjungia savaiminio \u012fdegio efekt\u0105 ir odos prie\u017ei\u016br\u0105: padeda palaikyti dr\u0117gm\u0117s balans\u0105, gerina bendr\u0105 veido i\u0161vaizd\u0105 ir suteikia odai gaiv\u0173, pails\u0117jus\u012f vaizd\u0105. Tinka visiems odos tipams ir atspalviams, gali b\u016bti naudojama tiek savaranki\u0161kai, tiek esamo \u012fdegio palaikymui.<\/p>\n<p data-start=\"2627\" data-end=\"3038\"><strong data-start=\"2627\" data-end=\"2666\">Pagrindiniai aktyvieji komponentai:<\/strong><br data-start=\"2666\" data-end=\"2669\" \/>\u2013 <strong data-start=\"2671\" data-end=\"2699\">Ekologi\u0161kas ro\u017ei\u0173 vanduo<\/strong>: gaivina od\u0105 ir sustiprina jos nat\u016bral\u0173 \u0161vyt\u0117jim\u0105<br data-start=\"2749\" data-end=\"2752\" \/>\u2013 <strong data-start=\"2754\" data-end=\"2775\">Hialurono r\u016bg\u0161tis<\/strong>: padeda palaikyti optimal\u0173 odos dr\u0117gm\u0117s lyg\u012f<br data-start=\"2820\" data-end=\"2823\" \/>\u2013 <strong data-start=\"2825\" data-end=\"2837\">Alavijas<\/strong>: ramina od\u0105 ir pagerina komforto poj\u016bt\u012f<br data-start=\"2877\" data-end=\"2880\" \/>\u2013 <strong data-start=\"2882\" data-end=\"2906\">Ramun\u0117li\u0173 ekstraktas<\/strong>: ramina od\u0105 ir padeda i\u0161laikyti tolygesn\u0119 i\u0161vaizd\u0105<br data-start=\"2957\" data-end=\"2960\" \/>\u2013 <strong data-start=\"2962\" data-end=\"2994\">Savaiminio \u012fdegio kompleksas<\/strong>: suteikia lengv\u0105, tolyg\u0173 auksin\u012f atspalv\u012f<\/p>\n<p data-start=\"3040\" data-end=\"3183\">Tinka visiems odos tipams ir bet kokiam odos atspalviui. Idealu tiems, kurie nori palaipsniui formuojamo \u0161vyt\u0117jimo su gaiviu, nat\u016braliu fini\u0161u.<\/p>\n<p data-start=\"3185\" data-end=\"3206\"><strong data-start=\"3185\" data-end=\"3194\">T\u016bris<\/strong>: 30 ml \/ 100 ml<\/p>\n","protected":false},"excerpt":{"rendered":"<div class=\"editor m-b-30 m-b-20-sm\">\n<p data-start=\"3423\" data-end=\"3465\">Veido pur\u0161kiklis \u2013 intensyvus \u0161vyt\u0117jimas<\/p>\n<h2 data-start=\"3467\" data-end=\"3512\"><strong data-start=\"3467\" data-end=\"3512\">James Read &#8211; Rose Glow Water Mist Savyb\u0117s<\/strong><\/h2>\n<p data-start=\"3514\" data-end=\"3719\">\u2714\ufe0f Suteikia odai nat\u016bral\u0173 auksin\u012f \u0161vyt\u0117jim\u0105<br data-start=\"3557\" data-end=\"3560\" \/>\u2714\ufe0f Formuoja lengv\u0105 ir tolyg\u0173 atspalv\u012f<br data-start=\"3597\" data-end=\"3600\" \/>\u2714\ufe0f Padeda palaikyti odos dr\u0117gm\u0117s balans\u0105<br data-start=\"3640\" data-end=\"3643\" \/>\u2714\ufe0f Gaivina ir pagerina odos i\u0161vaizd\u0105<br data-start=\"3679\" data-end=\"3682\" \/>\u2714\ufe0f Tinka bet kokiam odos atspalviui<\/p>\n<\/div>\n","protected":false},"featured_media":65742,"template":"","meta":[],"pwb-brand":[1244],"product_brand":[],"product_cat":[773,754],"product_tag":[],"giftcard-category":[],"class_list":{"0":"post-71853","1":"product","2":"type-product","3":"status-publish","4":"has-post-thumbnail","6":"pwb-brand-james-read","7":"product_cat-savaiminio-idegio-priemones","8":"product_cat-travel-size-lt","9":"pa_suurus-100ml-lt","10":"pa_suurus-30ml-lt","12":"first","13":"instock","14":"sale","15":"taxable","16":"shipping-taxable","17":"purchasable","18":"product-type-variable"},"acf":[],"brands":[{"id":1244,"name":"James Read","slug":"james-read"}],"_links":{"self":[{"href":"https:\/\/skinstudio.ee\/lt\/wp-json\/wp\/v2\/product\/71853","targetHints":{"allow":["GET"]}}],"collection":[{"href":"https:\/\/skinstudio.ee\/lt\/wp-json\/wp\/v2\/product"}],"about":[{"href":"https:\/\/skinstudio.ee\/lt\/wp-json\/wp\/v2\/types\/product"}],"version-history":[{"count":2,"href":"https:\/\/skinstudio.ee\/lt\/wp-json\/wp\/v2\/product\/71853\/revisions"}],"predecessor-version":[{"id":83634,"href":"https:\/\/skinstudio.ee\/lt\/wp-json\/wp\/v2\/product\/71853\/revisions\/83634"}],"wp:featuredmedia":[{"embeddable":true,"href":"https:\/\/skinstudio.ee\/lt\/wp-json\/wp\/v2\/media\/65742"}],"wp:attachment":[{"href":"https:\/\/skinstudio.ee\/lt\/wp-json\/wp\/v2\/media?parent=71853"}],"wp:term":[{"taxonomy":"pwb-brand","embeddable":true,"href":"https:\/\/skinstudio.ee\/lt\/wp-json\/wp\/v2\/pwb-brand?post=71853"},{"taxonomy":"product_brand","embeddable":true,"href":"https:\/\/skinstudio.ee\/lt\/wp-json\/wp\/v2\/product_brand?post=71853"},{"taxonomy":"product_cat","embeddable":true,"href":"https:\/\/skinstudio.ee\/lt\/wp-json\/wp\/v2\/product_cat?post=71853"},{"taxonomy":"product_tag","embeddable":true,"href":"https:\/\/skinstudio.ee\/lt\/wp-json\/wp\/v2\/product_tag?post=71853"},{"taxonomy":"giftcard-category","embeddable":true,"href":"https:\/\/skinstudio.ee\/lt\/wp-json\/wp\/v2\/giftcard-category?post=71853"}],"curies":[{"name":"wp","href":"https:\/\/api.w.org\/{rel}","templated":true}]}}