{"id":71869,"date":"2023-05-24T17:57:00","date_gmt":"2023-05-24T17:57:00","guid":{"rendered":"https:\/\/skinstudio.ee\/?post_type=product&#038;p=71869"},"modified":"2026-01-19T15:20:26","modified_gmt":"2026-01-19T15:20:26","slug":"click-glow-body","status":"publish","type":"product","link":"https:\/\/skinstudio.ee\/lt\/catalog\/james-read\/click-glow-body\/","title":{"rendered":"Click &#038; Glow Body"},"content":{"rendered":"<p data-start=\"2425\" data-end=\"2807\"><strong data-start=\"2425\" data-end=\"2461\">Click &amp; Glow Body nuo James Read<\/strong> \u2013 tai koncentruoti multivitamininiai savaiminio \u012fdegio la\u0161ai, skirti mai\u0161yti su \u012fprastu k\u016bno losjonu, kad b\u016bt\u0173 sukurtas individualus \u012fdegio atspalvis. Vos keli la\u0161ai paver\u010dia kasdien\u0119 dr\u0117kinam\u0105j\u0105 priemon\u0119 palaipsnio poveikio savaiminio \u012fdegio produktu, leid\u017eian\u010diu reguliuoti spalvos intensyvum\u0105 nuo lengvo \u0161vyt\u0117jimo iki sodraus auksinio tono.<\/p>\n<p data-start=\"2809\" data-end=\"3100\">Lengvos gelin\u0117s tekst\u016bros formul\u0117 lengvai susimai\u0161o su k\u016bno kremais ir losjonais, tolygiai pasiskirsto ant odos ir suteikia glotn\u0173 rezultat\u0105 be dry\u017ei\u0173. La\u0161ai tinka reguliariam naudojimui ir lengvai \u012fsilieja \u012f kasdien\u0119 k\u016bno prie\u017ei\u016bros rutin\u0105, kartu suteikdami \u012fdegio ir odos prie\u017ei\u016bros naud\u0105.<\/p>\n<p data-start=\"3102\" data-end=\"3531\"><strong data-start=\"3102\" data-end=\"3141\">Pagrindiniai aktyvieji komponentai:<\/strong><br data-start=\"3141\" data-end=\"3144\" \/>\u2013 <strong data-start=\"3146\" data-end=\"3158\">Alavijas<\/strong>: giliai dr\u0117kina od\u0105 ir padeda i\u0161laikyti komfort\u0105<br data-start=\"3207\" data-end=\"3210\" \/>\u2013 <strong data-start=\"3212\" data-end=\"3227\">Vitaminas E<\/strong>: suteikia antioksidacin\u0119 apsaug\u0105 ir gerina odos i\u0161vaizd\u0105<br data-start=\"3284\" data-end=\"3287\" \/>\u2013 <strong data-start=\"3289\" data-end=\"3304\">God\u017ei uogos<\/strong>: padeda stiprinti odos apsaugin\u012f barjer\u0105 ir suvienodinti ton\u0105<br data-start=\"3366\" data-end=\"3369\" \/>\u2013 <strong data-start=\"3371\" data-end=\"3378\">DHA<\/strong>: sukuria nat\u016bral\u0173 \u012fdegio efekt\u0105 ir suteikia odai \u0161vyt\u0117jimo<br data-start=\"3437\" data-end=\"3440\" \/>\u2013 <strong data-start=\"3442\" data-end=\"3479\">Augalin\u0117s kilm\u0117s nat\u016bral\u016bs cukr\u016bs<\/strong>: u\u017etikrina laipsni\u0161k\u0105 ir tolyg\u0173 spalvos vystym\u0105si<\/p>\n<p data-start=\"3533\" data-end=\"3701\">Tinka visiems odos tipams ir bet kokiam odos atspalviui. Idealu tiems, kurie nori visi\u0161kai kontroliuoti \u012fdegio intensyvum\u0105 nekeisdami \u012fprast\u0173 k\u016bno prie\u017ei\u016bros priemoni\u0173.<\/p>\n<p data-start=\"3703\" data-end=\"3723\"><strong data-start=\"3703\" data-end=\"3712\">T\u016bris<\/strong>: <strong data-start=\"3714\" data-end=\"3723\">30 ml<\/strong><\/p>\n","protected":false},"excerpt":{"rendered":"<p data-start=\"4412\" data-end=\"4456\">Koncentruoti savaiminio \u012fdegio la\u0161ai k\u016bnui<\/p>\n<h2 data-start=\"4458\" data-end=\"4500\"><strong data-start=\"4458\" data-end=\"4500\">James Read &#8211; Click &amp; Glow Body Savyb\u0117s<\/strong><\/h2>\n<p data-start=\"4502\" data-end=\"4702\">\u2714\ufe0f Leid\u017eia reguliuoti \u012fdegio intensyvum\u0105<br data-start=\"4542\" data-end=\"4545\" \/>\u2714\ufe0f Suteikia odai nat\u016bral\u0173 auksin\u012f \u0161vyt\u0117jim\u0105<br data-start=\"4588\" data-end=\"4591\" \/>\u2714\ufe0f Lengvai mai\u0161osi su k\u016bno losjonu<br data-start=\"4625\" data-end=\"4628\" \/>\u2714\ufe0f U\u017etikrina palaipsn\u012f ir tolyg\u0173 rezultat\u0105<br data-start=\"4670\" data-end=\"4673\" \/>\u2714\ufe0f Pri\u017ei\u016bri od\u0105 \u012fdegio metu<\/p>\n","protected":false},"featured_media":65747,"template":"","meta":[],"pwb-brand":[1244],"product_brand":[],"product_cat":[758,773],"product_tag":[],"giftcard-category":[],"class_list":{"0":"post-71869","1":"product","2":"type-product","3":"status-publish","4":"has-post-thumbnail","6":"pwb-brand-james-read","7":"product_cat-kuno-prieziura","8":"product_cat-savaiminio-idegio-priemones","10":"first","11":"instock","12":"sale","13":"taxable","14":"shipping-taxable","15":"purchasable","16":"product-type-simple"},"acf":[],"brands":[{"id":1244,"name":"James Read","slug":"james-read"}],"_links":{"self":[{"href":"https:\/\/skinstudio.ee\/lt\/wp-json\/wp\/v2\/product\/71869","targetHints":{"allow":["GET"]}}],"collection":[{"href":"https:\/\/skinstudio.ee\/lt\/wp-json\/wp\/v2\/product"}],"about":[{"href":"https:\/\/skinstudio.ee\/lt\/wp-json\/wp\/v2\/types\/product"}],"version-history":[{"count":1,"href":"https:\/\/skinstudio.ee\/lt\/wp-json\/wp\/v2\/product\/71869\/revisions"}],"predecessor-version":[{"id":71870,"href":"https:\/\/skinstudio.ee\/lt\/wp-json\/wp\/v2\/product\/71869\/revisions\/71870"}],"wp:featuredmedia":[{"embeddable":true,"href":"https:\/\/skinstudio.ee\/lt\/wp-json\/wp\/v2\/media\/65747"}],"wp:attachment":[{"href":"https:\/\/skinstudio.ee\/lt\/wp-json\/wp\/v2\/media?parent=71869"}],"wp:term":[{"taxonomy":"pwb-brand","embeddable":true,"href":"https:\/\/skinstudio.ee\/lt\/wp-json\/wp\/v2\/pwb-brand?post=71869"},{"taxonomy":"product_brand","embeddable":true,"href":"https:\/\/skinstudio.ee\/lt\/wp-json\/wp\/v2\/product_brand?post=71869"},{"taxonomy":"product_cat","embeddable":true,"href":"https:\/\/skinstudio.ee\/lt\/wp-json\/wp\/v2\/product_cat?post=71869"},{"taxonomy":"product_tag","embeddable":true,"href":"https:\/\/skinstudio.ee\/lt\/wp-json\/wp\/v2\/product_tag?post=71869"},{"taxonomy":"giftcard-category","embeddable":true,"href":"https:\/\/skinstudio.ee\/lt\/wp-json\/wp\/v2\/giftcard-category?post=71869"}],"curies":[{"name":"wp","href":"https:\/\/api.w.org\/{rel}","templated":true}]}}