{"id":71922,"date":"2023-05-24T17:56:19","date_gmt":"2023-05-24T17:56:19","guid":{"rendered":"https:\/\/skinstudio.ee\/?post_type=product&#038;p=71922"},"modified":"2026-02-25T11:56:07","modified_gmt":"2026-02-25T11:56:07","slug":"h2o-tan-drops-face","status":"publish","type":"product","link":"https:\/\/skinstudio.ee\/lt\/catalog\/james-read\/h2o-tan-drops-face\/","title":{"rendered":"H2O Tan Drops Face"},"content":{"rendered":"<p data-start=\"1956\" data-end=\"2313\"><strong data-start=\"1956\" data-end=\"1993\">H2O Tan Drops Face nuo James Read<\/strong> \u2013 tai koncentruoti veido savaiminio \u012fdegio la\u0161ai su atnaujinta \u201egaivaus \u0161vyt\u0117jimo\u201c formule, leid\u017eiantys visi\u0161kai kontroliuoti \u012fdegio intensyvum\u0105. Tiesiog sumai\u0161ykite la\u0161us su kasdieniu dr\u0117kinamuoju kremu ar losjonu ir paverskite \u012fprast\u0105 prie\u017ei\u016br\u0105 palaipsnio poveikio savaiminio \u012fdegio produktu su nat\u016braliu rezultatu.<\/p>\n<p data-start=\"2315\" data-end=\"2578\">La\u0161us galima naudoti ir atskirai kaip serum\u0105, jei norimas ry\u0161kesnis atspalvis. \u012edegis vystosi palaipsniui, kiekvieno naudojimo metu tampa intensyvesnis ir i\u0161lieka iki 5 dien\u0173. Lengva, vandens pagrindo tekst\u016bra patogiai \u012fsilieja \u012f kasdien\u0119 veido prie\u017ei\u016bros rutin\u0105.<\/p>\n<p data-start=\"2580\" data-end=\"2971\"><strong data-start=\"2580\" data-end=\"2619\">Pagrindiniai aktyvieji komponentai:<\/strong><br data-start=\"2619\" data-end=\"2622\" \/>\u2013 <strong data-start=\"2624\" data-end=\"2640\">Ro\u017ei\u0173 vanduo<\/strong>: gaivina od\u0105 ir gerina jos pri\u017ei\u016br\u0117t\u0105 i\u0161vaizd\u0105<br data-start=\"2687\" data-end=\"2690\" \/>\u2013 <strong data-start=\"2692\" data-end=\"2713\">Hialurono r\u016bg\u0161tis<\/strong>: padeda palaikyti optimal\u0173 odos dr\u0117gm\u0117s lyg\u012f<br data-start=\"2758\" data-end=\"2761\" \/>\u2013 <strong data-start=\"2763\" data-end=\"2785\">Alavijo ekstraktas<\/strong>: mink\u0161tina od\u0105 ir padeda i\u0161vengti sausumo<br data-start=\"2827\" data-end=\"2830\" \/>\u2013 <strong data-start=\"2832\" data-end=\"2864\">Savaiminio \u012fdegio kompleksas<\/strong>: palaipsniui formuoja tolyg\u0173 \u012fdeg\u012f<br data-start=\"2899\" data-end=\"2902\" \/>\u2013 <strong data-start=\"2904\" data-end=\"2931\">Dr\u0117kinantys komponentai<\/strong>: palaiko odos komfort\u0105 naudojimo metu<\/p>\n<p data-start=\"2973\" data-end=\"3124\">Tinka visiems odos tipams ir bet kokiam odos atspalviui. Idealu tiems, kurie nori reguliuoti \u012fdegio gyl\u012f nekeisdami \u012fprast\u0173 veido prie\u017ei\u016bros priemoni\u0173.<\/p>\n<p data-start=\"3126\" data-end=\"3146\"><strong data-start=\"3126\" data-end=\"3135\">T\u016bris<\/strong>: 15 ml \/ 30 ml<\/p>\n","protected":false},"excerpt":{"rendered":"<p data-start=\"3374\" data-end=\"3419\">Koncentruoti savaiminio \u012fdegio la\u0161ai veidui<\/p>\n<h2 data-start=\"3421\" data-end=\"3464\"><strong data-start=\"3421\" data-end=\"3464\">James Read &#8211; H2O Tan Drops Face Savyb\u0117s<\/strong><\/h2>\n<p data-start=\"3466\" data-end=\"3657\">\u2714\ufe0f Lengvai integruojasi \u012f kasdien\u0119 prie\u017ei\u016br\u0105<br data-start=\"3510\" data-end=\"3513\" \/>\u2714\ufe0f Padeda i\u0161vengti odos sausumo<br data-start=\"3544\" data-end=\"3547\" \/>\u2714\ufe0f Palaipsniui sukuria tolyg\u0173 \u012fdeg\u012f<br data-start=\"3582\" data-end=\"3585\" \/>\u2714\ufe0f Suteikia odai gaiv\u0173 \u0161vyt\u0117jim\u0105<br data-start=\"3617\" data-end=\"3620\" \/>\u2714\ufe0f Tinka bet kokiam odos atspalviui<\/p>\n","protected":false},"featured_media":65808,"template":"","meta":[],"pwb-brand":[1244],"product_brand":[],"product_cat":[773,754],"product_tag":[],"giftcard-category":[],"class_list":{"0":"post-71922","1":"product","2":"type-product","3":"status-publish","4":"has-post-thumbnail","6":"pwb-brand-james-read","7":"product_cat-savaiminio-idegio-priemones","8":"product_cat-travel-size-lt","9":"pa_suurus-15ml-lt","10":"pa_suurus-30ml-lt","12":"first","13":"instock","14":"taxable","15":"shipping-taxable","16":"purchasable","17":"product-type-variable"},"acf":[],"brands":[{"id":1244,"name":"James Read","slug":"james-read"}],"_links":{"self":[{"href":"https:\/\/skinstudio.ee\/lt\/wp-json\/wp\/v2\/product\/71922","targetHints":{"allow":["GET"]}}],"collection":[{"href":"https:\/\/skinstudio.ee\/lt\/wp-json\/wp\/v2\/product"}],"about":[{"href":"https:\/\/skinstudio.ee\/lt\/wp-json\/wp\/v2\/types\/product"}],"version-history":[{"count":2,"href":"https:\/\/skinstudio.ee\/lt\/wp-json\/wp\/v2\/product\/71922\/revisions"}],"predecessor-version":[{"id":83654,"href":"https:\/\/skinstudio.ee\/lt\/wp-json\/wp\/v2\/product\/71922\/revisions\/83654"}],"wp:featuredmedia":[{"embeddable":true,"href":"https:\/\/skinstudio.ee\/lt\/wp-json\/wp\/v2\/media\/65808"}],"wp:attachment":[{"href":"https:\/\/skinstudio.ee\/lt\/wp-json\/wp\/v2\/media?parent=71922"}],"wp:term":[{"taxonomy":"pwb-brand","embeddable":true,"href":"https:\/\/skinstudio.ee\/lt\/wp-json\/wp\/v2\/pwb-brand?post=71922"},{"taxonomy":"product_brand","embeddable":true,"href":"https:\/\/skinstudio.ee\/lt\/wp-json\/wp\/v2\/product_brand?post=71922"},{"taxonomy":"product_cat","embeddable":true,"href":"https:\/\/skinstudio.ee\/lt\/wp-json\/wp\/v2\/product_cat?post=71922"},{"taxonomy":"product_tag","embeddable":true,"href":"https:\/\/skinstudio.ee\/lt\/wp-json\/wp\/v2\/product_tag?post=71922"},{"taxonomy":"giftcard-category","embeddable":true,"href":"https:\/\/skinstudio.ee\/lt\/wp-json\/wp\/v2\/giftcard-category?post=71922"}],"curies":[{"name":"wp","href":"https:\/\/api.w.org\/{rel}","templated":true}]}}