{"id":71935,"date":"2023-05-24T17:56:48","date_gmt":"2023-05-24T17:56:48","guid":{"rendered":"https:\/\/skinstudio.ee\/?post_type=product&#038;p=71935"},"modified":"2026-01-19T15:20:26","modified_gmt":"2026-01-19T15:20:26","slug":"coconut-dry-oil-tan-body","status":"publish","type":"product","link":"https:\/\/skinstudio.ee\/lt\/catalog\/james-read\/coconut-dry-oil-tan-body\/","title":{"rendered":"Coconut Dry Oil Tan Body"},"content":{"rendered":"<p data-start=\"2367\" data-end=\"2618\"><strong data-start=\"2367\" data-end=\"2410\">Coconut Dry Oil Tan Body nuo James Read<\/strong> \u2013 tai lengva, skaidri k\u016bno emulsija, kuri naudojimo metu virsta sausu aliejumi ir suteikia odai prabang\u0173 auksin\u012f \u012fdegio atspalv\u012f iki 5 dien\u0173. Aliejus greitai i\u0161d\u017ei\u016bsta, nelimpa ir netepa rank\u0173 ar drabu\u017ei\u0173.<\/p>\n<p data-start=\"2620\" data-end=\"2881\">Formul\u0117 apjungia savaiminio \u012fdegio efekt\u0105 ir intensyvi\u0105 prie\u017ei\u016br\u0105: sausas kokos\u0173 aliejus lengvai pasiskirsto ant odos, giliai dr\u0117kina epiderm\u012f ir padeda pasiekti tolyg\u0173, ilgai i\u0161liekant\u012f \u012fdeg\u012f be dry\u017ei\u0173 ar d\u0117mi\u0173. \u012edegis vystosi palaipsniui ir atrodo nat\u016braliai.<\/p>\n<p data-start=\"2883\" data-end=\"3300\"><strong data-start=\"2883\" data-end=\"2922\">Pagrindiniai aktyvieji komponentai:<\/strong><br data-start=\"2922\" data-end=\"2925\" \/>\u2013 <strong data-start=\"2927\" data-end=\"2945\">Kokos\u0173 aliejus<\/strong>: maitina od\u0105 ir padeda i\u0161laikyti jos \u0161velnum\u0105<br data-start=\"2991\" data-end=\"2994\" \/>\u2013 <strong data-start=\"2996\" data-end=\"3011\">Vitaminas E<\/strong>: suteikia antioksidacin\u0119 apsaug\u0105 ir gerina odos i\u0161vaizd\u0105<br data-start=\"3068\" data-end=\"3071\" \/>\u2013 <strong data-start=\"3073\" data-end=\"3101\">Antioksidant\u0173 kompleksas<\/strong>: padeda apsaugoti od\u0105 nuo aplinkos poveikio<br data-start=\"3145\" data-end=\"3148\" \/>\u2013 <strong data-start=\"3150\" data-end=\"3182\">Savaiminio \u012fdegio kompleksas<\/strong>: formuoja tolyg\u0173 ir ilgalaik\u012f \u012fdegio atspalv\u012f<br data-start=\"3228\" data-end=\"3231\" \/>\u2013 <strong data-start=\"3233\" data-end=\"3261\">Mink\u0161tinan\u010dios med\u017eiagos<\/strong>: didina odos komfort\u0105 naudojimo metu<\/p>\n<p data-start=\"3302\" data-end=\"3358\">Tinka visiems odos tipams ir bet kokiam odos atspalviui.<\/p>\n<p data-start=\"3360\" data-end=\"3381\"><strong data-start=\"3360\" data-end=\"3369\">T\u016bris<\/strong>: <strong data-start=\"3371\" data-end=\"3381\">100 ml<\/strong><\/p>\n","protected":false},"excerpt":{"rendered":"<p data-start=\"3991\" data-end=\"4031\">Sausas kokos\u0173 aliejus su \u012fdegio efektu<\/p>\n<h2 data-start=\"4033\" data-end=\"4082\"><strong data-start=\"4033\" data-end=\"4082\">James Read &#8211; Coconut Dry Oil Tan Body Savyb\u0117s<\/strong><\/h2>\n<p data-start=\"4084\" data-end=\"4264\">\u2714\ufe0f Suteikia odai tolyg\u0173 auksin\u012f \u012fdeg\u012f<br data-start=\"4121\" data-end=\"4124\" \/>\u2714\ufe0f Giliai dr\u0117kina ir maitina od\u0105<br data-start=\"4156\" data-end=\"4159\" \/>\u2714\ufe0f Greitai i\u0161d\u017ei\u016bsta be lipnumo<br data-start=\"4190\" data-end=\"4193\" \/>\u2714\ufe0f U\u017etikrina tolyg\u0173 paskirstym\u0105<br data-start=\"4224\" data-end=\"4227\" \/>\u2714\ufe0f Tinka bet kokiam odos atspalviui<\/p>\n","protected":false},"featured_media":65752,"template":"","meta":[],"pwb-brand":[1244],"product_brand":[],"product_cat":[758,773],"product_tag":[],"giftcard-category":[],"class_list":{"0":"post-71935","1":"product","2":"type-product","3":"status-publish","4":"has-post-thumbnail","6":"pwb-brand-james-read","7":"product_cat-kuno-prieziura","8":"product_cat-savaiminio-idegio-priemones","10":"first","11":"instock","12":"sale","13":"taxable","14":"shipping-taxable","15":"purchasable","16":"product-type-simple"},"acf":[],"brands":[{"id":1244,"name":"James Read","slug":"james-read"}],"_links":{"self":[{"href":"https:\/\/skinstudio.ee\/lt\/wp-json\/wp\/v2\/product\/71935","targetHints":{"allow":["GET"]}}],"collection":[{"href":"https:\/\/skinstudio.ee\/lt\/wp-json\/wp\/v2\/product"}],"about":[{"href":"https:\/\/skinstudio.ee\/lt\/wp-json\/wp\/v2\/types\/product"}],"version-history":[{"count":1,"href":"https:\/\/skinstudio.ee\/lt\/wp-json\/wp\/v2\/product\/71935\/revisions"}],"predecessor-version":[{"id":71936,"href":"https:\/\/skinstudio.ee\/lt\/wp-json\/wp\/v2\/product\/71935\/revisions\/71936"}],"wp:featuredmedia":[{"embeddable":true,"href":"https:\/\/skinstudio.ee\/lt\/wp-json\/wp\/v2\/media\/65752"}],"wp:attachment":[{"href":"https:\/\/skinstudio.ee\/lt\/wp-json\/wp\/v2\/media?parent=71935"}],"wp:term":[{"taxonomy":"pwb-brand","embeddable":true,"href":"https:\/\/skinstudio.ee\/lt\/wp-json\/wp\/v2\/pwb-brand?post=71935"},{"taxonomy":"product_brand","embeddable":true,"href":"https:\/\/skinstudio.ee\/lt\/wp-json\/wp\/v2\/product_brand?post=71935"},{"taxonomy":"product_cat","embeddable":true,"href":"https:\/\/skinstudio.ee\/lt\/wp-json\/wp\/v2\/product_cat?post=71935"},{"taxonomy":"product_tag","embeddable":true,"href":"https:\/\/skinstudio.ee\/lt\/wp-json\/wp\/v2\/product_tag?post=71935"},{"taxonomy":"giftcard-category","embeddable":true,"href":"https:\/\/skinstudio.ee\/lt\/wp-json\/wp\/v2\/giftcard-category?post=71935"}],"curies":[{"name":"wp","href":"https:\/\/api.w.org\/{rel}","templated":true}]}}