{"id":71953,"date":"2023-05-24T17:56:21","date_gmt":"2023-05-24T17:56:21","guid":{"rendered":"https:\/\/skinstudio.ee\/?post_type=product&#038;p=71953"},"modified":"2026-01-19T15:20:26","modified_gmt":"2026-01-19T15:20:26","slug":"h2o-tan-drops-body","status":"publish","type":"product","link":"https:\/\/skinstudio.ee\/lt\/catalog\/james-read\/h2o-tan-drops-body\/","title":{"rendered":"H2O Tan Drops Body"},"content":{"rendered":"<p data-start=\"2120\" data-end=\"2451\"><strong data-start=\"2120\" data-end=\"2157\">H2O Tan Drops Body nuo James Read<\/strong> \u2013 tai skaidrus, vandens pagrindo k\u016bno serumas, kur\u012f galima mai\u0161yti su bet kuria k\u016bno prie\u017ei\u016bros priemone. Tiesiog \u012fla\u0161inkite kelis la\u0161us \u012f savo m\u0117gstam\u0105 krem\u0105, losjon\u0105, aliej\u0173 ar apsaugin\u0119 priemon\u0119 nuo saul\u0117s, kad sukurtum\u0117te individual\u0173, palaipsniui formuojam\u0105 \u012fdeg\u012f su nat\u016braliu rezultatu.<\/p>\n<p data-start=\"2453\" data-end=\"2781\">Lengva formul\u0117 veikia \u0161velniai, netrikdo \u012fprastos k\u016bno prie\u017ei\u016bros rutinos ir leid\u017eia visi\u0161kai kontroliuoti \u012fdegio intensyvum\u0105 \u2013 nuo subtilaus \u0161vyt\u0117jimo iki sodresnio atspalvio. La\u0161ai tolygiai pasiskirsto ant odos, nekem\u0161a por\u0173 ir neskatina b\u0117rim\u0173 atsiradimo. \u012edegis vystosi palaipsniui, atrodo nat\u016braliai ir i\u0161lieka iki 5 dien\u0173.<\/p>\n<p data-start=\"2783\" data-end=\"3177\"><strong data-start=\"2783\" data-end=\"2822\">Pagrindiniai aktyvieji komponentai:<\/strong><br data-start=\"2822\" data-end=\"2825\" \/>\u2013 <strong data-start=\"2827\" data-end=\"2848\">Hialurono r\u016bg\u0161tis<\/strong>: padeda palaikyti optimal\u0173 odos dr\u0117gm\u0117s lyg\u012f<br data-start=\"2893\" data-end=\"2896\" \/>\u2013 <strong data-start=\"2898\" data-end=\"2910\">Alavijas<\/strong>: padeda i\u0161vengti sausumo ir didina odos komfort\u0105<br data-start=\"2959\" data-end=\"2962\" \/>\u2013 <strong data-start=\"2964\" data-end=\"2980\">Ro\u017ei\u0173 vanduo<\/strong>: skatina tolyg\u0173 paskirstym\u0105 ir gaivi\u0105 odos i\u0161vaizd\u0105<br data-start=\"3032\" data-end=\"3035\" \/>\u2013 <strong data-start=\"3037\" data-end=\"3058\">Nat\u016brali karamel\u0117<\/strong>: suteikia momentin\u012f \u0161vyt\u0117jimo efekt\u0105<br data-start=\"3095\" data-end=\"3098\" \/>\u2013 <strong data-start=\"3100\" data-end=\"3124\">Tantone technologija<\/strong>: pritaiko \u012fdegio atspalv\u012f individualiam odos tonui<\/p>\n<p data-start=\"3179\" data-end=\"3320\">Tinka visiems odos tipams. Idealu tiems, kurie nori savaranki\u0161kai reguliuoti \u012fdegio intensyvum\u0105 nekeisdami \u012fprast\u0173 k\u016bno prie\u017ei\u016bros priemoni\u0173.<\/p>\n<p data-start=\"3322\" data-end=\"3342\"><strong data-start=\"3322\" data-end=\"3331\">T\u016bris<\/strong>: <strong data-start=\"3333\" data-end=\"3342\">45 ml<\/strong><\/p>\n","protected":false},"excerpt":{"rendered":"<p data-start=\"3721\" data-end=\"3753\">Koncentruoti k\u016bno \u012fdegio la\u0161ai<\/p>\n<h2 data-start=\"3755\" data-end=\"3798\"><strong data-start=\"3755\" data-end=\"3798\">James Read &#8211; H2O Tan Drops Body Savyb\u0117s<\/strong><\/h2>\n<p data-start=\"3800\" data-end=\"3999\">\u2714\ufe0f Leid\u017eia kontroliuoti \u012fdegio intensyvum\u0105<br data-start=\"3842\" data-end=\"3845\" \/>\u2714\ufe0f Suderinami su bet kuria k\u016bno priemone<br data-start=\"3885\" data-end=\"3888\" \/>\u2714\ufe0f Padeda i\u0161vengti odos sausumo<br data-start=\"3919\" data-end=\"3922\" \/>\u2714\ufe0f Suteikia odai nat\u016bral\u0173 \u0161vyt\u0117jim\u0105<br data-start=\"3957\" data-end=\"3960\" \/>\u2714\ufe0f Formuoja tolyg\u0173, palaipsnin\u012f \u012fdeg\u012f<\/p>\n","protected":false},"featured_media":65757,"template":"","meta":[],"pwb-brand":[1244],"product_brand":[],"product_cat":[738,758,773],"product_tag":[],"giftcard-category":[],"class_list":{"0":"post-71953","1":"product","2":"type-product","3":"status-publish","4":"has-post-thumbnail","6":"pwb-brand-james-read","7":"product_cat-drekinimas","8":"product_cat-kuno-prieziura","9":"product_cat-savaiminio-idegio-priemones","11":"first","12":"instock","13":"taxable","14":"shipping-taxable","15":"purchasable","16":"product-type-simple"},"acf":[],"brands":[{"id":1244,"name":"James Read","slug":"james-read"}],"_links":{"self":[{"href":"https:\/\/skinstudio.ee\/lt\/wp-json\/wp\/v2\/product\/71953","targetHints":{"allow":["GET"]}}],"collection":[{"href":"https:\/\/skinstudio.ee\/lt\/wp-json\/wp\/v2\/product"}],"about":[{"href":"https:\/\/skinstudio.ee\/lt\/wp-json\/wp\/v2\/types\/product"}],"version-history":[{"count":1,"href":"https:\/\/skinstudio.ee\/lt\/wp-json\/wp\/v2\/product\/71953\/revisions"}],"predecessor-version":[{"id":71954,"href":"https:\/\/skinstudio.ee\/lt\/wp-json\/wp\/v2\/product\/71953\/revisions\/71954"}],"wp:featuredmedia":[{"embeddable":true,"href":"https:\/\/skinstudio.ee\/lt\/wp-json\/wp\/v2\/media\/65757"}],"wp:attachment":[{"href":"https:\/\/skinstudio.ee\/lt\/wp-json\/wp\/v2\/media?parent=71953"}],"wp:term":[{"taxonomy":"pwb-brand","embeddable":true,"href":"https:\/\/skinstudio.ee\/lt\/wp-json\/wp\/v2\/pwb-brand?post=71953"},{"taxonomy":"product_brand","embeddable":true,"href":"https:\/\/skinstudio.ee\/lt\/wp-json\/wp\/v2\/product_brand?post=71953"},{"taxonomy":"product_cat","embeddable":true,"href":"https:\/\/skinstudio.ee\/lt\/wp-json\/wp\/v2\/product_cat?post=71953"},{"taxonomy":"product_tag","embeddable":true,"href":"https:\/\/skinstudio.ee\/lt\/wp-json\/wp\/v2\/product_tag?post=71953"},{"taxonomy":"giftcard-category","embeddable":true,"href":"https:\/\/skinstudio.ee\/lt\/wp-json\/wp\/v2\/giftcard-category?post=71953"}],"curies":[{"name":"wp","href":"https:\/\/api.w.org\/{rel}","templated":true}]}}