{"id":71960,"date":"2023-05-24T17:56:20","date_gmt":"2023-05-24T17:56:20","guid":{"rendered":"https:\/\/skinstudio.ee\/?post_type=product&#038;p=71960"},"modified":"2026-01-19T15:20:26","modified_gmt":"2026-01-19T15:20:26","slug":"sleep-mask-tan-body","status":"publish","type":"product","link":"https:\/\/skinstudio.ee\/lt\/catalog\/james-read\/sleep-mask-tan-body\/","title":{"rendered":"Sleep Mask Tan Body"},"content":{"rendered":"<p data-start=\"1812\" data-end=\"2089\"><strong data-start=\"1812\" data-end=\"1850\">Sleep Mask Tan Body nuo James Read<\/strong> \u2013 tai naktin\u0117 k\u016bno kauk\u0117 su savaiminio \u012fdegio efektu, kuri miego metu suteikia odai norim\u0105 atspalv\u012f ir kartu u\u017etikrina prie\u017ei\u016br\u0105. Greitai d\u017ei\u016bstanti, skaidri formul\u0117 veikia per nakt\u012f, tod\u0117l ryte oda atrodo labiau pri\u017ei\u016br\u0117ta ir \u0161vytinti.<\/p>\n<p data-start=\"2091\" data-end=\"2412\">\u0160velni tekst\u016bra leid\u017eia reguliuoti \u012fdegio intensyvum\u0105 \u2013 nuo lengvo \u0161vyt\u0117jimo iki sodraus auksinio tono, naudojant produkt\u0105 pakartotinai. Glotni, \u0161ilkin\u0117 konsistencija lengvai pasiskirsto ir tinka naudoti kelias naktis i\u0161 eil\u0117s. Tantone technologija padeda pasiekti nat\u016bral\u0173 rezultat\u0105, pritaikyt\u0105 individualiam odos tonui.<\/p>\n<p data-start=\"2414\" data-end=\"2805\"><strong data-start=\"2414\" data-end=\"2453\">Pagrindiniai aktyvieji komponentai:<\/strong><br data-start=\"2453\" data-end=\"2456\" \/>\u2013 <strong data-start=\"2458\" data-end=\"2479\">Hialurono r\u016bg\u0161tis<\/strong>: padeda palaikyti optimal\u0173 odos dr\u0117gm\u0117s lyg\u012f<br data-start=\"2524\" data-end=\"2527\" \/>\u2013 <strong data-start=\"2529\" data-end=\"2541\">Kofeinas<\/strong>: padeda odai atrodyti stangresnei<br data-start=\"2575\" data-end=\"2578\" \/>\u2013 <strong data-start=\"2580\" data-end=\"2612\">Savaiminio \u012fdegio kompleksas<\/strong>: palaipsniui formuoja tolyg\u0173 \u012fdeg\u012f<br data-start=\"2647\" data-end=\"2650\" \/>\u2013 <strong data-start=\"2652\" data-end=\"2676\">Tantone technologija<\/strong>: pritaiko \u012fdegio atspalv\u012f nat\u016braliam odos tonui<br data-start=\"2724\" data-end=\"2727\" \/>\u2013 <strong data-start=\"2729\" data-end=\"2765\">Pri\u017ei\u016brin\u010dios sudedamosios dalys<\/strong>: u\u017etikrina odos komfort\u0105 nakties metu<\/p>\n<p data-start=\"2807\" data-end=\"2863\">Tinka visiems odos tipams ir bet kokiam odos atspalviui.<\/p>\n<p data-start=\"2865\" data-end=\"2886\"><strong data-start=\"2865\" data-end=\"2874\">T\u016bris<\/strong>: <strong data-start=\"2876\" data-end=\"2886\">200 ml<\/strong><\/p>\n<p data-start=\"2888\" data-end=\"3164\">\n","protected":false},"excerpt":{"rendered":"<p data-start=\"3166\" data-end=\"3208\">Naktin\u0117 k\u016bno kauk\u0117 \u2013 prie\u017ei\u016bra ir \u012fdegis<\/p>\n<h2 data-start=\"3210\" data-end=\"3254\"><strong data-start=\"3210\" data-end=\"3254\">James Read &#8211; Sleep Mask Tan Body Savyb\u0117s<\/strong><\/h2>\n<p data-start=\"3256\" data-end=\"3441\">\u2714\ufe0f Palaipsniui suteikia nat\u016bral\u0173 \u012fdeg\u012f<br data-start=\"3294\" data-end=\"3297\" \/>\u2714\ufe0f Greitai i\u0161d\u017ei\u016bsta be lipnumo<br data-start=\"3328\" data-end=\"3331\" \/>\u2714\ufe0f Leid\u017eia reguliuoti spalvos intensyvum\u0105<br data-start=\"3372\" data-end=\"3375\" \/>\u2714\ufe0f Pri\u017ei\u016bri od\u0105 miego metu<br data-start=\"3401\" data-end=\"3404\" \/>\u2714\ufe0f Tinka bet kokiam odos atspalviui<\/p>\n","protected":false},"featured_media":65762,"template":"","meta":[],"pwb-brand":[1244],"product_brand":[],"product_cat":[773],"product_tag":[],"giftcard-category":[],"class_list":{"0":"post-71960","1":"product","2":"type-product","3":"status-publish","4":"has-post-thumbnail","6":"pwb-brand-james-read","7":"product_cat-savaiminio-idegio-priemones","9":"first","10":"instock","11":"sale","12":"taxable","13":"shipping-taxable","14":"purchasable","15":"product-type-simple"},"acf":[],"brands":[{"id":1244,"name":"James Read","slug":"james-read"}],"_links":{"self":[{"href":"https:\/\/skinstudio.ee\/lt\/wp-json\/wp\/v2\/product\/71960","targetHints":{"allow":["GET"]}}],"collection":[{"href":"https:\/\/skinstudio.ee\/lt\/wp-json\/wp\/v2\/product"}],"about":[{"href":"https:\/\/skinstudio.ee\/lt\/wp-json\/wp\/v2\/types\/product"}],"version-history":[{"count":1,"href":"https:\/\/skinstudio.ee\/lt\/wp-json\/wp\/v2\/product\/71960\/revisions"}],"predecessor-version":[{"id":71961,"href":"https:\/\/skinstudio.ee\/lt\/wp-json\/wp\/v2\/product\/71960\/revisions\/71961"}],"wp:featuredmedia":[{"embeddable":true,"href":"https:\/\/skinstudio.ee\/lt\/wp-json\/wp\/v2\/media\/65762"}],"wp:attachment":[{"href":"https:\/\/skinstudio.ee\/lt\/wp-json\/wp\/v2\/media?parent=71960"}],"wp:term":[{"taxonomy":"pwb-brand","embeddable":true,"href":"https:\/\/skinstudio.ee\/lt\/wp-json\/wp\/v2\/pwb-brand?post=71960"},{"taxonomy":"product_brand","embeddable":true,"href":"https:\/\/skinstudio.ee\/lt\/wp-json\/wp\/v2\/product_brand?post=71960"},{"taxonomy":"product_cat","embeddable":true,"href":"https:\/\/skinstudio.ee\/lt\/wp-json\/wp\/v2\/product_cat?post=71960"},{"taxonomy":"product_tag","embeddable":true,"href":"https:\/\/skinstudio.ee\/lt\/wp-json\/wp\/v2\/product_tag?post=71960"},{"taxonomy":"giftcard-category","embeddable":true,"href":"https:\/\/skinstudio.ee\/lt\/wp-json\/wp\/v2\/giftcard-category?post=71960"}],"curies":[{"name":"wp","href":"https:\/\/api.w.org\/{rel}","templated":true}]}}