{"id":71967,"date":"2023-05-24T17:56:20","date_gmt":"2023-05-24T17:56:20","guid":{"rendered":"https:\/\/skinstudio.ee\/?post_type=product&#038;p=71967"},"modified":"2026-01-19T15:20:26","modified_gmt":"2026-01-19T15:20:26","slug":"coconut-water-tan-mist-face","status":"publish","type":"product","link":"https:\/\/skinstudio.ee\/lt\/catalog\/james-read\/coconut-water-tan-mist-face\/","title":{"rendered":"Coconut Water Tan Mist Face"},"content":{"rendered":"<p data-start=\"1963\" data-end=\"2270\"><strong data-start=\"1963\" data-end=\"2009\">Coconut Water Tan Mist Face nuo James Read<\/strong> \u2013 tai intensyviai dr\u0117kinantis veido \u012fdegio pur\u0161kiklis su ry\u0161kiu kokos\u0173 aromatu, suteikiantis odai nat\u016bral\u0173 auksin\u012f \u0161vyt\u0117jim\u0105. Lengva dulksna atgaivina od\u0105, pagerina jos ton\u0105 ir tekst\u016br\u0105 bei jau nuo pirm\u0173j\u0173 naudojim\u0173 suteikia subtil\u0173 saul\u0117s nubu\u010diuot\u0105 efekt\u0105.<\/p>\n<p data-start=\"2272\" data-end=\"2643\">Formul\u0117 sukurta vandens pagrindu, naudojant nat\u016bral\u0173 kokos\u0173 vanden\u012f, ir praturtinta antioksidantais, kurie padeda atkurti odos dr\u0117gm\u0117s balans\u0105 ir u\u017etikrina komfort\u0105. Riebal\u0173 r\u016bg\u0161\u010di\u0173 aminor\u016bg\u0161tys mink\u0161tina jautri\u0105 od\u0105 ir padeda nuraminti sudirgimus, o itin lengva tekst\u016bra \u012fsigeria per kelias sekundes, nepalikdama lipnumo. \u012edegis vystosi palaipsniui ir atrodo nat\u016braliai.<\/p>\n<p data-start=\"2645\" data-end=\"3047\"><strong data-start=\"2645\" data-end=\"2684\">Pagrindiniai aktyvieji komponentai:<\/strong><br data-start=\"2684\" data-end=\"2687\" \/>\u2013 <strong data-start=\"2689\" data-end=\"2706\">Kokos\u0173 vanduo<\/strong> \u2013 intensyviai dr\u0117kina ir gaivina od\u0105<br data-start=\"2743\" data-end=\"2746\" \/>\u2013 <strong data-start=\"2748\" data-end=\"2776\">Antioksidant\u0173 kompleksas<\/strong> \u2013 padeda apsaugoti od\u0105 nuo aplinkos poveikio<br data-start=\"2821\" data-end=\"2824\" \/>\u2013 <strong data-start=\"2826\" data-end=\"2858\">Riebal\u0173 r\u016bg\u0161\u010di\u0173 aminor\u016bg\u0161tys<\/strong> \u2013 mink\u0161tina od\u0105 ir didina komfort\u0105<br data-start=\"2893\" data-end=\"2896\" \/>\u2013 <strong data-start=\"2898\" data-end=\"2929\">Hamamelis (ragan\u0173 lazdynas)<\/strong> \u2013 padeda palaikyti \u0161varesn\u0119 odos i\u0161vaizd\u0105<br data-start=\"2971\" data-end=\"2974\" \/>\u2013 <strong data-start=\"2976\" data-end=\"3008\">Savaiminio \u012fdegio kompleksas<\/strong> \u2013 formuoja tolyg\u0173, palaipsnin\u012f \u012fdeg\u012f<\/p>\n<p data-start=\"3049\" data-end=\"3178\">Tinka visiems odos tipams ir bet kokiam odos atspalviui. Idealiai tinka kasdieniam naudojimui ir \u012fdegio atnaujinimui dienos metu.<\/p>\n<p data-start=\"3180\" data-end=\"3201\"><strong data-start=\"3180\" data-end=\"3189\">T\u016bris<\/strong>: <strong data-start=\"3191\" data-end=\"3201\">100 ml<\/strong><\/p>\n","protected":false},"excerpt":{"rendered":"<p data-start=\"3486\" data-end=\"3535\">Veido \u012fdegio pur\u0161kiklis kokos\u0173 vandens pagrindu<\/p>\n<h2 data-start=\"3537\" data-end=\"3589\"><strong data-start=\"3537\" data-end=\"3589\">James Read &#8211; Coconut Water Tan Mist Face Savyb\u0117s<\/strong><\/h2>\n<p data-start=\"3591\" data-end=\"3790\">\u2714\ufe0f Palaipsniui suteikia nat\u016bral\u0173 auksin\u012f \u0161vyt\u0117jim\u0105<br data-start=\"3641\" data-end=\"3644\" \/>\u2714\ufe0f Intensyviai dr\u0117kina ir gaivina od\u0105<br data-start=\"3681\" data-end=\"3684\" \/>\u2714\ufe0f Lengvai pasiskirsto be dry\u017ei\u0173<br data-start=\"3716\" data-end=\"3719\" \/>\u2714\ufe0f Gerina odos ton\u0105 ir tekst\u016br\u0105<br data-start=\"3750\" data-end=\"3753\" \/>\u2714\ufe0f Tinka bet kokiam odos atspalviui<\/p>\n","protected":false},"featured_media":65767,"template":"","meta":[],"pwb-brand":[1244],"product_brand":[],"product_cat":[773],"product_tag":[],"giftcard-category":[],"class_list":{"0":"post-71967","1":"product","2":"type-product","3":"status-publish","4":"has-post-thumbnail","6":"pwb-brand-james-read","7":"product_cat-savaiminio-idegio-priemones","8":"pa_suurus-100ml-lt","9":"pa_suurus-30ml-lt","11":"first","12":"instock","13":"taxable","14":"shipping-taxable","15":"purchasable","16":"product-type-simple"},"acf":[],"brands":[{"id":1244,"name":"James Read","slug":"james-read"}],"_links":{"self":[{"href":"https:\/\/skinstudio.ee\/lt\/wp-json\/wp\/v2\/product\/71967","targetHints":{"allow":["GET"]}}],"collection":[{"href":"https:\/\/skinstudio.ee\/lt\/wp-json\/wp\/v2\/product"}],"about":[{"href":"https:\/\/skinstudio.ee\/lt\/wp-json\/wp\/v2\/types\/product"}],"version-history":[{"count":1,"href":"https:\/\/skinstudio.ee\/lt\/wp-json\/wp\/v2\/product\/71967\/revisions"}],"predecessor-version":[{"id":71968,"href":"https:\/\/skinstudio.ee\/lt\/wp-json\/wp\/v2\/product\/71967\/revisions\/71968"}],"wp:featuredmedia":[{"embeddable":true,"href":"https:\/\/skinstudio.ee\/lt\/wp-json\/wp\/v2\/media\/65767"}],"wp:attachment":[{"href":"https:\/\/skinstudio.ee\/lt\/wp-json\/wp\/v2\/media?parent=71967"}],"wp:term":[{"taxonomy":"pwb-brand","embeddable":true,"href":"https:\/\/skinstudio.ee\/lt\/wp-json\/wp\/v2\/pwb-brand?post=71967"},{"taxonomy":"product_brand","embeddable":true,"href":"https:\/\/skinstudio.ee\/lt\/wp-json\/wp\/v2\/product_brand?post=71967"},{"taxonomy":"product_cat","embeddable":true,"href":"https:\/\/skinstudio.ee\/lt\/wp-json\/wp\/v2\/product_cat?post=71967"},{"taxonomy":"product_tag","embeddable":true,"href":"https:\/\/skinstudio.ee\/lt\/wp-json\/wp\/v2\/product_tag?post=71967"},{"taxonomy":"giftcard-category","embeddable":true,"href":"https:\/\/skinstudio.ee\/lt\/wp-json\/wp\/v2\/giftcard-category?post=71967"}],"curies":[{"name":"wp","href":"https:\/\/api.w.org\/{rel}","templated":true}]}}