{"id":71974,"date":"2023-05-24T17:56:20","date_gmt":"2023-05-24T17:56:20","guid":{"rendered":"https:\/\/skinstudio.ee\/?post_type=product&#038;p=71974"},"modified":"2026-01-19T15:20:26","modified_gmt":"2026-01-19T15:20:26","slug":"coconut-water-tan-mist-body","status":"publish","type":"product","link":"https:\/\/skinstudio.ee\/lt\/catalog\/james-read\/coconut-water-tan-mist-body\/","title":{"rendered":"Coconut Water Tan Mist Body"},"content":{"rendered":"<p data-start=\"2414\" data-end=\"2770\"><strong data-start=\"2414\" data-end=\"2460\">Coconut Water Tan Mist Body nuo James Read<\/strong> \u2013 tai naujas Gradual kategorijos produktas, kuris, remiantis daugybe atsiliepim\u0173, pretenduoja tapti vienu i\u0161 populiariausi\u0173 \u0161io prek\u0117s \u017eenklo gamini\u0173. Skaidrus k\u016bno pur\u0161kiklis su maloniu kokos\u0173 aromatu lengvai ir greitai pasiskirsto ant odos, j\u0105 dr\u0117kina ir suteikia \u0161veln\u0173, nat\u016bral\u0173 auksin\u012f \u012fdegio atspalv\u012f.<\/p>\n<p data-start=\"2772\" data-end=\"3146\">Formul\u0117 sukurta kokos\u0173 vandens pagrindu ir praturtinta antioksidantais bei vitaminais, kurie padeda atkurti od\u0105, suteikdami jai \u0161velnumo, glotnumo ir \u0161ilkin\u012f poj\u016bt\u012f. Lengva tekst\u016bra akimirksniu \u012fsigeria, nepalieka lipnumo ir leid\u017eia palaipsniui stiprinti \u012fdegio intensyvum\u0105 reguliariai naudojant. Norint tolygaus rezultato, rekomenduojama naudoti savaiminio \u012fdegio pir\u0161tin\u0119.<\/p>\n<p data-start=\"3148\" data-end=\"3519\"><strong data-start=\"3148\" data-end=\"3187\">Pagrindiniai aktyvieji komponentai:<\/strong><br data-start=\"3187\" data-end=\"3190\" \/>\u2013 <strong data-start=\"3192\" data-end=\"3209\">Kokos\u0173 vanduo<\/strong>: dr\u0117kina od\u0105 ir padeda i\u0161laikyti gaivi\u0105 i\u0161vaizd\u0105<br data-start=\"3258\" data-end=\"3261\" \/>\u2013 <strong data-start=\"3263\" data-end=\"3294\">Hamamelis (ragan\u0173 lazdynas)<\/strong>: padeda suvienodinti odos ton\u0105<br data-start=\"3325\" data-end=\"3328\" \/>\u2013 <strong data-start=\"3330\" data-end=\"3342\">Alavijas<\/strong>: ramina od\u0105 ir padeda i\u0161vengti sausumo<br data-start=\"3381\" data-end=\"3384\" \/>\u2013 <strong data-start=\"3386\" data-end=\"3407\">Hialurono r\u016bg\u0161tis<\/strong>: palaiko optimal\u0173 odos dr\u0117gm\u0117s lyg\u012f<br data-start=\"3443\" data-end=\"3446\" \/>\u2013 <strong data-start=\"3448\" data-end=\"3463\">Vitaminas E<\/strong>: suteikia antioksidacin\u0119 apsaug\u0105 ir gerina odos b\u016bkl\u0119<\/p>\n<p data-start=\"3521\" data-end=\"3661\">Tinka visiems odos tipams ir bet kokiam odos atspalviui. Puikus pasirinkimas tiems, kurie nori lengvo, palaipsnio \u012fdegio neapsunkinant odos.<\/p>\n<p data-start=\"3663\" data-end=\"3684\"><strong data-start=\"3663\" data-end=\"3672\">T\u016bris<\/strong>: <strong data-start=\"3674\" data-end=\"3684\">200 ml<\/strong><\/p>\n","protected":false},"excerpt":{"rendered":"<p data-start=\"4322\" data-end=\"4371\">Kokos\u0173 vandens k\u016bno pur\u0161kiklis su \u012fdegio efektu<\/p>\n<h2 data-start=\"4373\" data-end=\"4425\"><strong data-start=\"4373\" data-end=\"4425\">James Read &#8211; Coconut Water Tan Mist Body Savyb\u0117s<\/strong><\/h2>\n<p data-start=\"4427\" data-end=\"4623\">\u2714\ufe0f Palaipsniui suteikia odai auksin\u012f atspalv\u012f<br data-start=\"4472\" data-end=\"4475\" \/>\u2714\ufe0f Greitai i\u0161d\u017ei\u016bsta be lipnumo<br data-start=\"4506\" data-end=\"4509\" \/>\u2714\ufe0f Intensyviai dr\u0117kina ir mink\u0161tina od\u0105<br data-start=\"4548\" data-end=\"4551\" \/>\u2714\ufe0f Padaro od\u0105 glotni\u0105 ir \u0161ilkin\u0119<br data-start=\"4583\" data-end=\"4586\" \/>\u2714\ufe0f Tinka bet kokiam odos atspalviui<\/p>\n","protected":false},"featured_media":65772,"template":"","meta":[],"pwb-brand":[1244],"product_brand":[],"product_cat":[738,758,773],"product_tag":[],"giftcard-category":[],"class_list":{"0":"post-71974","1":"product","2":"type-product","3":"status-publish","4":"has-post-thumbnail","6":"pwb-brand-james-read","7":"product_cat-drekinimas","8":"product_cat-kuno-prieziura","9":"product_cat-savaiminio-idegio-priemones","11":"first","12":"instock","13":"taxable","14":"shipping-taxable","15":"purchasable","16":"product-type-simple"},"acf":[],"brands":[{"id":1244,"name":"James Read","slug":"james-read"}],"_links":{"self":[{"href":"https:\/\/skinstudio.ee\/lt\/wp-json\/wp\/v2\/product\/71974","targetHints":{"allow":["GET"]}}],"collection":[{"href":"https:\/\/skinstudio.ee\/lt\/wp-json\/wp\/v2\/product"}],"about":[{"href":"https:\/\/skinstudio.ee\/lt\/wp-json\/wp\/v2\/types\/product"}],"version-history":[{"count":1,"href":"https:\/\/skinstudio.ee\/lt\/wp-json\/wp\/v2\/product\/71974\/revisions"}],"predecessor-version":[{"id":71975,"href":"https:\/\/skinstudio.ee\/lt\/wp-json\/wp\/v2\/product\/71974\/revisions\/71975"}],"wp:featuredmedia":[{"embeddable":true,"href":"https:\/\/skinstudio.ee\/lt\/wp-json\/wp\/v2\/media\/65772"}],"wp:attachment":[{"href":"https:\/\/skinstudio.ee\/lt\/wp-json\/wp\/v2\/media?parent=71974"}],"wp:term":[{"taxonomy":"pwb-brand","embeddable":true,"href":"https:\/\/skinstudio.ee\/lt\/wp-json\/wp\/v2\/pwb-brand?post=71974"},{"taxonomy":"product_brand","embeddable":true,"href":"https:\/\/skinstudio.ee\/lt\/wp-json\/wp\/v2\/product_brand?post=71974"},{"taxonomy":"product_cat","embeddable":true,"href":"https:\/\/skinstudio.ee\/lt\/wp-json\/wp\/v2\/product_cat?post=71974"},{"taxonomy":"product_tag","embeddable":true,"href":"https:\/\/skinstudio.ee\/lt\/wp-json\/wp\/v2\/product_tag?post=71974"},{"taxonomy":"giftcard-category","embeddable":true,"href":"https:\/\/skinstudio.ee\/lt\/wp-json\/wp\/v2\/giftcard-category?post=71974"}],"curies":[{"name":"wp","href":"https:\/\/api.w.org\/{rel}","templated":true}]}}