{"id":71982,"date":"2023-05-24T17:56:20","date_gmt":"2023-05-24T17:56:20","guid":{"rendered":"https:\/\/skinstudio.ee\/?post_type=product&#038;p=71982"},"modified":"2026-01-19T15:20:26","modified_gmt":"2026-01-19T15:20:26","slug":"tanning-mitt","status":"publish","type":"product","link":"https:\/\/skinstudio.ee\/lt\/catalog\/james-read\/tanning-mitt\/","title":{"rendered":"Tanning Mitt"},"content":{"rendered":"<p data-start=\"1444\" data-end=\"1758\"><strong data-start=\"1444\" data-end=\"1475\">Tanning Mitt nuo James Read<\/strong> \u2013 tai itin mink\u0161ta, dvipus\u0117 savaiminio \u012fdegio pir\u0161tin\u0117, pagaminta i\u0161 auk\u0161tos kokyb\u0117s mikropluo\u0161to, skirta tolygiam ir be dry\u017ei\u0173 \u012fdegiui sukurti. Pir\u0161tin\u0117 leid\u017eia lengvai ir tolygiai paskirstyti savaiminio \u012fdegio priemones bei padeda i\u0161vengti d\u0117mi\u0173 ir juost\u0173 \u012fdegio vystymosi metu.<\/p>\n<p data-start=\"1760\" data-end=\"2051\">Unikalus vandeniui atsparus sluoksnis apsaugo nuo produkto \u012fsig\u0117rimo ir saugo delnus nuo nusida\u017eymo naudojimo metu. Pir\u0161tin\u0117 tinka visiems James Read savaiminio \u012fdegio produktams ir gali b\u016bti naudojama tiek veidui, tiek k\u016bnui. Mink\u0161ta tekst\u016bra u\u017etikrina patog\u0173 naudojim\u0105 ir tolyg\u0173 rezultat\u0105.<\/p>\n<p data-start=\"2053\" data-end=\"2157\">Tinka vis\u0173 tip\u0173 savaiminio \u012fdegio priemon\u0117ms, \u012fskaitant putas, kremus, losjonus, aliejus ir pur\u0161kiklius.<\/p>\n<p data-start=\"2159\" data-end=\"2453\">\n","protected":false},"excerpt":{"rendered":"<p data-start=\"2455\" data-end=\"2492\">Savaiminio \u012fdegio u\u017etepimo pir\u0161tin\u0117<\/p>\n<h2 data-start=\"2494\" data-end=\"2531\"><strong data-start=\"2494\" data-end=\"2531\">James Read &#8211; Tanning Mitt Savyb\u0117s<\/strong><\/h2>\n<p data-start=\"2533\" data-end=\"2724\">\u2714\ufe0f U\u017etikrina tolyg\u0173 padengim\u0105 be dry\u017ei\u0173<br data-start=\"2572\" data-end=\"2575\" \/>\u2714\ufe0f Apsaugo delnus nuo nusida\u017eymo<br data-start=\"2607\" data-end=\"2610\" \/>\u2714\ufe0f Tinka veidui ir k\u016bnui<br data-start=\"2634\" data-end=\"2637\" \/>\u2714\ufe0f Suderinama su visomis savaiminio \u012fdegio priemon\u0117mis<br data-start=\"2691\" data-end=\"2694\" \/>\u2714\ufe0f Mink\u0161ta ir patogi naudoti<\/p>\n","protected":false},"featured_media":65777,"template":"","meta":[],"pwb-brand":[1244],"product_brand":[],"product_cat":[758,773],"product_tag":[],"giftcard-category":[],"class_list":{"0":"post-71982","1":"product","2":"type-product","3":"status-publish","4":"has-post-thumbnail","6":"pwb-brand-james-read","7":"product_cat-kuno-prieziura","8":"product_cat-savaiminio-idegio-priemones","10":"first","11":"instock","12":"taxable","13":"shipping-taxable","14":"purchasable","15":"product-type-simple"},"acf":[],"brands":[{"id":1244,"name":"James Read","slug":"james-read"}],"_links":{"self":[{"href":"https:\/\/skinstudio.ee\/lt\/wp-json\/wp\/v2\/product\/71982","targetHints":{"allow":["GET"]}}],"collection":[{"href":"https:\/\/skinstudio.ee\/lt\/wp-json\/wp\/v2\/product"}],"about":[{"href":"https:\/\/skinstudio.ee\/lt\/wp-json\/wp\/v2\/types\/product"}],"version-history":[{"count":1,"href":"https:\/\/skinstudio.ee\/lt\/wp-json\/wp\/v2\/product\/71982\/revisions"}],"predecessor-version":[{"id":71984,"href":"https:\/\/skinstudio.ee\/lt\/wp-json\/wp\/v2\/product\/71982\/revisions\/71984"}],"wp:featuredmedia":[{"embeddable":true,"href":"https:\/\/skinstudio.ee\/lt\/wp-json\/wp\/v2\/media\/65777"}],"wp:attachment":[{"href":"https:\/\/skinstudio.ee\/lt\/wp-json\/wp\/v2\/media?parent=71982"}],"wp:term":[{"taxonomy":"pwb-brand","embeddable":true,"href":"https:\/\/skinstudio.ee\/lt\/wp-json\/wp\/v2\/pwb-brand?post=71982"},{"taxonomy":"product_brand","embeddable":true,"href":"https:\/\/skinstudio.ee\/lt\/wp-json\/wp\/v2\/product_brand?post=71982"},{"taxonomy":"product_cat","embeddable":true,"href":"https:\/\/skinstudio.ee\/lt\/wp-json\/wp\/v2\/product_cat?post=71982"},{"taxonomy":"product_tag","embeddable":true,"href":"https:\/\/skinstudio.ee\/lt\/wp-json\/wp\/v2\/product_tag?post=71982"},{"taxonomy":"giftcard-category","embeddable":true,"href":"https:\/\/skinstudio.ee\/lt\/wp-json\/wp\/v2\/giftcard-category?post=71982"}],"curies":[{"name":"wp","href":"https:\/\/api.w.org\/{rel}","templated":true}]}}