{"id":71990,"date":"2023-05-24T17:56:19","date_gmt":"2023-05-24T17:56:19","guid":{"rendered":"https:\/\/skinstudio.ee\/?post_type=product&#038;p=71990"},"modified":"2026-01-19T15:20:26","modified_gmt":"2026-01-19T15:20:26","slug":"click-glow-face","status":"publish","type":"product","link":"https:\/\/skinstudio.ee\/lt\/catalog\/james-read\/click-glow-face\/","title":{"rendered":"Click &#038; Glow Face"},"content":{"rendered":"<div class=\"flex flex-col text-sm pb-25\">\n<article class=\"text-token-text-primary w-full focus:outline-none [--shadow-height:45px] has-data-writing-block:pointer-events-none has-data-writing-block:-mt-(--shadow-height) has-data-writing-block:pt-(--shadow-height) [&amp;:has([data-writing-block])&gt;*]:pointer-events-auto scroll-mt-[calc(var(--header-height)+min(200px,max(70px,20svh)))]\" dir=\"auto\" tabindex=\"-1\" data-turn-id=\"request-WEB:80bdf7eb-750c-4056-891b-914b96544065-85\" data-testid=\"conversation-turn-150\" data-scroll-anchor=\"true\" data-turn=\"assistant\">\n<div class=\"text-base my-auto mx-auto pb-10 [--thread-content-margin:--spacing(4)] @w-sm\/main:[--thread-content-margin:--spacing(6)] @w-lg\/main:[--thread-content-margin:--spacing(16)] px-(--thread-content-margin)\">\n<div class=\"[--thread-content-max-width:40rem] @w-lg\/main:[--thread-content-max-width:48rem] mx-auto max-w-(--thread-content-max-width) flex-1 group\/turn-messages focus-visible:outline-hidden relative flex w-full min-w-0 flex-col agent-turn\" tabindex=\"-1\">\n<div class=\"flex max-w-full flex-col grow\">\n<div class=\"min-h-8 text-message relative flex w-full flex-col items-end gap-2 text-start break-words whitespace-normal [.text-message+&amp;]:mt-1\" dir=\"auto\" data-message-author-role=\"assistant\" data-message-id=\"1194d576-482c-4eb5-b7ff-f11f2c643d85\" data-message-model-slug=\"gpt-5-2\">\n<div class=\"flex w-full flex-col gap-1 empty:hidden first:pt-[1px]\">\n<div class=\"streaming-animation markdown prose dark:prose-invert w-full break-words light markdown-new-styling\">\n<p data-start=\"1963\" data-end=\"2301\"><strong data-start=\"1963\" data-end=\"1999\">Click &amp; Glow Face nuo James Read<\/strong> \u2013 tai koncentruoti multivitamininiai gelio la\u0161ai veido \u012fdegiui, sukurti greitam ir patogiam naudojimui, taip pat kelioni\u0173 metu. Priemon\u0117 lengvai susimai\u0161o su kasdieniu dr\u0117kinamuoju kremu ir leid\u017eia individualiai reguliuoti \u012fdegio intensyvum\u0105 \u2013 nuo subtilaus \u0161vyt\u0117jimo iki sodraus auksinio atspalvio.<\/p>\n<p data-start=\"2303\" data-end=\"2638\">Formul\u0117je esantis inkapsuliuotas vitaminas C padeda suteikti odai skaistumo ir gaivumo, o hialurono r\u016bg\u0161tis palaiko optimal\u0173 dr\u0117gm\u0117s lyg\u012f. Nat\u016brali karamel\u0117 suteikia momentin\u012f \u0161vyt\u0117jim\u0105 ir vizualiai suvienodina odos ton\u0105. Lengva gelio tekst\u016bra tolygiai pasiskirsto, netrikdo kasdien\u0117s odos prie\u017ei\u016bros ir tinka visiems odos atspalviams.<\/p>\n<p data-start=\"2640\" data-end=\"3017\"><strong data-start=\"2640\" data-end=\"2679\">Pagrindiniai aktyvieji komponentai:<\/strong><br data-start=\"2679\" data-end=\"2682\" \/>\u2013 <strong data-start=\"2684\" data-end=\"2714\">Inkapsuliuotas vitaminas C<\/strong>: padeda pagerinti odos \u0161vyt\u0117jim\u0105 ir i\u0161vaizd\u0105<br data-start=\"2759\" data-end=\"2762\" \/>\u2013 <strong data-start=\"2764\" data-end=\"2785\">Hialurono r\u016bg\u0161tis<\/strong>: dr\u0117kina od\u0105 ir u\u017etikrina komfort\u0105<br data-start=\"2820\" data-end=\"2823\" \/>\u2013 <strong data-start=\"2825\" data-end=\"2846\">Nat\u016brali karamel\u0117<\/strong>: suteikia odai momentin\u012f \u0161vyt\u0117jim\u0105<br data-start=\"2881\" data-end=\"2884\" \/>\u2013 <strong data-start=\"2886\" data-end=\"2918\">Savaiminio \u012fdegio kompleksas<\/strong>: formuoja tolyg\u0173 ir palaipsnin\u012f \u012fdeg\u012f<br data-start=\"2956\" data-end=\"2959\" \/>\u2013 <strong data-start=\"2961\" data-end=\"2973\">Alavijas<\/strong>: mink\u0161tina od\u0105 ir padeda i\u0161vengti sausumo<\/p>\n<p data-start=\"3019\" data-end=\"3154\">Tinka visiems odos tipams ir bet kokiam odos atspalviui. Puikus pasirinkimas tiems, kurie nori lengvai kontroliuoti \u012fdegio intensyvum\u0105.<\/p>\n<p data-start=\"3156\" data-end=\"3176\"><strong data-start=\"3156\" data-end=\"3165\">T\u016bris<\/strong>: <strong data-start=\"3167\" data-end=\"3176\">15 ml<\/strong><\/p>\n<\/div>\n<\/div>\n<\/div>\n<\/div>\n<\/div>\n<\/div>\n<\/article>\n<\/div>\n","protected":false},"excerpt":{"rendered":"<p data-start=\"3498\" data-end=\"3538\">Koncentruoti gelio la\u0161ai veido \u012fdegiui<\/p>\n<h2 data-start=\"3540\" data-end=\"3582\"><strong data-start=\"3540\" data-end=\"3582\">James Read &#8211; Click &amp; Glow Face Savyb\u0117s<\/strong><\/h2>\n<p data-start=\"3584\" data-end=\"3767\">\u2714\ufe0f Leid\u017eia reguliuoti \u012fdegio intensyvum\u0105<br data-start=\"3624\" data-end=\"3627\" \/>\u2714\ufe0f Suteikia odai momentin\u012f \u0161vyt\u0117jim\u0105<br data-start=\"3663\" data-end=\"3666\" \/>\u2714\ufe0f Dr\u0117kina ir atgaivina od\u0105<br data-start=\"3693\" data-end=\"3696\" \/>\u2714\ufe0f Formuoja nat\u016bral\u0173 ir tolyg\u0173 atspalv\u012f<br data-start=\"3735\" data-end=\"3738\" \/>\u2714\ufe0f Patogu naudoti kelion\u0117se<\/p>\n","protected":false},"featured_media":65782,"template":"","meta":[],"pwb-brand":[1244],"product_brand":[],"product_cat":[773],"product_tag":[],"giftcard-category":[],"class_list":{"0":"post-71990","1":"product","2":"type-product","3":"status-publish","4":"has-post-thumbnail","6":"pwb-brand-james-read","7":"product_cat-savaiminio-idegio-priemones","9":"first","10":"instock","11":"taxable","12":"shipping-taxable","13":"purchasable","14":"product-type-simple"},"acf":[],"brands":[{"id":1244,"name":"James Read","slug":"james-read"}],"_links":{"self":[{"href":"https:\/\/skinstudio.ee\/lt\/wp-json\/wp\/v2\/product\/71990","targetHints":{"allow":["GET"]}}],"collection":[{"href":"https:\/\/skinstudio.ee\/lt\/wp-json\/wp\/v2\/product"}],"about":[{"href":"https:\/\/skinstudio.ee\/lt\/wp-json\/wp\/v2\/types\/product"}],"version-history":[{"count":1,"href":"https:\/\/skinstudio.ee\/lt\/wp-json\/wp\/v2\/product\/71990\/revisions"}],"predecessor-version":[{"id":71991,"href":"https:\/\/skinstudio.ee\/lt\/wp-json\/wp\/v2\/product\/71990\/revisions\/71991"}],"wp:featuredmedia":[{"embeddable":true,"href":"https:\/\/skinstudio.ee\/lt\/wp-json\/wp\/v2\/media\/65782"}],"wp:attachment":[{"href":"https:\/\/skinstudio.ee\/lt\/wp-json\/wp\/v2\/media?parent=71990"}],"wp:term":[{"taxonomy":"pwb-brand","embeddable":true,"href":"https:\/\/skinstudio.ee\/lt\/wp-json\/wp\/v2\/pwb-brand?post=71990"},{"taxonomy":"product_brand","embeddable":true,"href":"https:\/\/skinstudio.ee\/lt\/wp-json\/wp\/v2\/product_brand?post=71990"},{"taxonomy":"product_cat","embeddable":true,"href":"https:\/\/skinstudio.ee\/lt\/wp-json\/wp\/v2\/product_cat?post=71990"},{"taxonomy":"product_tag","embeddable":true,"href":"https:\/\/skinstudio.ee\/lt\/wp-json\/wp\/v2\/product_tag?post=71990"},{"taxonomy":"giftcard-category","embeddable":true,"href":"https:\/\/skinstudio.ee\/lt\/wp-json\/wp\/v2\/giftcard-category?post=71990"}],"curies":[{"name":"wp","href":"https:\/\/api.w.org\/{rel}","templated":true}]}}