{"id":71997,"date":"2023-05-24T17:56:19","date_gmt":"2023-05-24T17:56:19","guid":{"rendered":"https:\/\/skinstudio.ee\/?post_type=product&#038;p=71997"},"modified":"2026-01-19T15:20:26","modified_gmt":"2026-01-19T15:20:26","slug":"h2o-hydrating-mousse","status":"publish","type":"product","link":"https:\/\/skinstudio.ee\/lt\/catalog\/james-read\/h2o-hydrating-mousse\/","title":{"rendered":"H2O Hydrating Mousse"},"content":{"rendered":"<p data-start=\"2127\" data-end=\"2446\"><strong data-start=\"2127\" data-end=\"2166\">H2O Hydrating Mousse nuo James Read<\/strong> \u2013 tai palaipsniui veikiantis savaiminio \u012fdegio aqua putos, suteikian\u010dios odai nat\u016bral\u0173 \u0161vyt\u0117jim\u0105 ir tolyg\u0173, saul\u0117s nubu\u010diuot\u0105 atspalv\u012f. Lengva, vandens pagrindu sukurta tekst\u016bra lengvai pasiskirsto, greitai susigeria ir leid\u017eia \u012fdegiui vystytis palaipsniui, be dry\u017ei\u0173 ar d\u0117mi\u0173.<\/p>\n<p data-start=\"2448\" data-end=\"2715\">Formul\u0117 sujungia savaiminio \u012fdegio kompleks\u0105 su intensyviai dr\u0117kinan\u010diais komponentais, u\u017etikrindama odos komfort\u0105 viso spalvos formavimosi metu. Put\u0173 naudojimas padeda i\u0161laikyti od\u0105 \u0161velni\u0105, lygi\u0105 ir vizualiai pri\u017ei\u016br\u0117t\u0105, o rezultatas atrodo nat\u016bralus ir spindintis.<\/p>\n<p data-start=\"2717\" data-end=\"3109\"><strong data-start=\"2717\" data-end=\"2756\">Pagrindiniai aktyvieji komponentai:<\/strong><br data-start=\"2756\" data-end=\"2759\" \/>\u2013 <strong data-start=\"2761\" data-end=\"2783\">Meliono ekstraktas<\/strong>: padeda dr\u0117kinti od\u0105 ir palaikyti gaivi\u0105 i\u0161vaizd\u0105<br data-start=\"2833\" data-end=\"2836\" \/>\u2013 <strong data-start=\"2838\" data-end=\"2858\">Mango ekstraktas<\/strong>: mink\u0161tina od\u0105 ir gerina jos tekst\u016br\u0105<br data-start=\"2896\" data-end=\"2899\" \/>\u2013 <strong data-start=\"2901\" data-end=\"2923\">Kaktuso ekstraktas<\/strong>: padeda palaikyti odos dr\u0117gm\u0117s balans\u0105<br data-start=\"2962\" data-end=\"2965\" \/>\u2013 <strong data-start=\"2967\" data-end=\"2989\">Papajos ekstraktas<\/strong>: skatina tolygesn\u012f ir lygesn\u012f odos atspalv\u012f<br data-start=\"3033\" data-end=\"3036\" \/>\u2013 <strong data-start=\"3038\" data-end=\"3059\">Hialurono r\u016bg\u0161tis<\/strong>: intensyviai dr\u0117kina ir padeda i\u0161vengti sausumo<\/p>\n<p data-start=\"3111\" data-end=\"3255\">Tinka visiems odos tipams ir visiems odos atspalviams. Puikus pasirinkimas tiems, kurie nori lengvo, palaipsnio \u012fdegio su dr\u0117kinamuoju poveikiu.<\/p>\n<p data-start=\"3257\" data-end=\"3278\"><strong data-start=\"3257\" data-end=\"3266\">T\u016bris<\/strong>: <strong data-start=\"3268\" data-end=\"3278\">200 ml<\/strong><\/p>\n","protected":false},"excerpt":{"rendered":"<p data-start=\"3949\" data-end=\"3979\">Savaiminio \u012fdegio aqua putos<\/p>\n<h2 data-start=\"3981\" data-end=\"4026\"><strong data-start=\"3981\" data-end=\"4026\">James Read &#8211; H2O Hydrating Mousse Savyb\u0117s<\/strong><\/h2>\n<p data-start=\"4028\" data-end=\"4203\">\u2714\ufe0f Palaipsniui formuoja nat\u016bral\u0173 \u012fdeg\u012f<br data-start=\"4066\" data-end=\"4069\" \/>\u2714\ufe0f Tolygiai pasiskirsto be dry\u017ei\u0173<br data-start=\"4102\" data-end=\"4105\" \/>\u2714\ufe0f Intensyviai dr\u0117kina od\u0105<br data-start=\"4131\" data-end=\"4134\" \/>\u2714\ufe0f Palieka od\u0105 \u0161velni\u0105 ir lygi\u0105<br data-start=\"4165\" data-end=\"4168\" \/>\u2714\ufe0f Tinka visiems odos atspalviams<\/p>\n","protected":false},"featured_media":65797,"template":"","meta":[],"pwb-brand":[1244],"product_brand":[],"product_cat":[738,758,773],"product_tag":[],"giftcard-category":[],"class_list":{"0":"post-71997","1":"product","2":"type-product","3":"status-publish","4":"has-post-thumbnail","6":"pwb-brand-james-read","7":"product_cat-drekinimas","8":"product_cat-kuno-prieziura","9":"product_cat-savaiminio-idegio-priemones","11":"first","12":"instock","13":"taxable","14":"shipping-taxable","15":"purchasable","16":"product-type-simple"},"acf":[],"brands":[{"id":1244,"name":"James Read","slug":"james-read"}],"_links":{"self":[{"href":"https:\/\/skinstudio.ee\/lt\/wp-json\/wp\/v2\/product\/71997","targetHints":{"allow":["GET"]}}],"collection":[{"href":"https:\/\/skinstudio.ee\/lt\/wp-json\/wp\/v2\/product"}],"about":[{"href":"https:\/\/skinstudio.ee\/lt\/wp-json\/wp\/v2\/types\/product"}],"version-history":[{"count":1,"href":"https:\/\/skinstudio.ee\/lt\/wp-json\/wp\/v2\/product\/71997\/revisions"}],"predecessor-version":[{"id":71998,"href":"https:\/\/skinstudio.ee\/lt\/wp-json\/wp\/v2\/product\/71997\/revisions\/71998"}],"wp:featuredmedia":[{"embeddable":true,"href":"https:\/\/skinstudio.ee\/lt\/wp-json\/wp\/v2\/media\/65797"}],"wp:attachment":[{"href":"https:\/\/skinstudio.ee\/lt\/wp-json\/wp\/v2\/media?parent=71997"}],"wp:term":[{"taxonomy":"pwb-brand","embeddable":true,"href":"https:\/\/skinstudio.ee\/lt\/wp-json\/wp\/v2\/pwb-brand?post=71997"},{"taxonomy":"product_brand","embeddable":true,"href":"https:\/\/skinstudio.ee\/lt\/wp-json\/wp\/v2\/product_brand?post=71997"},{"taxonomy":"product_cat","embeddable":true,"href":"https:\/\/skinstudio.ee\/lt\/wp-json\/wp\/v2\/product_cat?post=71997"},{"taxonomy":"product_tag","embeddable":true,"href":"https:\/\/skinstudio.ee\/lt\/wp-json\/wp\/v2\/product_tag?post=71997"},{"taxonomy":"giftcard-category","embeddable":true,"href":"https:\/\/skinstudio.ee\/lt\/wp-json\/wp\/v2\/giftcard-category?post=71997"}],"curies":[{"name":"wp","href":"https:\/\/api.w.org\/{rel}","templated":true}]}}