{"id":72007,"date":"2023-05-24T17:56:16","date_gmt":"2023-05-24T17:56:16","guid":{"rendered":"https:\/\/skinstudio.ee\/?post_type=product&#038;p=72007"},"modified":"2026-01-19T15:20:26","modified_gmt":"2026-01-19T15:20:26","slug":"glow20-facial-tan-serum","status":"publish","type":"product","link":"https:\/\/skinstudio.ee\/lt\/catalog\/james-read\/glow20-facial-tan-serum\/","title":{"rendered":"Glow20 Facial Tan Serum"},"content":{"rendered":"<p data-start=\"2271\" data-end=\"2587\"><strong data-start=\"2271\" data-end=\"2313\">Glow20 Facial Tan Serum nuo James Read<\/strong> \u2013 tai ekspresinis savaiminio \u012fdegio serumas veidui, leid\u017eiantis pasiekti norim\u0105 odos atspalv\u012f vos per 20\u201390 minu\u010di\u0173. Bespalvis serumas lengvai pasiskirsto ant odos ir suteikia visi\u0161k\u0105 kontrol\u0119 \u012fdegio intensyvumui \u2014 nuo subtilaus \u0161vyt\u0117jimo iki sodraus bronzinio atspalvio.<\/p>\n<p data-start=\"2589\" data-end=\"2933\">Pagrindin\u0117 formul\u0117s veiklioji med\u017eiaga \u2013 inkapsuliuotas vitaminas C, galingas antioksidantas, padedantis l\u0117tinti odos sen\u0117jimo procesus, stiprinti odos apsaugines funkcijas ir skatinti kolageno sintez\u0119. D\u0117l to serumas ne tik suteikia odai tolyg\u0173 ir prabang\u0173 \u012fdeg\u012f, bet ir padeda pagerinti odos elastingum\u0105 bei suma\u017einti fotosen\u0117jimo po\u017eymius.<\/p>\n<p data-start=\"2935\" data-end=\"3214\">Formul\u0117 papildyta hialurono r\u016bg\u0161timi, alaviju ir od\u0105 puosel\u0117jan\u010diais komponentais, kurie padeda palaikyti optimal\u0173 dr\u0117gm\u0117s lyg\u012f, ramina od\u0105 ir suteikia jai glotnesn\u0119 bei labiau pri\u017ei\u016br\u0117t\u0105 i\u0161vaizd\u0105. Serumas neturi b\u016bdingo savaiminio \u012fdegio kvapo ir tinka visiems odos atspalviams.<\/p>\n<p data-start=\"3216\" data-end=\"3650\"><strong data-start=\"3216\" data-end=\"3255\">Pagrindiniai aktyvieji komponentai:<\/strong><br data-start=\"3255\" data-end=\"3258\" \/>\u2013 <strong data-start=\"3260\" data-end=\"3290\">Inkapsuliuotas vitaminas C<\/strong>: suteikia antioksidacin\u0119 apsaug\u0105, gerina odos elastingum\u0105 ir padeda i\u0161lyginti odos ton\u0105<br data-start=\"3378\" data-end=\"3381\" \/>\u2013 <strong data-start=\"3383\" data-end=\"3404\">Hialurono r\u016bg\u0161tis<\/strong>: intensyviai dr\u0117kina od\u0105 ir padeda i\u0161vengti sausumo<br data-start=\"3456\" data-end=\"3459\" \/>\u2013 <strong data-start=\"3461\" data-end=\"3473\">Alavijas<\/strong>: ramina od\u0105 ir suteikia komforto poj\u016bt\u012f<br data-start=\"3513\" data-end=\"3516\" \/>\u2013 <strong data-start=\"3518\" data-end=\"3533\">Vitaminas E<\/strong>: padeda apsaugoti od\u0105 nuo neigiamo aplinkos poveikio<br data-start=\"3586\" data-end=\"3589\" \/>\u2013 <strong data-start=\"3591\" data-end=\"3612\">Agurk\u0173 ekstraktas<\/strong>: gaivina od\u0105 ir gerina jos i\u0161vaizd\u0105<\/p>\n<p data-start=\"3652\" data-end=\"3793\">Tinka visiems odos tipams ir visiems odos atspalviams. Puikus pasirinkimas tiems, kurie nori greito rezultato be kompromis\u0173 odos prie\u017ei\u016broje.<\/p>\n<p data-start=\"3795\" data-end=\"3823\"><strong data-start=\"3795\" data-end=\"3804\">T\u016bris<\/strong>: <strong data-start=\"3806\" data-end=\"3823\">25 ml \/ 50 ml<\/strong><\/p>\n","protected":false},"excerpt":{"rendered":"<p data-start=\"4228\" data-end=\"4274\">Ekspresinis savaiminio \u012fdegio serumas veidui<\/p>\n<h2 data-start=\"4276\" data-end=\"4324\"><strong data-start=\"4276\" data-end=\"4324\">James Read &#8211; Glow20 Facial Tan Serum Savyb\u0117s<\/strong><\/h2>\n<p data-start=\"4326\" data-end=\"4526\">\u2714\ufe0f Suteikia matom\u0105 rezultat\u0105 jau per 20 minu\u010di\u0173<br data-start=\"4373\" data-end=\"4376\" \/>\u2714\ufe0f Leid\u017eia reguliuoti \u012fdegio intensyvum\u0105<br data-start=\"4416\" data-end=\"4419\" \/>\u2714\ufe0f Palaiko odos elastingum\u0105 ir stangrum\u0105<br data-start=\"4459\" data-end=\"4462\" \/>\u2714\ufe0f Dr\u0117kina ir glotnina od\u0105<br data-start=\"4488\" data-end=\"4491\" \/>\u2714\ufe0f Tinka visiems odos atspalviams<\/p>\n","protected":false},"featured_media":65792,"template":"","meta":[],"pwb-brand":[1244],"product_brand":[],"product_cat":[773],"product_tag":[],"giftcard-category":[],"class_list":{"0":"post-72007","1":"product","2":"type-product","3":"status-publish","4":"has-post-thumbnail","6":"pwb-brand-james-read","7":"product_cat-savaiminio-idegio-priemones","9":"first","10":"instock","11":"sale","12":"taxable","13":"shipping-taxable","14":"purchasable","15":"product-type-variable"},"acf":[],"brands":[{"id":1244,"name":"James Read","slug":"james-read"}],"_links":{"self":[{"href":"https:\/\/skinstudio.ee\/lt\/wp-json\/wp\/v2\/product\/72007","targetHints":{"allow":["GET"]}}],"collection":[{"href":"https:\/\/skinstudio.ee\/lt\/wp-json\/wp\/v2\/product"}],"about":[{"href":"https:\/\/skinstudio.ee\/lt\/wp-json\/wp\/v2\/types\/product"}],"version-history":[{"count":1,"href":"https:\/\/skinstudio.ee\/lt\/wp-json\/wp\/v2\/product\/72007\/revisions"}],"predecessor-version":[{"id":72010,"href":"https:\/\/skinstudio.ee\/lt\/wp-json\/wp\/v2\/product\/72007\/revisions\/72010"}],"wp:featuredmedia":[{"embeddable":true,"href":"https:\/\/skinstudio.ee\/lt\/wp-json\/wp\/v2\/media\/65792"}],"wp:attachment":[{"href":"https:\/\/skinstudio.ee\/lt\/wp-json\/wp\/v2\/media?parent=72007"}],"wp:term":[{"taxonomy":"pwb-brand","embeddable":true,"href":"https:\/\/skinstudio.ee\/lt\/wp-json\/wp\/v2\/pwb-brand?post=72007"},{"taxonomy":"product_brand","embeddable":true,"href":"https:\/\/skinstudio.ee\/lt\/wp-json\/wp\/v2\/product_brand?post=72007"},{"taxonomy":"product_cat","embeddable":true,"href":"https:\/\/skinstudio.ee\/lt\/wp-json\/wp\/v2\/product_cat?post=72007"},{"taxonomy":"product_tag","embeddable":true,"href":"https:\/\/skinstudio.ee\/lt\/wp-json\/wp\/v2\/product_tag?post=72007"},{"taxonomy":"giftcard-category","embeddable":true,"href":"https:\/\/skinstudio.ee\/lt\/wp-json\/wp\/v2\/giftcard-category?post=72007"}],"curies":[{"name":"wp","href":"https:\/\/api.w.org\/{rel}","templated":true}]}}