{"id":72211,"date":"2024-08-02T10:34:36","date_gmt":"2024-08-02T10:34:36","guid":{"rendered":"https:\/\/skinstudio.ee\/?post_type=product&#038;p=72211"},"modified":"2026-01-22T09:03:45","modified_gmt":"2026-01-22T09:03:45","slug":"hyla3d-face-mask","status":"publish","type":"product","link":"https:\/\/skinstudio.ee\/lt\/catalog\/marini-skinsolutions\/hyla3d-face-mask\/","title":{"rendered":"Hyla3D\u00ae Face Mask"},"content":{"rendered":"<p data-start=\"1994\" data-end=\"2363\"><strong data-start=\"1994\" data-end=\"2030\">Hyla3D\u00ae Face Mask nuo Marini SkinSolutions<\/strong>\u00a0yra revitalizuojanti dr\u0117kinamoji veido kauk\u0117, sukurta intensyviam dr\u0117gm\u0117s papildymui, odos komforto atk\u016brimui ir apsaugini\u0173 funkcij\u0173 palaikymui. Priemon\u0117 padeda odai grei\u010diau susidoroti su dehidratacija, tempimo poj\u016b\u010diu ir i\u0161orini\u0173 streso veiksni\u0173 poveikiu, \u012fskaitant temperat\u016bros svyravimus, saus\u0105 or\u0105 ir kosmetologines proced\u016bras.<\/p>\n<p data-start=\"2365\" data-end=\"2614\">Reguliarus kauk\u0117s naudojimas pagerina bendr\u0105 odos b\u016bkl\u0119, suteikia jai glotnumo, elastingumo ir vizualinio gaivumo. Formul\u0117 padeda palaikyti optimal\u0173 dr\u0117gm\u0117s lyg\u012f ir skatina pri\u017ei\u016br\u0117tos, atsinaujinusios odos i\u0161vaizd\u0105 net esant padid\u0117jusiam jautrumui.<\/p>\n<p data-start=\"2616\" data-end=\"2641\"><strong data-start=\"2616\" data-end=\"2641\">Aktyv\u016bs ingredientai:<\/strong><\/p>\n<ul>\n<li data-start=\"2643\" data-end=\"2756\"><strong data-start=\"2643\" data-end=\"2663\">Hyla3D\u00ae Complex:<\/strong> u\u017etikrina daugiapakop\u012f odos dr\u0117kinim\u0105 ir padeda suma\u017einti transepidermin\u012f vandens netekim\u0105<\/li>\n<li data-start=\"2758\" data-end=\"2850\"><strong data-start=\"2758\" data-end=\"2781\">ACQUACELL\u2122 Complex:<\/strong> palaiko odos geb\u0117jim\u0105 i\u0161laikyti dr\u0117gm\u0119 ir suteikia komforto poj\u016bt\u012f<\/li>\n<li data-start=\"2852\" data-end=\"2921\"><strong data-start=\"2852\" data-end=\"2866\">Keramidai:<\/strong> padeda atkurti ir sustiprinti odos apsaugin\u012f barjer\u0105<\/li>\n<li data-start=\"2923\" data-end=\"2994\"><strong data-start=\"2923\" data-end=\"2948\">Dikalio glicirizatas:<\/strong> padeda ma\u017einti paraudim\u0105 ir odos reaktyvum\u0105<\/li>\n<li data-start=\"2996\" data-end=\"3081\"><strong data-start=\"2996\" data-end=\"3019\">Peptid\u0173 kompleksas:<\/strong> palaiko odos atsistatymo procesus ir gerina jos elastingum\u0105<\/li>\n<\/ul>\n<p data-start=\"3083\" data-end=\"3237\">Priemon\u0117 tinka sausai, jautriai, sudirgusiai, dehidratuotai ir brand\u017eiai odai, taip pat odai, atsigaunan\u010diai po agresyvaus aplinkos poveikio ir proced\u016br\u0173.<\/p>\n<p data-start=\"3239\" data-end=\"3258\"><strong data-start=\"3239\" data-end=\"3249\">T\u016bris:<\/strong> <strong>48 g<\/strong><\/p>\n","protected":false},"excerpt":{"rendered":"<p data-start=\"3533\" data-end=\"3567\">Revitalizuojanti dr\u0117kinamoji kauk\u0117<\/p>\n<h2 data-start=\"3569\" data-end=\"3611\"><strong data-start=\"3569\" data-end=\"3611\">Marini SkinSolutions &#8211; Hyla3D\u00ae Face Mask savyb\u0117s<\/strong><\/h2>\n<p data-start=\"3613\" data-end=\"3803\">\u2714\ufe0f Intensyviai dr\u0117kina od\u0105<br data-start=\"3639\" data-end=\"3642\" \/>\u2714\ufe0f Padeda atkurti odos apsaugin\u012f barjer\u0105<br data-start=\"3682\" data-end=\"3685\" \/>\u2714\ufe0f Ma\u017eina sausumo ir tempimo poj\u016bt\u012f<br data-start=\"3720\" data-end=\"3723\" \/>\u2714\ufe0f Gerina odos elastingum\u0105 ir glotnum\u0105<br data-start=\"3761\" data-end=\"3764\" \/>\u2714\ufe0f Palaiko odos atsistatym\u0105 po streso<\/p>\n","protected":false},"featured_media":75392,"template":"","meta":[],"pwb-brand":[1246],"product_brand":[],"product_cat":[738,746,726,740,750],"product_tag":[],"giftcard-category":[],"class_list":{"0":"post-72211","1":"product","2":"type-product","3":"status-publish","4":"has-post-thumbnail","6":"pwb-brand-marini-skinsolutions","7":"product_cat-drekinimas","8":"product_cat-jautriai-odai","9":"product_cat-maskas-lt","10":"product_cat-sausai-odai","11":"product_cat-senstanti-oda","13":"first","14":"instock","15":"taxable","16":"shipping-taxable","17":"purchasable","18":"product-type-simple"},"acf":[],"brands":[{"id":1246,"name":"Marini SkinSolutions","slug":"marini-skinsolutions"}],"_links":{"self":[{"href":"https:\/\/skinstudio.ee\/lt\/wp-json\/wp\/v2\/product\/72211","targetHints":{"allow":["GET"]}}],"collection":[{"href":"https:\/\/skinstudio.ee\/lt\/wp-json\/wp\/v2\/product"}],"about":[{"href":"https:\/\/skinstudio.ee\/lt\/wp-json\/wp\/v2\/types\/product"}],"version-history":[{"count":3,"href":"https:\/\/skinstudio.ee\/lt\/wp-json\/wp\/v2\/product\/72211\/revisions"}],"predecessor-version":[{"id":75846,"href":"https:\/\/skinstudio.ee\/lt\/wp-json\/wp\/v2\/product\/72211\/revisions\/75846"}],"wp:featuredmedia":[{"embeddable":true,"href":"https:\/\/skinstudio.ee\/lt\/wp-json\/wp\/v2\/media\/75392"}],"wp:attachment":[{"href":"https:\/\/skinstudio.ee\/lt\/wp-json\/wp\/v2\/media?parent=72211"}],"wp:term":[{"taxonomy":"pwb-brand","embeddable":true,"href":"https:\/\/skinstudio.ee\/lt\/wp-json\/wp\/v2\/pwb-brand?post=72211"},{"taxonomy":"product_brand","embeddable":true,"href":"https:\/\/skinstudio.ee\/lt\/wp-json\/wp\/v2\/product_brand?post=72211"},{"taxonomy":"product_cat","embeddable":true,"href":"https:\/\/skinstudio.ee\/lt\/wp-json\/wp\/v2\/product_cat?post=72211"},{"taxonomy":"product_tag","embeddable":true,"href":"https:\/\/skinstudio.ee\/lt\/wp-json\/wp\/v2\/product_tag?post=72211"},{"taxonomy":"giftcard-category","embeddable":true,"href":"https:\/\/skinstudio.ee\/lt\/wp-json\/wp\/v2\/giftcard-category?post=72211"}],"curies":[{"name":"wp","href":"https:\/\/api.w.org\/{rel}","templated":true}]}}