{"id":72282,"date":"2024-01-19T17:02:57","date_gmt":"2024-01-19T17:02:57","guid":{"rendered":"https:\/\/skinstudio.ee\/?post_type=product&#038;p=72282"},"modified":"2026-01-22T09:04:01","modified_gmt":"2026-01-22T09:04:01","slug":"c-esta-cleansing-gel","status":"publish","type":"product","link":"https:\/\/skinstudio.ee\/lt\/catalog\/marini-skinsolutions\/c-esta-cleansing-gel\/","title":{"rendered":"C-Esta Cleansing Gel"},"content":{"rendered":"<p data-start=\"1632\" data-end=\"1920\">C-Esta Cleansing Gel nuo Marini SkinSolutions yra \u0161velnus veido prausiklis, skirtas kasdieniam naudojimui tais atvejais, kai glikolio r\u016bg\u0161ties naudoti nerekomenduojama. Formul\u0117 veiksmingai pa\u0161alina ne\u0161varumus ir makia\u017eo liku\u010dius, nepa\u017eeisdama nat\u016bralaus odos balanso ir nesukeldama tempimo poj\u016b\u010dio.<\/p>\n<p data-start=\"1922\" data-end=\"2128\">Priemon\u0117 padeda palaikyti odos elastingum\u0105, skatina tolygesn\u0119 odos i\u0161vaizd\u0105 ir suteikia antioksidacin\u0119 apsaug\u0105. Tinka vis\u0173 tip\u0173 odai, \u012fskaitant aki\u0173 srit\u012f, taip pat gali b\u016bti naudojama kaip skutimosi gelis.<\/p>\n<p data-start=\"2130\" data-end=\"2155\"><strong data-start=\"2130\" data-end=\"2155\">Aktyv\u016bs ingredientai:<\/strong><\/p>\n<ul data-start=\"2156\" data-end=\"2416\">\n<li data-start=\"2156\" data-end=\"2269\">\n<p data-start=\"2158\" data-end=\"2269\"><strong data-start=\"2158\" data-end=\"2195\">Vitaminas C (stabilizuota forma):<\/strong> padeda palaikyti tolygesn\u012f odos ton\u0105 ir suteikia antioksidacin\u0119 apsaug\u0105<\/p>\n<\/li>\n<li data-start=\"2270\" data-end=\"2332\">\n<p data-start=\"2272\" data-end=\"2332\"><strong data-start=\"2272\" data-end=\"2281\">DMAE:<\/strong> padeda gerinti odos stangrum\u0105 ir bendr\u0105 i\u0161vaizd\u0105<\/p>\n<\/li>\n<li data-start=\"2333\" data-end=\"2416\">\n<p data-start=\"2335\" data-end=\"2416\"><strong data-start=\"2335\" data-end=\"2369\">Augalini\u0173 saponin\u0173 kompleksas:<\/strong> u\u017etikrina \u0161veln\u0173, bet veiksming\u0105 odos valym\u0105<\/p>\n<\/li>\n<\/ul>\n<p data-start=\"2418\" data-end=\"2485\">Priemon\u0117 tinka vis\u0173 tip\u0173 odai, \u012fskaitant jautri\u0105 od\u0105 ir aki\u0173 srit\u012f.<\/p>\n<p data-start=\"2487\" data-end=\"2508\"><strong data-start=\"2487\" data-end=\"2497\">T\u016bris:<\/strong> 178<strong data-start=\"2498\" data-end=\"2508\">\u00a0ml<\/strong><\/p>\n","protected":false},"excerpt":{"rendered":"<p data-start=\"2808\" data-end=\"2837\">\u0160velnus veido valomasis gelis<\/p>\n<h2 data-start=\"2839\" data-end=\"2884\"><strong data-start=\"2839\" data-end=\"2884\">Marini SkinSolutions &#8211; C-Esta Cleansing Gel savyb\u0117s<\/strong><\/h2>\n<p data-start=\"2886\" data-end=\"3077\">\u2714\ufe0f \u0160velniai ir efektyviai valo od\u0105<br data-start=\"2920\" data-end=\"2923\" \/>\u2714\ufe0f Padeda palaikyti odos elastingum\u0105<br data-start=\"2959\" data-end=\"2962\" \/>\u2714\ufe0f Skatina tolygesn\u0119 odos i\u0161vaizd\u0105<br data-start=\"2996\" data-end=\"2999\" \/>\u2714\ufe0f Tinka aki\u0173 srities valymui<br data-start=\"3028\" data-end=\"3031\" \/>\u2714\ufe0f Gali b\u016bti naudojamas kaip skutimosi gelis<\/p>\n","protected":false},"featured_media":73823,"template":"","meta":[],"pwb-brand":[1246],"product_brand":[],"product_cat":[746,740,748,718],"product_tag":[],"giftcard-category":[],"class_list":{"0":"post-72282","1":"product","2":"type-product","3":"status-publish","4":"has-post-thumbnail","6":"pwb-brand-marini-skinsolutions","7":"product_cat-jautriai-odai","8":"product_cat-sausai-odai","9":"product_cat-taukainai-adai-lt","10":"product_cat-valymas","12":"first","13":"instock","14":"taxable","15":"shipping-taxable","16":"purchasable","17":"product-type-simple"},"acf":[],"brands":[{"id":1246,"name":"MARINI SKINSOLUTIONS","slug":"marini-skinsolutions"}],"_links":{"self":[{"href":"https:\/\/skinstudio.ee\/lt\/wp-json\/wp\/v2\/product\/72282","targetHints":{"allow":["GET"]}}],"collection":[{"href":"https:\/\/skinstudio.ee\/lt\/wp-json\/wp\/v2\/product"}],"about":[{"href":"https:\/\/skinstudio.ee\/lt\/wp-json\/wp\/v2\/types\/product"}],"version-history":[{"count":3,"href":"https:\/\/skinstudio.ee\/lt\/wp-json\/wp\/v2\/product\/72282\/revisions"}],"predecessor-version":[{"id":75848,"href":"https:\/\/skinstudio.ee\/lt\/wp-json\/wp\/v2\/product\/72282\/revisions\/75848"}],"wp:featuredmedia":[{"embeddable":true,"href":"https:\/\/skinstudio.ee\/lt\/wp-json\/wp\/v2\/media\/73823"}],"wp:attachment":[{"href":"https:\/\/skinstudio.ee\/lt\/wp-json\/wp\/v2\/media?parent=72282"}],"wp:term":[{"taxonomy":"pwb-brand","embeddable":true,"href":"https:\/\/skinstudio.ee\/lt\/wp-json\/wp\/v2\/pwb-brand?post=72282"},{"taxonomy":"product_brand","embeddable":true,"href":"https:\/\/skinstudio.ee\/lt\/wp-json\/wp\/v2\/product_brand?post=72282"},{"taxonomy":"product_cat","embeddable":true,"href":"https:\/\/skinstudio.ee\/lt\/wp-json\/wp\/v2\/product_cat?post=72282"},{"taxonomy":"product_tag","embeddable":true,"href":"https:\/\/skinstudio.ee\/lt\/wp-json\/wp\/v2\/product_tag?post=72282"},{"taxonomy":"giftcard-category","embeddable":true,"href":"https:\/\/skinstudio.ee\/lt\/wp-json\/wp\/v2\/giftcard-category?post=72282"}],"curies":[{"name":"wp","href":"https:\/\/api.w.org\/{rel}","templated":true}]}}