{"id":72298,"date":"2024-01-19T17:02:53","date_gmt":"2024-01-19T17:02:53","guid":{"rendered":"https:\/\/skinstudio.ee\/?post_type=product&#038;p=72298"},"modified":"2026-01-22T09:04:10","modified_gmt":"2026-01-22T09:04:10","slug":"bioglycolic-face-cleanser","status":"publish","type":"product","link":"https:\/\/skinstudio.ee\/lt\/catalog\/marini-skinsolutions\/bioglycolic-face-cleanser\/","title":{"rendered":"Bioglycolic\u00ae Face Cleanser"},"content":{"rendered":"<p data-start=\"1613\" data-end=\"1920\">Bioglycolic\u00ae Face Cleanser nuo Marini SkinSolutions yra glikolio r\u016bg\u0161ties pagrindu sukurta valomoji emulsija, skirta kasdieniam odos valymui bei odos tono ir tekst\u016bros gerinimui. Kremin\u0117, nedirginanti formul\u0117 \u0161velniai valo ir eksfolijuoja od\u0105, pad\u0117dama jai atrodyti lygesnei, gaivesnei ir pri\u017ei\u016br\u0117tai jau valymo metu.<\/p>\n<p data-start=\"1922\" data-end=\"2124\">Prausiklis padeda palaikyti odos balans\u0105, pa\u0161alina ne\u0161varumus ir negyvas odos l\u0105steles bei paruo\u0161ia od\u0105 tolimesniems prie\u017ei\u016bros etapams, suma\u017eindamas poreik\u012f naudoti tonikus ar sutraukian\u010dias priemones.<\/p>\n<p data-start=\"2126\" data-end=\"2151\"><strong data-start=\"2126\" data-end=\"2151\">Aktyv\u016bs ingredientai:<\/strong><\/p>\n<ul data-start=\"2152\" data-end=\"2302\">\n<li data-start=\"2152\" data-end=\"2240\">\n<p data-start=\"2154\" data-end=\"2240\"><strong data-start=\"2154\" data-end=\"2180\">Glikolio r\u016bg\u0161tis 8,4%:<\/strong> skatina \u0161veln\u0173 odos atsinaujinim\u0105 ir gerina odos tekst\u016br\u0105<\/p>\n<\/li>\n<li data-start=\"2241\" data-end=\"2302\">\n<p data-start=\"2243\" data-end=\"2302\"><strong data-start=\"2243\" data-end=\"2258\">Sorbitolis:<\/strong> padeda palaikyti odos dr\u0117gm\u0119 ir mink\u0161tum\u0105<\/p>\n<\/li>\n<\/ul>\n<p data-start=\"2304\" data-end=\"2451\">Priemon\u0117 tinka normaliai, mi\u0161riai ir riebiai odai, turin\u010diai netolyg\u0173 ton\u0105 ar tekst\u016br\u0105. Nerekomenduojama jautriai odai ar odai, linkusiai \u012f ro\u017ein\u0119.<\/p>\n<p data-start=\"2453\" data-end=\"2474\"><strong data-start=\"2453\" data-end=\"2463\">T\u016bris:<\/strong> <strong>178\u00a0ml<\/strong><\/p>\n","protected":false},"excerpt":{"rendered":"<p data-start=\"2706\" data-end=\"2744\">Valomoji emulsija su glikolio r\u016bg\u0161timi<\/p>\n<h2 data-start=\"2746\" data-end=\"2797\"><strong data-start=\"2746\" data-end=\"2797\">Marini SkinSolutions &#8211; Bioglycolic\u00ae Face Cleanser savyb\u0117s<\/strong><\/h2>\n<p data-start=\"2799\" data-end=\"2995\">\u2714\ufe0f \u0160velniai ir veiksmingai valo od\u0105<br data-start=\"2834\" data-end=\"2837\" \/>\u2714\ufe0f Padeda pa\u0161alinti negyvas odos l\u0105steles<br data-start=\"2878\" data-end=\"2881\" \/>\u2714\ufe0f Gerina odos ton\u0105 ir tekst\u016br\u0105<br data-start=\"2912\" data-end=\"2915\" \/>\u2714\ufe0f I\u0161valo poras ir pa\u0161alina ne\u0161varumus<br data-start=\"2953\" data-end=\"2956\" \/>\u2714\ufe0f Paruo\u0161ia od\u0105 tolimesnei prie\u017ei\u016brai<\/p>\n","protected":false},"featured_media":75313,"template":"","meta":[],"pwb-brand":[1246],"product_brand":[],"product_cat":[740,748,718],"product_tag":[],"giftcard-category":[],"class_list":{"0":"post-72298","1":"product","2":"type-product","3":"status-publish","4":"has-post-thumbnail","6":"pwb-brand-marini-skinsolutions","7":"product_cat-sausai-odai","8":"product_cat-taukainai-adai-lt","9":"product_cat-valymas","11":"first","12":"instock","13":"taxable","14":"shipping-taxable","15":"purchasable","16":"product-type-simple"},"acf":[],"brands":[{"id":1246,"name":"MARINI SKINSOLUTIONS","slug":"marini-skinsolutions"}],"_links":{"self":[{"href":"https:\/\/skinstudio.ee\/lt\/wp-json\/wp\/v2\/product\/72298","targetHints":{"allow":["GET"]}}],"collection":[{"href":"https:\/\/skinstudio.ee\/lt\/wp-json\/wp\/v2\/product"}],"about":[{"href":"https:\/\/skinstudio.ee\/lt\/wp-json\/wp\/v2\/types\/product"}],"version-history":[{"count":3,"href":"https:\/\/skinstudio.ee\/lt\/wp-json\/wp\/v2\/product\/72298\/revisions"}],"predecessor-version":[{"id":75849,"href":"https:\/\/skinstudio.ee\/lt\/wp-json\/wp\/v2\/product\/72298\/revisions\/75849"}],"wp:featuredmedia":[{"embeddable":true,"href":"https:\/\/skinstudio.ee\/lt\/wp-json\/wp\/v2\/media\/75313"}],"wp:attachment":[{"href":"https:\/\/skinstudio.ee\/lt\/wp-json\/wp\/v2\/media?parent=72298"}],"wp:term":[{"taxonomy":"pwb-brand","embeddable":true,"href":"https:\/\/skinstudio.ee\/lt\/wp-json\/wp\/v2\/pwb-brand?post=72298"},{"taxonomy":"product_brand","embeddable":true,"href":"https:\/\/skinstudio.ee\/lt\/wp-json\/wp\/v2\/product_brand?post=72298"},{"taxonomy":"product_cat","embeddable":true,"href":"https:\/\/skinstudio.ee\/lt\/wp-json\/wp\/v2\/product_cat?post=72298"},{"taxonomy":"product_tag","embeddable":true,"href":"https:\/\/skinstudio.ee\/lt\/wp-json\/wp\/v2\/product_tag?post=72298"},{"taxonomy":"giftcard-category","embeddable":true,"href":"https:\/\/skinstudio.ee\/lt\/wp-json\/wp\/v2\/giftcard-category?post=72298"}],"curies":[{"name":"wp","href":"https:\/\/api.w.org\/{rel}","templated":true}]}}