{"id":72307,"date":"2024-01-19T17:02:50","date_gmt":"2024-01-19T17:02:50","guid":{"rendered":"https:\/\/skinstudio.ee\/?post_type=product&#038;p=72307"},"modified":"2026-01-22T09:04:17","modified_gmt":"2026-01-22T09:04:17","slug":"bioglycolic-oily-skin-cleansing-gel","status":"publish","type":"product","link":"https:\/\/skinstudio.ee\/lt\/catalog\/marini-skinsolutions\/bioglycolic-oily-skin-cleansing-gel\/","title":{"rendered":"Bioglycolic\u00ae Oily Skin Cleansing Gel"},"content":{"rendered":"<p data-start=\"1748\" data-end=\"2060\">Bioglycolic\u00ae Oily Skin Cleansing Gel nuo Marini SkinSolutions yra glikolio r\u016bg\u0161ties pagrindu sukurtas valomasis gelis, skirtas riebiai ir mi\u0161riai odai, linkusiai \u012f padid\u0117jus\u012f sebumo i\u0161siskyrim\u0105 ir b\u0117rimus. Gelin\u0117 formul\u0117 u\u017etikrina gil\u0173 odos valym\u0105, padeda palaikyti \u0161varias poras ir gerina odos tekst\u016br\u0105 jau prausimo metu.<\/p>\n<p data-start=\"2062\" data-end=\"2289\">Priemon\u0117 gerai putoja ir veiksmingai tirpdo riebal\u0173 pertekli\u0173 bei ne\u0161varumus, suteikdama odai lengvumo ir gaivumo poj\u016bt\u012f. Reguliariai naudojant oda atrodo labiau subalansuota, glotnesn\u0117 ir geriau paruo\u0161ta tolimesnei prie\u017ei\u016brai.<\/p>\n<p data-start=\"2291\" data-end=\"2316\"><strong data-start=\"2291\" data-end=\"2316\">Aktyv\u016bs ingredientai:<\/strong><\/p>\n<ul data-start=\"2317\" data-end=\"2503\">\n<li data-start=\"2317\" data-end=\"2419\">\n<p data-start=\"2319\" data-end=\"2419\"><strong data-start=\"2319\" data-end=\"2345\">Glikolio r\u016bg\u0161tis 8,4%:<\/strong> skatina odos atsinaujinim\u0105, padeda valyti poras ir gerina odos tekst\u016br\u0105<\/p>\n<\/li>\n<li data-start=\"2420\" data-end=\"2503\">\n<p data-start=\"2422\" data-end=\"2503\"><strong data-start=\"2422\" data-end=\"2447\">Etilheksilglicerinas:<\/strong> padeda palaikyti odos komfort\u0105, mink\u0161tum\u0105 ir glotnum\u0105<\/p>\n<\/li>\n<\/ul>\n<p data-start=\"2505\" data-end=\"2595\">Priemon\u0117 tinka riebiai ir mi\u0161riai odai, turin\u010diai netolyg\u0173 pavir\u0161i\u0173 ir padid\u0117jus\u012f riebum\u0105.<\/p>\n<p data-start=\"2597\" data-end=\"2618\"><strong data-start=\"2597\" data-end=\"2607\">T\u016bris:<\/strong> <strong>178<\/strong> <strong data-start=\"2608\" data-end=\"2618\">ml<\/strong><\/p>\n","protected":false},"excerpt":{"rendered":"<div class=\"product attribute overview\">\n<div class=\"value\">\n<p data-start=\"2863\" data-end=\"2902\">Valomasis gelis riebiai ir mi\u0161riai odai<\/p>\n<h2 data-start=\"2904\" data-end=\"2965\"><strong data-start=\"2904\" data-end=\"2965\">Marini SkinSolutions &#8211; Bioglycolic\u00ae Oily Skin Cleansing Gel savyb\u0117s<\/strong><\/h2>\n<p data-start=\"2967\" data-end=\"3164\">\u2714\ufe0f U\u017etikrina gil\u0173 odos ir por\u0173 valym\u0105<br data-start=\"3004\" data-end=\"3007\" \/>\u2714\ufe0f Padeda gerinti odos tekst\u016br\u0105<br data-start=\"3038\" data-end=\"3041\" \/>\u2714\ufe0f Ma\u017eina riebumo poj\u016bt\u012f<br data-start=\"3065\" data-end=\"3068\" \/>\u2714\ufe0f Gerina odos ton\u0105 ir pavir\u0161iaus lygum\u0105<br data-start=\"3108\" data-end=\"3111\" \/>\u2714\ufe0f Padidina tolimesn\u0117s odos prie\u017ei\u016bros veiksmingum\u0105<\/p>\n<\/div>\n<\/div>\n","protected":false},"featured_media":75318,"template":"","meta":[],"pwb-brand":[1246],"product_brand":[],"product_cat":[742,744,748,718],"product_tag":[],"giftcard-category":[],"class_list":{"0":"post-72307","1":"product","2":"type-product","3":"status-publish","4":"has-post-thumbnail","6":"pwb-brand-marini-skinsolutions","7":"product_cat-berimai","8":"product_cat-issipletusios-poros","9":"product_cat-taukainai-adai-lt","10":"product_cat-valymas","12":"first","13":"instock","14":"taxable","15":"shipping-taxable","16":"purchasable","17":"product-type-simple"},"acf":[],"brands":[{"id":1246,"name":"MARINI SKINSOLUTIONS","slug":"marini-skinsolutions"}],"_links":{"self":[{"href":"https:\/\/skinstudio.ee\/lt\/wp-json\/wp\/v2\/product\/72307","targetHints":{"allow":["GET"]}}],"collection":[{"href":"https:\/\/skinstudio.ee\/lt\/wp-json\/wp\/v2\/product"}],"about":[{"href":"https:\/\/skinstudio.ee\/lt\/wp-json\/wp\/v2\/types\/product"}],"version-history":[{"count":3,"href":"https:\/\/skinstudio.ee\/lt\/wp-json\/wp\/v2\/product\/72307\/revisions"}],"predecessor-version":[{"id":75850,"href":"https:\/\/skinstudio.ee\/lt\/wp-json\/wp\/v2\/product\/72307\/revisions\/75850"}],"wp:featuredmedia":[{"embeddable":true,"href":"https:\/\/skinstudio.ee\/lt\/wp-json\/wp\/v2\/media\/75318"}],"wp:attachment":[{"href":"https:\/\/skinstudio.ee\/lt\/wp-json\/wp\/v2\/media?parent=72307"}],"wp:term":[{"taxonomy":"pwb-brand","embeddable":true,"href":"https:\/\/skinstudio.ee\/lt\/wp-json\/wp\/v2\/pwb-brand?post=72307"},{"taxonomy":"product_brand","embeddable":true,"href":"https:\/\/skinstudio.ee\/lt\/wp-json\/wp\/v2\/product_brand?post=72307"},{"taxonomy":"product_cat","embeddable":true,"href":"https:\/\/skinstudio.ee\/lt\/wp-json\/wp\/v2\/product_cat?post=72307"},{"taxonomy":"product_tag","embeddable":true,"href":"https:\/\/skinstudio.ee\/lt\/wp-json\/wp\/v2\/product_tag?post=72307"},{"taxonomy":"giftcard-category","embeddable":true,"href":"https:\/\/skinstudio.ee\/lt\/wp-json\/wp\/v2\/giftcard-category?post=72307"}],"curies":[{"name":"wp","href":"https:\/\/api.w.org\/{rel}","templated":true}]}}