{"id":72316,"date":"2024-01-19T17:02:41","date_gmt":"2024-01-19T17:02:41","guid":{"rendered":"https:\/\/skinstudio.ee\/?post_type=product&#038;p=72316"},"modified":"2026-01-19T15:13:28","modified_gmt":"2026-01-19T15:13:28","slug":"shave-cleansing-gel","status":"publish","type":"product","link":"https:\/\/skinstudio.ee\/lt\/catalog\/marini-skinsolutions\/shave-cleansing-gel\/","title":{"rendered":"Shave &amp; Cleansing Gel"},"content":{"rendered":"<p data-start=\"1794\" data-end=\"2080\">Shave &amp; Cleansing Gel nuo Jan Marini yra daugiafunkcis vyr\u0173 2-in-1 gelis, skirtas tiek veido odos valymui, tiek patogiam ir kokybi\u0161kam skutimuisi. Formul\u0117 veiksmingai pa\u0161alina ne\u0161varumus ir riebal\u0173 pertekli\u0173, tuo pa\u010diu paruo\u0161dama od\u0105 skutimuisi ir pad\u0117dama suma\u017einti sudirginimo rizik\u0105.<\/p>\n<p data-start=\"2082\" data-end=\"2262\">Gelis u\u017etikrina ger\u0105 slydim\u0105, sumink\u0161tina barzd\u0105 ir palaiko odos komfort\u0105 skutimosi metu bei po jo. Priemon\u0117 padeda palaikyti optimal\u0173 odos dr\u0117gm\u0117s lyg\u012f ir suteikia gaivumo poj\u016bt\u012f.<\/p>\n<p data-start=\"2264\" data-end=\"2289\"><strong data-start=\"2264\" data-end=\"2289\">Aktyv\u016bs ingredientai:<\/strong><\/p>\n<ul data-start=\"2290\" data-end=\"2659\">\n<li data-start=\"2290\" data-end=\"2369\">\n<p data-start=\"2292\" data-end=\"2369\"><strong data-start=\"2292\" data-end=\"2314\">Hialurono r\u016bg\u0161tis:<\/strong> padeda palaikyti odos dr\u0117gm\u0119 ir ma\u017eina jos praradim\u0105<\/p>\n<\/li>\n<li data-start=\"2370\" data-end=\"2459\">\n<p data-start=\"2372\" data-end=\"2459\"><strong data-start=\"2372\" data-end=\"2413\">Jukos \u0161aknies ekstraktas (saponinai):<\/strong> sukuria stabilias putas patogiam skutimuisi<\/p>\n<\/li>\n<li data-start=\"2460\" data-end=\"2515\">\n<p data-start=\"2462\" data-end=\"2515\"><strong data-start=\"2462\" data-end=\"2475\">Alavijas:<\/strong> ramina od\u0105 ir palaiko jos atsistatym\u0105<\/p>\n<\/li>\n<li data-start=\"2516\" data-end=\"2581\">\n<p data-start=\"2518\" data-end=\"2581\"><strong data-start=\"2518\" data-end=\"2534\">Bisabololis:<\/strong> padeda ma\u017einti odos sudirginim\u0105 po skutimosi<\/p>\n<\/li>\n<li data-start=\"2582\" data-end=\"2659\">\n<p data-start=\"2584\" data-end=\"2659\"><strong data-start=\"2584\" data-end=\"2600\">Vitaminas E:<\/strong> palaiko odos apsaugines funkcijas ir gerina jos i\u0161vaizd\u0105<\/p>\n<\/li>\n<\/ul>\n<p data-start=\"2661\" data-end=\"2772\">Priemon\u0117 tinka vis\u0173 tip\u0173 odai, \u012fskaitant jautri\u0105, ir gali b\u016bti naudojama tiek veido prausimui, tiek skutimuisi.<\/p>\n<p data-start=\"2774\" data-end=\"2795\"><strong data-start=\"2774\" data-end=\"2784\">T\u016bris:<\/strong> <strong data-start=\"2785\" data-end=\"2795\">148 ml<\/strong><\/p>\n","protected":false},"excerpt":{"rendered":"<p data-start=\"3028\" data-end=\"3071\">Vyri\u0161kas veido valomasis ir skutimosi gelis<\/p>\n<h2 data-start=\"3073\" data-end=\"3119\"><strong data-start=\"3073\" data-end=\"3119\">Jan Marini &#8211; Shave &amp; Cleansing Gel savyb\u0117s<\/strong><\/h2>\n<p data-start=\"3121\" data-end=\"3343\">\u2714\ufe0f Valo od\u0105 ir paruo\u0161ia j\u0105 skutimuisi<br data-start=\"3158\" data-end=\"3161\" \/>\u2714\ufe0f U\u017etikrina skland\u0173 slydim\u0105 patogiam skutimuisi<br data-start=\"3209\" data-end=\"3212\" \/>\u2714\ufe0f Mink\u0161tina od\u0105 ir padeda suma\u017einti sudirginim\u0105<br data-start=\"3260\" data-end=\"3263\" \/>\u2714\ufe0f Palaiko optimal\u0173 odos dr\u0117gm\u0117s lyg\u012f<br data-start=\"3300\" data-end=\"3303\" \/>\u2714\ufe0f Suteikia gaivumo ir komforto poj\u016bt\u012f<\/p>\n","protected":false},"featured_media":63625,"template":"","meta":[],"pwb-brand":[1246],"product_brand":[],"product_cat":[718],"product_tag":[],"giftcard-category":[],"class_list":{"0":"post-72316","1":"product","2":"type-product","3":"status-publish","4":"has-post-thumbnail","6":"pwb-brand-marini-skinsolutions","7":"product_cat-valymas","9":"first","10":"instock","11":"sale","12":"taxable","13":"shipping-taxable","14":"purchasable","15":"product-type-simple"},"acf":[],"brands":[{"id":1246,"name":"MARINI SKINSOLUTIONS","slug":"marini-skinsolutions"}],"_links":{"self":[{"href":"https:\/\/skinstudio.ee\/lt\/wp-json\/wp\/v2\/product\/72316","targetHints":{"allow":["GET"]}}],"collection":[{"href":"https:\/\/skinstudio.ee\/lt\/wp-json\/wp\/v2\/product"}],"about":[{"href":"https:\/\/skinstudio.ee\/lt\/wp-json\/wp\/v2\/types\/product"}],"version-history":[{"count":1,"href":"https:\/\/skinstudio.ee\/lt\/wp-json\/wp\/v2\/product\/72316\/revisions"}],"predecessor-version":[{"id":72318,"href":"https:\/\/skinstudio.ee\/lt\/wp-json\/wp\/v2\/product\/72316\/revisions\/72318"}],"wp:featuredmedia":[{"embeddable":true,"href":"https:\/\/skinstudio.ee\/lt\/wp-json\/wp\/v2\/media\/63625"}],"wp:attachment":[{"href":"https:\/\/skinstudio.ee\/lt\/wp-json\/wp\/v2\/media?parent=72316"}],"wp:term":[{"taxonomy":"pwb-brand","embeddable":true,"href":"https:\/\/skinstudio.ee\/lt\/wp-json\/wp\/v2\/pwb-brand?post=72316"},{"taxonomy":"product_brand","embeddable":true,"href":"https:\/\/skinstudio.ee\/lt\/wp-json\/wp\/v2\/product_brand?post=72316"},{"taxonomy":"product_cat","embeddable":true,"href":"https:\/\/skinstudio.ee\/lt\/wp-json\/wp\/v2\/product_cat?post=72316"},{"taxonomy":"product_tag","embeddable":true,"href":"https:\/\/skinstudio.ee\/lt\/wp-json\/wp\/v2\/product_tag?post=72316"},{"taxonomy":"giftcard-category","embeddable":true,"href":"https:\/\/skinstudio.ee\/lt\/wp-json\/wp\/v2\/giftcard-category?post=72316"}],"curies":[{"name":"wp","href":"https:\/\/api.w.org\/{rel}","templated":true}]}}