{"id":72325,"date":"2024-01-19T17:01:44","date_gmt":"2024-01-19T17:01:44","guid":{"rendered":"https:\/\/skinstudio.ee\/?post_type=product&#038;p=72325"},"modified":"2026-01-22T09:04:27","modified_gmt":"2026-01-22T09:04:27","slug":"c-esta-face-serum","status":"publish","type":"product","link":"https:\/\/skinstudio.ee\/lt\/catalog\/marini-skinsolutions\/c-esta-face-serum\/","title":{"rendered":"C-ESTA\u00ae Face Serum"},"content":{"rendered":"<p data-start=\"1750\" data-end=\"2074\">C-ESTA\u00ae Face Serum nuo Marini SkinSolutions yra modeliavimo poveik\u012f turintis veido serumas su vitaminu C ir DMAE, skirtas odos stangrumui, elastingumui ir bendrai odos kokybei gerinti. Antioksidantais praturtinta formul\u0117 padeda odai atrodyti tonizuotesnei ir vizualiai stangresnei, kartu apsaugodama j\u0105 nuo i\u0161orini\u0173 aplinkos veiksni\u0173.<\/p>\n<p data-start=\"2076\" data-end=\"2248\">Serumas palaiko optimal\u0173 odos dr\u0117kinim\u0105, gerina odos tekst\u016br\u0105 ir padeda suvienodinti odos atspalv\u012f. Reguliariai naudojant oda atrodo glotnesn\u0117, gaivesn\u0117 ir labiau \u0161vytinti.<\/p>\n<p data-start=\"2250\" data-end=\"2275\"><strong data-start=\"2250\" data-end=\"2275\">Aktyv\u016bs ingredientai:<\/strong><\/p>\n<ul data-start=\"2276\" data-end=\"2690\">\n<li data-start=\"2276\" data-end=\"2332\">\n<p data-start=\"2278\" data-end=\"2332\"><strong data-start=\"2278\" data-end=\"2290\">DMAE 2%:<\/strong> padeda gerinti odos stangrum\u0105 ir tonus\u0105<\/p>\n<\/li>\n<li data-start=\"2333\" data-end=\"2442\">\n<p data-start=\"2335\" data-end=\"2442\"><strong data-start=\"2335\" data-end=\"2375\">Askorbilpalmitatas 7% (vitaminas C):<\/strong> suteikia antioksidacin\u0119 apsaug\u0105 ir padeda suvienodinti odos ton\u0105<\/p>\n<\/li>\n<li data-start=\"2443\" data-end=\"2540\">\n<p data-start=\"2445\" data-end=\"2540\"><strong data-start=\"2445\" data-end=\"2481\">Hialurono r\u016bg\u0161tis ir karbamidas:<\/strong> intensyviai dr\u0117kina ir padeda i\u0161vengti dr\u0117gm\u0117s praradimo<\/p>\n<\/li>\n<li data-start=\"2541\" data-end=\"2623\">\n<p data-start=\"2543\" data-end=\"2623\"><strong data-start=\"2543\" data-end=\"2561\">Ergotioneinas:<\/strong> saugo od\u0105 nuo oksidacinio streso ir palaiko jos gyvybingum\u0105<\/p>\n<\/li>\n<li data-start=\"2624\" data-end=\"2690\">\n<p data-start=\"2626\" data-end=\"2690\"><strong data-start=\"2626\" data-end=\"2641\">Pantenolis:<\/strong> ramina od\u0105 ir palaiko jos atsistatymo procesus<\/p>\n<\/li>\n<\/ul>\n<p data-start=\"2692\" data-end=\"2722\">Priemon\u0117 tinka vis\u0173 tip\u0173 odai.<\/p>\n<p data-start=\"2724\" data-end=\"2744\"><strong data-start=\"2724\" data-end=\"2734\">T\u016bris:<\/strong> <strong data-start=\"2735\" data-end=\"2744\">30 ml<\/strong><\/p>\n","protected":false},"excerpt":{"rendered":"<div class=\"wpb_text_column wpb_content_element \">\n<div class=\"wpb_wrapper\">\n<p data-start=\"2934\" data-end=\"2984\">Modeliuojantis veido serumas su vitaminu C ir DMAE<\/p>\n<h2 data-start=\"2986\" data-end=\"3029\"><strong data-start=\"2986\" data-end=\"3029\">Marini SkinSolutions &#8211; C-ESTA\u00ae Face Serum savyb\u0117s<\/strong><\/h2>\n<p data-start=\"3031\" data-end=\"3263\">\u2714\ufe0f Padeda palaikyti odos stangrum\u0105 ir tonus\u0105<br data-start=\"3075\" data-end=\"3078\" \/>\u2714\ufe0f Suteikia stipri\u0105 antioksidacin\u0119 apsaug\u0105<br data-start=\"3120\" data-end=\"3123\" \/>\u2714\ufe0f Intensyviai dr\u0117kina ir padeda i\u0161laikyti dr\u0117gm\u0119<br data-start=\"3172\" data-end=\"3175\" \/>\u2714\ufe0f Gerina odos tekst\u016br\u0105 ir glotnum\u0105<br data-start=\"3210\" data-end=\"3213\" \/>\u2714\ufe0f Suteikia odai gaivesn\u0119 ir skaistesn\u0119 i\u0161vaizd\u0105<\/p>\n<\/div>\n<\/div>\n","protected":false},"featured_media":86333,"template":"","meta":[],"pwb-brand":[1246],"product_brand":[],"product_cat":[724,730],"product_tag":[],"giftcard-category":[],"class_list":{"0":"post-72325","1":"product","2":"type-product","3":"status-publish","4":"has-post-thumbnail","6":"pwb-brand-marini-skinsolutions","7":"product_cat-serumai","8":"product_cat-vitaminas-c","10":"first","11":"instock","12":"taxable","13":"shipping-taxable","14":"purchasable","15":"product-type-simple"},"acf":[],"brands":[{"id":1246,"name":"Marini SkinSolutions","slug":"marini-skinsolutions"}],"_links":{"self":[{"href":"https:\/\/skinstudio.ee\/lt\/wp-json\/wp\/v2\/product\/72325","targetHints":{"allow":["GET"]}}],"collection":[{"href":"https:\/\/skinstudio.ee\/lt\/wp-json\/wp\/v2\/product"}],"about":[{"href":"https:\/\/skinstudio.ee\/lt\/wp-json\/wp\/v2\/types\/product"}],"version-history":[{"count":2,"href":"https:\/\/skinstudio.ee\/lt\/wp-json\/wp\/v2\/product\/72325\/revisions"}],"predecessor-version":[{"id":75851,"href":"https:\/\/skinstudio.ee\/lt\/wp-json\/wp\/v2\/product\/72325\/revisions\/75851"}],"wp:featuredmedia":[{"embeddable":true,"href":"https:\/\/skinstudio.ee\/lt\/wp-json\/wp\/v2\/media\/86333"}],"wp:attachment":[{"href":"https:\/\/skinstudio.ee\/lt\/wp-json\/wp\/v2\/media?parent=72325"}],"wp:term":[{"taxonomy":"pwb-brand","embeddable":true,"href":"https:\/\/skinstudio.ee\/lt\/wp-json\/wp\/v2\/pwb-brand?post=72325"},{"taxonomy":"product_brand","embeddable":true,"href":"https:\/\/skinstudio.ee\/lt\/wp-json\/wp\/v2\/product_brand?post=72325"},{"taxonomy":"product_cat","embeddable":true,"href":"https:\/\/skinstudio.ee\/lt\/wp-json\/wp\/v2\/product_cat?post=72325"},{"taxonomy":"product_tag","embeddable":true,"href":"https:\/\/skinstudio.ee\/lt\/wp-json\/wp\/v2\/product_tag?post=72325"},{"taxonomy":"giftcard-category","embeddable":true,"href":"https:\/\/skinstudio.ee\/lt\/wp-json\/wp\/v2\/giftcard-category?post=72325"}],"curies":[{"name":"wp","href":"https:\/\/api.w.org\/{rel}","templated":true}]}}