{"id":72334,"date":"2024-01-19T17:01:41","date_gmt":"2024-01-19T17:01:41","guid":{"rendered":"https:\/\/skinstudio.ee\/?post_type=product&#038;p=72334"},"modified":"2026-01-22T09:04:34","modified_gmt":"2026-01-22T09:04:34","slug":"bioclear-face-lotion","status":"publish","type":"product","link":"https:\/\/skinstudio.ee\/lt\/catalog\/marini-skinsolutions\/bioclear-face-lotion\/","title":{"rendered":"Bioclear\u00ae Face Lotion"},"content":{"rendered":"<p data-start=\"1537\" data-end=\"1771\">Bioclear\u00ae Face Lotion nuo Marini SkinSolutions yra daugiafunkcis koreguojamasis veido serumas su r\u016bg\u0161\u010di\u0173 kompleksu, skirtas odos tono ir tekst\u016bros gerinimui. Formul\u0117 padeda vizualiai suma\u017einti odos netobulumus ir pagerinti bendr\u0105 odos i\u0161vaizd\u0105.<\/p>\n<p data-start=\"1773\" data-end=\"1952\">R\u016bg\u0161\u010di\u0173 derinys skatina laipsni\u0161k\u0105 odos atsinaujinim\u0105, padeda i\u0161lyginti odos pavir\u0161i\u0173 ir pagerinti por\u0173 i\u0161vaizd\u0105. Reguliariai naudojant oda tampa mink\u0161tesn\u0117, lygesn\u0117 ir tolygesn\u0117.<\/p>\n<p data-start=\"1954\" data-end=\"1979\"><strong data-start=\"1954\" data-end=\"1979\">Aktyv\u016bs ingredientai:<\/strong><\/p>\n<ul data-start=\"1980\" data-end=\"2229\">\n<li data-start=\"1980\" data-end=\"2061\">\n<p data-start=\"1982\" data-end=\"2061\"><strong data-start=\"1982\" data-end=\"2008\">Glikolio r\u016bg\u0161tis 8,4%:<\/strong> skatina odos atsinaujinim\u0105 ir gerina odos tekst\u016br\u0105<\/p>\n<\/li>\n<li data-start=\"2062\" data-end=\"2135\">\n<p data-start=\"2064\" data-end=\"2135\"><strong data-start=\"2064\" data-end=\"2088\">Salicilo r\u016bg\u0161tis 2%:<\/strong> padeda valyti poras ir gerina odos skaidrum\u0105<\/p>\n<\/li>\n<li data-start=\"2136\" data-end=\"2229\">\n<p data-start=\"2138\" data-end=\"2229\"><strong data-start=\"2138\" data-end=\"2164\">Azelaino r\u016bg\u0161tis 1,8%:<\/strong> padeda suvienodinti odos ton\u0105 ir suma\u017einti netobulum\u0173 matomum\u0105<\/p>\n<\/li>\n<\/ul>\n<p data-start=\"2231\" data-end=\"2331\">Priemon\u0117 tinka odai su netolygiu tonu ir tekst\u016bra, matomais netobulumais bei fotosen\u0117jimo po\u017eymiais.<\/p>\n<p data-start=\"2333\" data-end=\"2353\"><strong data-start=\"2333\" data-end=\"2343\">T\u016bris:<\/strong> <strong data-start=\"2344\" data-end=\"2353\">30 ml<\/strong><\/p>\n","protected":false},"excerpt":{"rendered":"<div class=\"product attribute overview\">\n<div class=\"value\">\n<p data-start=\"2546\" data-end=\"2576\">Koreguojamasis r\u016bg\u0161\u010di\u0173 serumas<\/p>\n<h2 data-start=\"2578\" data-end=\"2624\"><strong data-start=\"2578\" data-end=\"2624\">Marini SkinSolutions &#8211; Bioclear\u00ae Face Lotion savyb\u0117s<\/strong><\/h2>\n<p data-start=\"2626\" data-end=\"2858\">\u2714\ufe0f Padeda suvienodinti odos ton\u0105 ir tekst\u016br\u0105<br data-start=\"2670\" data-end=\"2673\" \/>\u2714\ufe0f Ma\u017eina netolygaus odos pavir\u0161iaus matomum\u0105<br data-start=\"2718\" data-end=\"2721\" \/>\u2714\ufe0f Skatina odos atsinaujinimo procesus<br data-start=\"2759\" data-end=\"2762\" \/>\u2714\ufe0f Padeda pagerinti por\u0173 i\u0161vaizd\u0105<br data-start=\"2795\" data-end=\"2798\" \/>\u2714\ufe0f Suteikia odai glotnesn\u0119 ir labiau subalansuot\u0105 i\u0161vaizd\u0105<\/p>\n<\/div>\n<\/div>\n","protected":false},"featured_media":75337,"template":"","meta":[],"pwb-brand":[1246],"product_brand":[],"product_cat":[742,746,752,724,748],"product_tag":[],"giftcard-category":[],"class_list":{"0":"post-72334","1":"product","2":"type-product","3":"status-publish","4":"has-post-thumbnail","6":"pwb-brand-marini-skinsolutions","7":"product_cat-berimai","8":"product_cat-jautriai-odai","9":"product_cat-pigmentacija-lt","10":"product_cat-serumai","11":"product_cat-taukainai-adai-lt","13":"first","14":"instock","15":"taxable","16":"shipping-taxable","17":"purchasable","18":"product-type-simple"},"acf":[],"brands":[{"id":1246,"name":"MARINI SKINSOLUTIONS","slug":"marini-skinsolutions"}],"_links":{"self":[{"href":"https:\/\/skinstudio.ee\/lt\/wp-json\/wp\/v2\/product\/72334","targetHints":{"allow":["GET"]}}],"collection":[{"href":"https:\/\/skinstudio.ee\/lt\/wp-json\/wp\/v2\/product"}],"about":[{"href":"https:\/\/skinstudio.ee\/lt\/wp-json\/wp\/v2\/types\/product"}],"version-history":[{"count":2,"href":"https:\/\/skinstudio.ee\/lt\/wp-json\/wp\/v2\/product\/72334\/revisions"}],"predecessor-version":[{"id":75852,"href":"https:\/\/skinstudio.ee\/lt\/wp-json\/wp\/v2\/product\/72334\/revisions\/75852"}],"wp:featuredmedia":[{"embeddable":true,"href":"https:\/\/skinstudio.ee\/lt\/wp-json\/wp\/v2\/media\/75337"}],"wp:attachment":[{"href":"https:\/\/skinstudio.ee\/lt\/wp-json\/wp\/v2\/media?parent=72334"}],"wp:term":[{"taxonomy":"pwb-brand","embeddable":true,"href":"https:\/\/skinstudio.ee\/lt\/wp-json\/wp\/v2\/pwb-brand?post=72334"},{"taxonomy":"product_brand","embeddable":true,"href":"https:\/\/skinstudio.ee\/lt\/wp-json\/wp\/v2\/product_brand?post=72334"},{"taxonomy":"product_cat","embeddable":true,"href":"https:\/\/skinstudio.ee\/lt\/wp-json\/wp\/v2\/product_cat?post=72334"},{"taxonomy":"product_tag","embeddable":true,"href":"https:\/\/skinstudio.ee\/lt\/wp-json\/wp\/v2\/product_tag?post=72334"},{"taxonomy":"giftcard-category","embeddable":true,"href":"https:\/\/skinstudio.ee\/lt\/wp-json\/wp\/v2\/giftcard-category?post=72334"}],"curies":[{"name":"wp","href":"https:\/\/api.w.org\/{rel}","templated":true}]}}