{"id":72343,"date":"2024-01-19T17:01:38","date_gmt":"2024-01-19T17:01:38","guid":{"rendered":"https:\/\/skinstudio.ee\/?post_type=product&#038;p=72343"},"modified":"2026-01-19T15:13:26","modified_gmt":"2026-01-19T15:13:26","slug":"bioclear-face-cream","status":"publish","type":"product","link":"https:\/\/skinstudio.ee\/lt\/catalog\/marini-skinsolutions\/bioclear-face-cream\/","title":{"rendered":"Bioclear Face Cream"},"content":{"rendered":"<p data-start=\"1535\" data-end=\"1781\">Bioclear Face Cream nuo Jan Marini yra daugiafunkcis koreguojamasis kremas su r\u016bg\u0161\u010di\u0173 kompleksu, skirtas odos tono ir tekst\u016bros gerinimui. Formul\u0117 padeda vizualiai suma\u017einti odos netobulumus ir suteikia lygesn\u0119, labiau subalansuot\u0105 odos i\u0161vaizd\u0105.<\/p>\n<p data-start=\"1783\" data-end=\"1967\">R\u016bg\u0161\u010di\u0173 derinys skatina palaipsn\u012f odos atsinaujinim\u0105, gerina odos pavir\u0161iaus lygum\u0105 ir padeda suma\u017einti por\u0173 matomum\u0105. Reguliariai naudojant oda tampa mink\u0161tesn\u0117, lygesn\u0117 ir tolygesn\u0117.<\/p>\n<p data-start=\"1969\" data-end=\"1994\"><strong data-start=\"1969\" data-end=\"1994\">Aktyv\u016bs ingredientai:<\/strong><\/p>\n<ul data-start=\"1995\" data-end=\"2230\">\n<li data-start=\"1995\" data-end=\"2071\">\n<p data-start=\"1997\" data-end=\"2071\"><strong data-start=\"1997\" data-end=\"2018\">Glikolio r\u016bg\u0161tis:<\/strong> skatina odos atsinaujinim\u0105 ir lygina odos pavir\u0161i\u0173<\/p>\n<\/li>\n<li data-start=\"2072\" data-end=\"2141\">\n<p data-start=\"2074\" data-end=\"2141\"><strong data-start=\"2074\" data-end=\"2095\">Salicilo r\u016bg\u0161tis:<\/strong> padeda valyti poras ir gerina odos i\u0161vaizd\u0105<\/p>\n<\/li>\n<li data-start=\"2142\" data-end=\"2230\">\n<p data-start=\"2144\" data-end=\"2230\"><strong data-start=\"2144\" data-end=\"2165\">Azelaino r\u016bg\u0161tis:<\/strong> padeda suvienodinti odos ton\u0105 ir suma\u017einti netobulum\u0173 matomum\u0105<\/p>\n<\/li>\n<\/ul>\n<p data-start=\"2232\" data-end=\"2332\">Priemon\u0117 tinka odai su netolygiu tonu ir tekst\u016bra, matomais netobulumais bei fotosen\u0117jimo po\u017eymiais.<\/p>\n<p data-start=\"2334\" data-end=\"2353\"><strong data-start=\"2334\" data-end=\"2344\">T\u016bris:<\/strong> <strong data-start=\"2345\" data-end=\"2353\">28 g<\/strong><\/p>\n","protected":false},"excerpt":{"rendered":"<div class=\"wpb_text_column wpb_content_element \">\n<div class=\"wpb_wrapper\">\n<div class=\"product attribute overview\">\n<div class=\"value\">\n<p data-start=\"2546\" data-end=\"2577\">Koreguojamasis r\u016bg\u0161tinis kremas<\/p>\n<h2 data-start=\"2579\" data-end=\"2623\"><strong data-start=\"2579\" data-end=\"2623\">Jan Marini &#8211; Bioclear Face Cream savyb\u0117s<\/strong><\/h2>\n<p data-start=\"2625\" data-end=\"2857\">\u2714\ufe0f Padeda suvienodinti odos ton\u0105 ir tekst\u016br\u0105<br data-start=\"2669\" data-end=\"2672\" \/>\u2714\ufe0f Ma\u017eina netolygaus odos pavir\u0161iaus matomum\u0105<br data-start=\"2717\" data-end=\"2720\" \/>\u2714\ufe0f Skatina odos atsinaujinimo procesus<br data-start=\"2758\" data-end=\"2761\" \/>\u2714\ufe0f Padeda pagerinti por\u0173 i\u0161vaizd\u0105<br data-start=\"2794\" data-end=\"2797\" \/>\u2714\ufe0f Suteikia odai glotnesn\u0119 ir labiau subalansuot\u0105 i\u0161vaizd\u0105<\/p>\n<\/div>\n<\/div>\n<\/div>\n<\/div>\n","protected":false},"featured_media":63585,"template":"","meta":[],"pwb-brand":[1246],"product_brand":[],"product_cat":[738,744,752,740],"product_tag":[],"giftcard-category":[],"class_list":{"0":"post-72343","1":"product","2":"type-product","3":"status-publish","4":"has-post-thumbnail","6":"pwb-brand-marini-skinsolutions","7":"product_cat-drekinimas","8":"product_cat-issipletusios-poros","9":"product_cat-pigmentacija-lt","10":"product_cat-sausai-odai","12":"first","13":"instock","14":"taxable","15":"shipping-taxable","16":"purchasable","17":"product-type-simple"},"acf":[],"brands":[{"id":1246,"name":"MARINI SKINSOLUTIONS","slug":"marini-skinsolutions"}],"_links":{"self":[{"href":"https:\/\/skinstudio.ee\/lt\/wp-json\/wp\/v2\/product\/72343","targetHints":{"allow":["GET"]}}],"collection":[{"href":"https:\/\/skinstudio.ee\/lt\/wp-json\/wp\/v2\/product"}],"about":[{"href":"https:\/\/skinstudio.ee\/lt\/wp-json\/wp\/v2\/types\/product"}],"version-history":[{"count":1,"href":"https:\/\/skinstudio.ee\/lt\/wp-json\/wp\/v2\/product\/72343\/revisions"}],"predecessor-version":[{"id":72345,"href":"https:\/\/skinstudio.ee\/lt\/wp-json\/wp\/v2\/product\/72343\/revisions\/72345"}],"wp:featuredmedia":[{"embeddable":true,"href":"https:\/\/skinstudio.ee\/lt\/wp-json\/wp\/v2\/media\/63585"}],"wp:attachment":[{"href":"https:\/\/skinstudio.ee\/lt\/wp-json\/wp\/v2\/media?parent=72343"}],"wp:term":[{"taxonomy":"pwb-brand","embeddable":true,"href":"https:\/\/skinstudio.ee\/lt\/wp-json\/wp\/v2\/pwb-brand?post=72343"},{"taxonomy":"product_brand","embeddable":true,"href":"https:\/\/skinstudio.ee\/lt\/wp-json\/wp\/v2\/product_brand?post=72343"},{"taxonomy":"product_cat","embeddable":true,"href":"https:\/\/skinstudio.ee\/lt\/wp-json\/wp\/v2\/product_cat?post=72343"},{"taxonomy":"product_tag","embeddable":true,"href":"https:\/\/skinstudio.ee\/lt\/wp-json\/wp\/v2\/product_tag?post=72343"},{"taxonomy":"giftcard-category","embeddable":true,"href":"https:\/\/skinstudio.ee\/lt\/wp-json\/wp\/v2\/giftcard-category?post=72343"}],"curies":[{"name":"wp","href":"https:\/\/api.w.org\/{rel}","templated":true}]}}