{"id":72352,"date":"2024-01-19T17:01:22","date_gmt":"2024-01-19T17:01:22","guid":{"rendered":"https:\/\/skinstudio.ee\/?post_type=product&#038;p=72352"},"modified":"2026-01-22T09:04:43","modified_gmt":"2026-01-22T09:04:43","slug":"transformation-face-cream","status":"publish","type":"product","link":"https:\/\/skinstudio.ee\/lt\/catalog\/marini-skinsolutions\/transformation-face-cream\/","title":{"rendered":"Transformation Face Cream"},"content":{"rendered":"<p data-start=\"1676\" data-end=\"1979\">Transformation Face Cream nuo Marini SkinSolutions yra prabangus transformuojantis dr\u0117kinamasis kremas, skirtas palaikyti dermini\u0173 odos strukt\u016br\u0173 atsistatym\u0105 ir i\u0161laikyti jaunatvi\u0161k\u0105, pri\u017ei\u016br\u0117t\u0105 odos i\u0161vaizd\u0105. Formul\u0117 padeda i\u0161vengti dr\u0117gm\u0117s praradimo, palaiko odos barjero vientisum\u0105 ir gerina bendr\u0105 odos b\u016bkl\u0119.<\/p>\n<p data-start=\"1981\" data-end=\"2183\">Kremas palaiko odos atsinaujinimo procesus, gerina odos tekst\u016br\u0105 ir padeda odai atrodyti lygesnei, stangresnei bei elastingesnei. Subalansuota konsistencija leid\u017eia naudoti priemon\u0119 visais met\u0173 laikais.<\/p>\n<p data-start=\"2185\" data-end=\"2210\"><strong data-start=\"2185\" data-end=\"2210\">Aktyv\u016bs ingredientai:<\/strong><\/p>\n<ul data-start=\"2211\" data-end=\"2606\">\n<li data-start=\"2211\" data-end=\"2297\">\n<p data-start=\"2213\" data-end=\"2297\"><strong data-start=\"2213\" data-end=\"2261\">Transformuojantis augimo faktorius (TGF-\u03b21):<\/strong> palaiko odos atsistatymo procesus<\/p>\n<\/li>\n<li data-start=\"2298\" data-end=\"2374\">\n<p data-start=\"2300\" data-end=\"2374\"><strong data-start=\"2300\" data-end=\"2330\">Patentuotas timozinas \u03b2-4:<\/strong> padeda i\u0161laikyti odos stangrum\u0105 ir tonus\u0105<\/p>\n<\/li>\n<li data-start=\"2375\" data-end=\"2455\">\n<p data-start=\"2377\" data-end=\"2455\"><strong data-start=\"2377\" data-end=\"2404\">Prie\u0161sen\u0117jimo peptidai:<\/strong> gerina odos tekst\u016br\u0105 ir ma\u017eina rauk\u0161li\u0173 matomum\u0105<\/p>\n<\/li>\n<li data-start=\"2456\" data-end=\"2529\">\n<p data-start=\"2458\" data-end=\"2529\"><strong data-start=\"2458\" data-end=\"2480\">Hialurono r\u016bg\u0161tis:<\/strong> intensyviai dr\u0117kina ir padeda i\u0161laikyti dr\u0117gm\u0119<\/p>\n<\/li>\n<li data-start=\"2530\" data-end=\"2606\">\n<p data-start=\"2532\" data-end=\"2606\"><strong data-start=\"2532\" data-end=\"2561\">Antioksidant\u0173 kompleksas:<\/strong> padeda apsaugoti od\u0105 nuo i\u0161orini\u0173 veiksni\u0173<\/p>\n<\/li>\n<\/ul>\n<p data-start=\"2608\" data-end=\"2698\">Priemon\u0117 tinka vis\u0173 tip\u0173 odai, ypa\u010d odai su sen\u0117jimo po\u017eymiais ir suma\u017e\u0117jusiu elastingumu.<\/p>\n<p data-start=\"2700\" data-end=\"2719\"><strong data-start=\"2700\" data-end=\"2710\">T\u016bris:<\/strong> <strong data-start=\"2711\" data-end=\"2719\">28 g<\/strong><\/p>\n","protected":false},"excerpt":{"rendered":"<div class=\"wpb_text_column wpb_content_element \">\n<div class=\"wpb_wrapper\">\n<p data-start=\"2867\" data-end=\"2897\">Transformuojantis veido kremas<\/p>\n<h2 data-start=\"2899\" data-end=\"2949\"><strong data-start=\"2899\" data-end=\"2949\">Marini SkinSolutions &#8211; Transformation Face Cream savyb\u0117s<\/strong><\/h2>\n<p data-start=\"2951\" data-end=\"3141\">\u2714\ufe0f Padeda i\u0161laikyti dr\u0117gm\u0119 odoje<br data-start=\"2983\" data-end=\"2986\" \/>\u2714\ufe0f Palaiko odos atsistatymo procesus<br data-start=\"3022\" data-end=\"3025\" \/>\u2714\ufe0f Gerina odos tekst\u016br\u0105 ir glotnum\u0105<br data-start=\"3060\" data-end=\"3063\" \/>\u2714\ufe0f Ma\u017eina rauk\u0161li\u0173 matomum\u0105<br data-start=\"3090\" data-end=\"3093\" \/>\u2714\ufe0f Suteikia odai \u0161velnumo ir \u0161ilkinio glotnumo<\/p>\n<\/div>\n<\/div>\n","protected":false},"featured_media":63645,"template":"","meta":[],"pwb-brand":[1246],"product_brand":[],"product_cat":[738,746,740,750],"product_tag":[],"giftcard-category":[],"class_list":{"0":"post-72352","1":"product","2":"type-product","3":"status-publish","4":"has-post-thumbnail","6":"pwb-brand-marini-skinsolutions","7":"product_cat-drekinimas","8":"product_cat-jautriai-odai","9":"product_cat-sausai-odai","10":"product_cat-senstanti-oda","12":"first","13":"instock","14":"taxable","15":"shipping-taxable","16":"purchasable","17":"product-type-simple"},"acf":[],"brands":[{"id":1246,"name":"MARINI SKINSOLUTIONS","slug":"marini-skinsolutions"}],"_links":{"self":[{"href":"https:\/\/skinstudio.ee\/lt\/wp-json\/wp\/v2\/product\/72352","targetHints":{"allow":["GET"]}}],"collection":[{"href":"https:\/\/skinstudio.ee\/lt\/wp-json\/wp\/v2\/product"}],"about":[{"href":"https:\/\/skinstudio.ee\/lt\/wp-json\/wp\/v2\/types\/product"}],"version-history":[{"count":2,"href":"https:\/\/skinstudio.ee\/lt\/wp-json\/wp\/v2\/product\/72352\/revisions"}],"predecessor-version":[{"id":75853,"href":"https:\/\/skinstudio.ee\/lt\/wp-json\/wp\/v2\/product\/72352\/revisions\/75853"}],"wp:featuredmedia":[{"embeddable":true,"href":"https:\/\/skinstudio.ee\/lt\/wp-json\/wp\/v2\/media\/63645"}],"wp:attachment":[{"href":"https:\/\/skinstudio.ee\/lt\/wp-json\/wp\/v2\/media?parent=72352"}],"wp:term":[{"taxonomy":"pwb-brand","embeddable":true,"href":"https:\/\/skinstudio.ee\/lt\/wp-json\/wp\/v2\/pwb-brand?post=72352"},{"taxonomy":"product_brand","embeddable":true,"href":"https:\/\/skinstudio.ee\/lt\/wp-json\/wp\/v2\/product_brand?post=72352"},{"taxonomy":"product_cat","embeddable":true,"href":"https:\/\/skinstudio.ee\/lt\/wp-json\/wp\/v2\/product_cat?post=72352"},{"taxonomy":"product_tag","embeddable":true,"href":"https:\/\/skinstudio.ee\/lt\/wp-json\/wp\/v2\/product_tag?post=72352"},{"taxonomy":"giftcard-category","embeddable":true,"href":"https:\/\/skinstudio.ee\/lt\/wp-json\/wp\/v2\/giftcard-category?post=72352"}],"curies":[{"name":"wp","href":"https:\/\/api.w.org\/{rel}","templated":true}]}}