{"id":72361,"date":"2024-01-19T17:00:52","date_gmt":"2024-01-19T17:00:52","guid":{"rendered":"https:\/\/skinstudio.ee\/?post_type=product&#038;p=72361"},"modified":"2026-01-22T09:04:49","modified_gmt":"2026-01-22T09:04:49","slug":"age-intervention-face-cream","status":"publish","type":"product","link":"https:\/\/skinstudio.ee\/lt\/catalog\/marini-skinsolutions\/age-intervention-face-cream\/","title":{"rendered":"Age Intervention Face Cream"},"content":{"rendered":"<p data-start=\"1779\" data-end=\"2061\">Age Intervention Face Cream nuo Marini SkinSolutions yra sodrus prie\u0161sen\u0117jiminis veido kremas, sukurtas odos i\u0161vaizdos poky\u010diams, susijusiems su hormoniniais svyravimais ir saul\u0117s poveikiu, koreguoti. Pa\u017eangi formul\u0117 palaiko nat\u016bralius odos atsinaujinimo procesus ir gerina bendr\u0105 odos b\u016bkl\u0119.<\/p>\n<p data-start=\"2063\" data-end=\"2257\">Kremas padeda intensyviau dr\u0117kinti od\u0105, gerina jos elastingum\u0105 ir ma\u017eina smulki\u0173 linij\u0173 bei rauk\u0161li\u0173 matomum\u0105. Reguliariai naudojant oda tampa lygesn\u0117, stangresn\u0117 ir atrodo nat\u016braliai sveikesn\u0117.<\/p>\n<p data-start=\"2259\" data-end=\"2284\"><strong data-start=\"2259\" data-end=\"2284\">Aktyv\u016bs ingredientai:<\/strong><\/p>\n<ul data-start=\"2285\" data-end=\"2728\">\n<li data-start=\"2285\" data-end=\"2414\">\n<p data-start=\"2287\" data-end=\"2414\"><strong data-start=\"2287\" data-end=\"2368\">Patentinis interferono ir izoflavon\u0173 kompleksas (soja ir raudonasis dobilas):<\/strong> padeda palaikyti odos dr\u0117gm\u0119 ir elastingum\u0105<\/p>\n<\/li>\n<li data-start=\"2415\" data-end=\"2511\">\n<p data-start=\"2417\" data-end=\"2511\"><strong data-start=\"2417\" data-end=\"2437\">Kofermentas Q10:<\/strong> padeda apsaugoti od\u0105 nuo i\u0161orini\u0173 veiksni\u0173 ir palaiko l\u0105steli\u0173 energij\u0105<\/p>\n<\/li>\n<li data-start=\"2512\" data-end=\"2576\">\n<p data-start=\"2514\" data-end=\"2576\"><strong data-start=\"2514\" data-end=\"2539\">Planktono ekstraktas:<\/strong> maitina od\u0105 ir gerina jos tekst\u016br\u0105<\/p>\n<\/li>\n<li data-start=\"2577\" data-end=\"2651\">\n<p data-start=\"2579\" data-end=\"2651\"><strong data-start=\"2579\" data-end=\"2610\">Metilsulfonilmetanas (MSM):<\/strong> palaiko odos stangrum\u0105 ir bendr\u0105 b\u016bkl\u0119<\/p>\n<\/li>\n<li data-start=\"2652\" data-end=\"2728\">\n<p data-start=\"2654\" data-end=\"2728\"><strong data-start=\"2654\" data-end=\"2680\">Probiotik\u0173 kompleksas:<\/strong> padeda palaikyti subalansuot\u0105 odos mikrobiom\u0105<\/p>\n<\/li>\n<\/ul>\n<p data-start=\"2730\" data-end=\"2820\">Priemon\u0117 tinka sausai odai ir odai, turin\u010diai sen\u0117jimo po\u017eymi\u0173 bei suma\u017e\u0117jus\u012f elastingum\u0105.<\/p>\n<p data-start=\"2822\" data-end=\"2841\"><strong data-start=\"2822\" data-end=\"2832\">T\u016bris:<\/strong> <strong data-start=\"2833\" data-end=\"2841\">28 g<\/strong><\/p>\n","protected":false},"excerpt":{"rendered":"<p data-start=\"2993\" data-end=\"3041\">Prie\u0161sen\u0117jiminis veido kremas su fitoestrogenais<\/p>\n<h2 data-start=\"3043\" data-end=\"3095\"><strong data-start=\"3043\" data-end=\"3095\">Marini SkinSolutions &#8211; Age Intervention Face Cream savyb\u0117s<\/strong><\/h2>\n<p data-start=\"3097\" data-end=\"3315\">\u2714\ufe0f Padeda suma\u017einti smulki\u0173 linij\u0173 ir rauk\u0161li\u0173 matomum\u0105<br data-start=\"3152\" data-end=\"3155\" \/>\u2714\ufe0f Palaiko odos elastingum\u0105 ir stangrum\u0105<br data-start=\"3195\" data-end=\"3198\" \/>\u2714\ufe0f Gerina odos tekst\u016br\u0105 ir dr\u0117kinim\u0105<br data-start=\"3234\" data-end=\"3237\" \/>\u2714\ufe0f Padeda apsaugoti od\u0105 nuo fotosen\u0117jimo<br data-start=\"3277\" data-end=\"3280\" \/>\u2714\ufe0f Ramina od\u0105 ir ma\u017eina paraudim\u0105<\/p>\n","protected":false},"featured_media":75342,"template":"","meta":[],"pwb-brand":[1246],"product_brand":[],"product_cat":[738,740,750],"product_tag":[],"giftcard-category":[],"class_list":{"0":"post-72361","1":"product","2":"type-product","3":"status-publish","4":"has-post-thumbnail","6":"pwb-brand-marini-skinsolutions","7":"product_cat-drekinimas","8":"product_cat-sausai-odai","9":"product_cat-senstanti-oda","11":"first","12":"instock","13":"taxable","14":"shipping-taxable","15":"purchasable","16":"product-type-simple"},"acf":[],"brands":[{"id":1246,"name":"MARINI SKINSOLUTIONS","slug":"marini-skinsolutions"}],"_links":{"self":[{"href":"https:\/\/skinstudio.ee\/lt\/wp-json\/wp\/v2\/product\/72361","targetHints":{"allow":["GET"]}}],"collection":[{"href":"https:\/\/skinstudio.ee\/lt\/wp-json\/wp\/v2\/product"}],"about":[{"href":"https:\/\/skinstudio.ee\/lt\/wp-json\/wp\/v2\/types\/product"}],"version-history":[{"count":2,"href":"https:\/\/skinstudio.ee\/lt\/wp-json\/wp\/v2\/product\/72361\/revisions"}],"predecessor-version":[{"id":75854,"href":"https:\/\/skinstudio.ee\/lt\/wp-json\/wp\/v2\/product\/72361\/revisions\/75854"}],"wp:featuredmedia":[{"embeddable":true,"href":"https:\/\/skinstudio.ee\/lt\/wp-json\/wp\/v2\/media\/75342"}],"wp:attachment":[{"href":"https:\/\/skinstudio.ee\/lt\/wp-json\/wp\/v2\/media?parent=72361"}],"wp:term":[{"taxonomy":"pwb-brand","embeddable":true,"href":"https:\/\/skinstudio.ee\/lt\/wp-json\/wp\/v2\/pwb-brand?post=72361"},{"taxonomy":"product_brand","embeddable":true,"href":"https:\/\/skinstudio.ee\/lt\/wp-json\/wp\/v2\/product_brand?post=72361"},{"taxonomy":"product_cat","embeddable":true,"href":"https:\/\/skinstudio.ee\/lt\/wp-json\/wp\/v2\/product_cat?post=72361"},{"taxonomy":"product_tag","embeddable":true,"href":"https:\/\/skinstudio.ee\/lt\/wp-json\/wp\/v2\/product_tag?post=72361"},{"taxonomy":"giftcard-category","embeddable":true,"href":"https:\/\/skinstudio.ee\/lt\/wp-json\/wp\/v2\/giftcard-category?post=72361"}],"curies":[{"name":"wp","href":"https:\/\/api.w.org\/{rel}","templated":true}]}}