{"id":72385,"date":"2026-01-05T08:38:11","date_gmt":"2026-01-05T08:38:11","guid":{"rendered":"https:\/\/skinstudio.ee\/?post_type=product&#038;p=72385"},"modified":"2026-04-15T08:49:56","modified_gmt":"2026-04-15T08:49:56","slug":"tricology-caps","status":"publish","type":"product","link":"https:\/\/skinstudio.ee\/lt\/catalog\/mesoestetic\/tricology-caps\/","title":{"rendered":"Tricology Caps"},"content":{"rendered":"<p data-start=\"1458\" data-end=\"1566\"><strong data-start=\"1458\" data-end=\"1566\">Tricology Caps nuo Mesoestetic &#8211; maisto papildas su augalini\u0173 ekstrakt\u0173, vitamin\u0173 ir mineral\u0173 kompleksu.<\/strong><\/p>\n<p data-start=\"1568\" data-end=\"1745\">Formul\u0117 skirta kasdieniam vartojimui ir sud\u0117tyje yra ingredient\u0173, pla\u010diai naudojam\u0173 maisto papilduose. Kapsuli\u0173 forma u\u017etikrina patog\u0173 vartojim\u0105 ir tinka ilgalaikiam naudojimui.<\/p>\n<p data-start=\"1747\" data-end=\"1875\">Sud\u0117tyje yra B grup\u0117s vitamin\u0173, cinko ir augalini\u0173 ekstrakt\u0173. Produktas yra vegani\u0161kos sud\u0117ties ir gali b\u016bti vartojamas kasdien.<\/p>\n<p data-start=\"1877\" data-end=\"2089\"><strong data-start=\"1877\" data-end=\"1900\">Pagaminta Europoje.<\/strong><br data-start=\"1900\" data-end=\"1903\" \/><strong data-start=\"1903\" data-end=\"1924\">Tinkamumo laikas:<\/strong> \u017ei\u016br\u0117ti ant pakuot\u0117s<br data-start=\"1945\" data-end=\"1948\" \/><strong data-start=\"1948\" data-end=\"1968\">Laikymo s\u0105lygos:<\/strong> laikyti sandariai u\u017edaryt\u0105 sausoje, v\u0117sioje vietoje, saugoti nuo tiesiogini\u0173 saul\u0117s spinduli\u0173<br data-start=\"2062\" data-end=\"2065\" \/><strong data-start=\"2065\" data-end=\"2075\">T\u016bris:<\/strong> 60 kapsuli\u0173<\/p>\n","protected":false},"excerpt":{"rendered":"<p data-start=\"2596\" data-end=\"2622\">Kapsuli\u0173 maisto papildas<\/p>\n<h2 data-start=\"2624\" data-end=\"2664\"><strong data-start=\"2624\" data-end=\"2664\">Mesoestetic &#8211; Tricology Caps Savyb\u0117s<\/strong><\/h2>\n<p data-start=\"2666\" data-end=\"2855\">\u2714\ufe0f Sud\u0117tyje yra B grup\u0117s vitamin\u0173 ir cinko<br data-start=\"2708\" data-end=\"2711\" \/>\u2714\ufe0f Sud\u0117tyje yra augalini\u0173 ekstrakt\u0173 kompleksas<br data-start=\"2757\" data-end=\"2760\" \/>\u2714\ufe0f Kapsuli\u0173 forma patogiam vartojimui<br data-start=\"2797\" data-end=\"2800\" \/>\u2714\ufe0f Tinka kasdieniam vartojimui<br data-start=\"2830\" data-end=\"2833\" \/>\u2714\ufe0f Vegani\u0161ka sud\u0117tis<\/p>\n","protected":false},"featured_media":72376,"template":"","meta":[],"pwb-brand":[1133],"product_brand":[],"product_cat":[769],"product_tag":[],"giftcard-category":[],"class_list":{"0":"post-72385","1":"product","2":"type-product","3":"status-publish","4":"has-post-thumbnail","6":"pwb-brand-mesoestetic","7":"product_cat-vitaminai","9":"first","10":"instock","11":"taxable","12":"shipping-taxable","13":"purchasable","14":"product-type-simple"},"acf":[],"brands":[{"id":1133,"name":"Mesoestetic","slug":"mesoestetic"}],"_links":{"self":[{"href":"https:\/\/skinstudio.ee\/lt\/wp-json\/wp\/v2\/product\/72385","targetHints":{"allow":["GET"]}}],"collection":[{"href":"https:\/\/skinstudio.ee\/lt\/wp-json\/wp\/v2\/product"}],"about":[{"href":"https:\/\/skinstudio.ee\/lt\/wp-json\/wp\/v2\/types\/product"}],"version-history":[{"count":2,"href":"https:\/\/skinstudio.ee\/lt\/wp-json\/wp\/v2\/product\/72385\/revisions"}],"predecessor-version":[{"id":90910,"href":"https:\/\/skinstudio.ee\/lt\/wp-json\/wp\/v2\/product\/72385\/revisions\/90910"}],"wp:featuredmedia":[{"embeddable":true,"href":"https:\/\/skinstudio.ee\/lt\/wp-json\/wp\/v2\/media\/72376"}],"wp:attachment":[{"href":"https:\/\/skinstudio.ee\/lt\/wp-json\/wp\/v2\/media?parent=72385"}],"wp:term":[{"taxonomy":"pwb-brand","embeddable":true,"href":"https:\/\/skinstudio.ee\/lt\/wp-json\/wp\/v2\/pwb-brand?post=72385"},{"taxonomy":"product_brand","embeddable":true,"href":"https:\/\/skinstudio.ee\/lt\/wp-json\/wp\/v2\/product_brand?post=72385"},{"taxonomy":"product_cat","embeddable":true,"href":"https:\/\/skinstudio.ee\/lt\/wp-json\/wp\/v2\/product_cat?post=72385"},{"taxonomy":"product_tag","embeddable":true,"href":"https:\/\/skinstudio.ee\/lt\/wp-json\/wp\/v2\/product_tag?post=72385"},{"taxonomy":"giftcard-category","embeddable":true,"href":"https:\/\/skinstudio.ee\/lt\/wp-json\/wp\/v2\/giftcard-category?post=72385"}],"curies":[{"name":"wp","href":"https:\/\/api.w.org\/{rel}","templated":true}]}}