{"id":72461,"date":"2024-01-19T17:00:47","date_gmt":"2024-01-19T17:00:47","guid":{"rendered":"https:\/\/skinstudio.ee\/?post_type=product&#038;p=72461"},"modified":"2026-01-19T15:13:26","modified_gmt":"2026-01-19T15:13:26","slug":"age-intervention-peptide-extreme","status":"publish","type":"product","link":"https:\/\/skinstudio.ee\/lt\/catalog\/marini-skinsolutions\/age-intervention-peptide-extreme\/","title":{"rendered":"Age Intervention Peptide Extreme"},"content":{"rendered":"<p data-start=\"2027\" data-end=\"2375\">Age Intervention Peptide Extreme nuo Jan Marini yra intensyvus prie\u0161sen\u0117jiminis losjonas-serumas, kuriame derinami didel\u0117s koncentracijos peptidai, antioksidantai ir raminamieji komponentai, skirti suma\u017einti rauk\u0161li\u0173, netolygios tekst\u016bros ir odos tono matomum\u0105. Lengva formul\u0117 suteikia momentin\u012f dr\u0117kinim\u0105 ir maitinim\u0105, i\u0161laikydama komforto poj\u016bt\u012f.<\/p>\n<p data-start=\"2377\" data-end=\"2633\">\u0160i pa\u017eangi formul\u0117 palaiko odos atsistatymo procesus, skatina kolageno ir elastino gamyb\u0105 bei gerina bendr\u0105 odos atsparum\u0105. Reguliariai naudojant oda atrodo stangresn\u0117, lygesn\u0117 ir labiau \u0161vytinti. Ypa\u010d tinka jautriai, reaktyviai odai bei odai po proced\u016br\u0173.<\/p>\n<p data-start=\"2635\" data-end=\"2660\"><strong data-start=\"2635\" data-end=\"2660\">Aktyv\u016bs ingredientai:<\/strong><\/p>\n<ul data-start=\"2661\" data-end=\"3133\">\n<li data-start=\"2661\" data-end=\"2764\">\n<p data-start=\"2663\" data-end=\"2764\"><strong data-start=\"2663\" data-end=\"2703\">Prie\u0161sen\u0117jiminis peptid\u0173 kompleksas:<\/strong> palaiko odos stangrum\u0105 ir padeda ma\u017einti rauk\u0161li\u0173 matomum\u0105<\/p>\n<\/li>\n<li data-start=\"2765\" data-end=\"2852\">\n<p data-start=\"2767\" data-end=\"2852\"><strong data-start=\"2767\" data-end=\"2787\">Kofermentas Q10:<\/strong> palaiko l\u0105steli\u0173 energij\u0105 ir padeda apsaugoti nuo fotosen\u0117jimo<\/p>\n<\/li>\n<li data-start=\"2853\" data-end=\"2936\">\n<p data-start=\"2855\" data-end=\"2936\"><strong data-start=\"2855\" data-end=\"2888\">\u017daliosios arbatos ekstraktas:<\/strong> suteikia antioksidacin\u0119 apsaug\u0105 ir ramina od\u0105<\/p>\n<\/li>\n<li data-start=\"2937\" data-end=\"3032\">\n<p data-start=\"2939\" data-end=\"3032\"><strong data-start=\"2939\" data-end=\"2962\">Granat\u0173 ekstraktas:<\/strong> padeda apsaugoti od\u0105 nuo laisv\u0173j\u0173 radikal\u0173 ir palaiko atsinaujinim\u0105<\/p>\n<\/li>\n<li data-start=\"3033\" data-end=\"3133\">\n<p data-start=\"3035\" data-end=\"3133\"><strong data-start=\"3035\" data-end=\"3081\">Piev\u0173 putokli\u0173 s\u0117kl\u0173 aliejus (Meadowfoam):<\/strong> mink\u0161tina od\u0105 ir padeda palaikyti dr\u0117gm\u0117s balans\u0105<\/p>\n<\/li>\n<\/ul>\n<p data-start=\"3135\" data-end=\"3236\">Priemon\u0117 tinka vis\u0173 tip\u0173 odai, ypa\u010d odai su sen\u0117jimo po\u017eymiais, padid\u0117jusiu jautrumu ar po proced\u016br\u0173.<\/p>\n<p data-start=\"3238\" data-end=\"3258\"><strong data-start=\"3238\" data-end=\"3248\">T\u016bris:<\/strong> <strong data-start=\"3249\" data-end=\"3258\">30 ml<\/strong><\/p>\n","protected":false},"excerpt":{"rendered":"<p data-start=\"3413\" data-end=\"3456\">Intensyvus prie\u0161sen\u0117jiminis peptid\u0173 serumas<\/p>\n<h2 data-start=\"3458\" data-end=\"3515\"><strong data-start=\"3458\" data-end=\"3515\">Jan Marini &#8211; Age Intervention Peptide Extreme savyb\u0117s<\/strong><\/h2>\n<p data-start=\"3517\" data-end=\"3749\">\u2714\ufe0f Suteikia momentin\u012f dr\u0117kinim\u0105 ir maitinim\u0105<br data-start=\"3561\" data-end=\"3564\" \/>\u2714\ufe0f Padeda palaikyti odos stangrum\u0105 ir elastingum\u0105<br data-start=\"3613\" data-end=\"3616\" \/>\u2714\ufe0f Skatina odos strukt\u016bros atsistatym\u0105<br data-start=\"3654\" data-end=\"3657\" \/>\u2714\ufe0f Palaiko kolageno ir elastino gamyb\u0105<br data-start=\"3695\" data-end=\"3698\" \/>\u2714\ufe0f Suteikia odai glotnesn\u0119 ir skaistesn\u0119 i\u0161vaizd\u0105<\/p>\n","protected":false},"featured_media":63655,"template":"","meta":[],"pwb-brand":[1246],"product_brand":[],"product_cat":[746,750,724,748],"product_tag":[],"giftcard-category":[],"class_list":{"0":"post-72461","1":"product","2":"type-product","3":"status-publish","4":"has-post-thumbnail","6":"pwb-brand-marini-skinsolutions","7":"product_cat-jautriai-odai","8":"product_cat-senstanti-oda","9":"product_cat-serumai","10":"product_cat-taukainai-adai-lt","12":"first","13":"instock","14":"taxable","15":"shipping-taxable","16":"purchasable","17":"product-type-simple"},"acf":[],"brands":[{"id":1246,"name":"MARINI SKINSOLUTIONS","slug":"marini-skinsolutions"}],"_links":{"self":[{"href":"https:\/\/skinstudio.ee\/lt\/wp-json\/wp\/v2\/product\/72461","targetHints":{"allow":["GET"]}}],"collection":[{"href":"https:\/\/skinstudio.ee\/lt\/wp-json\/wp\/v2\/product"}],"about":[{"href":"https:\/\/skinstudio.ee\/lt\/wp-json\/wp\/v2\/types\/product"}],"version-history":[{"count":1,"href":"https:\/\/skinstudio.ee\/lt\/wp-json\/wp\/v2\/product\/72461\/revisions"}],"predecessor-version":[{"id":72463,"href":"https:\/\/skinstudio.ee\/lt\/wp-json\/wp\/v2\/product\/72461\/revisions\/72463"}],"wp:featuredmedia":[{"embeddable":true,"href":"https:\/\/skinstudio.ee\/lt\/wp-json\/wp\/v2\/media\/63655"}],"wp:attachment":[{"href":"https:\/\/skinstudio.ee\/lt\/wp-json\/wp\/v2\/media?parent=72461"}],"wp:term":[{"taxonomy":"pwb-brand","embeddable":true,"href":"https:\/\/skinstudio.ee\/lt\/wp-json\/wp\/v2\/pwb-brand?post=72461"},{"taxonomy":"product_brand","embeddable":true,"href":"https:\/\/skinstudio.ee\/lt\/wp-json\/wp\/v2\/product_brand?post=72461"},{"taxonomy":"product_cat","embeddable":true,"href":"https:\/\/skinstudio.ee\/lt\/wp-json\/wp\/v2\/product_cat?post=72461"},{"taxonomy":"product_tag","embeddable":true,"href":"https:\/\/skinstudio.ee\/lt\/wp-json\/wp\/v2\/product_tag?post=72461"},{"taxonomy":"giftcard-category","embeddable":true,"href":"https:\/\/skinstudio.ee\/lt\/wp-json\/wp\/v2\/giftcard-category?post=72461"}],"curies":[{"name":"wp","href":"https:\/\/api.w.org\/{rel}","templated":true}]}}