{"id":72471,"date":"2024-01-19T17:00:46","date_gmt":"2024-01-19T17:00:46","guid":{"rendered":"https:\/\/skinstudio.ee\/?post_type=product&#038;p=72471"},"modified":"2026-01-22T09:04:57","modified_gmt":"2026-01-22T09:04:57","slug":"antioxidant-daily-face-protectant-spf-33","status":"publish","type":"product","link":"https:\/\/skinstudio.ee\/lt\/catalog\/marini-skinsolutions\/antioxidant-daily-face-protectant-spf-33\/","title":{"rendered":"Antioxidant Daily Face Protectant SPF 33"},"content":{"rendered":"<p data-start=\"2050\" data-end=\"2347\">Antioxidant Daily Face Protectant SPF 33 nuo Marini SkinSolutions \u2013 lengvos tekst\u016bros, vandeniui atsparus kasdienis apsauginis kremas nuo saul\u0117s su plataus spektro UVA ir UVB apsauga. Formul\u0117 padeda apsaugoti od\u0105 nuo saul\u0117s sukeliam\u0173 pa\u017eeidim\u0173, palaikant optimal\u0173 dr\u0117gm\u0117s lyg\u012f ir komforto poj\u016bt\u012f vis\u0105 dien\u0105.<\/p>\n<p data-start=\"2349\" data-end=\"2604\">Greitai \u012fsigerianti tekst\u016bra neapsunkina odos ir padeda kontroliuoti riebal\u0173 pertekli\u0173. Antioksidantais ir dr\u0117kinan\u010diais komponentais praturtinta formul\u0117 palaiko odos elastingum\u0105, padeda ma\u017einti fotosen\u0117jimo po\u017eymius ir i\u0161laikyti pri\u017ei\u016br\u0117t\u0105 odos i\u0161vaizd\u0105.<\/p>\n<p data-start=\"2606\" data-end=\"2631\"><strong data-start=\"2606\" data-end=\"2631\">Aktyv\u016bs ingredientai:<\/strong><\/p>\n<ul data-start=\"2632\" data-end=\"3110\">\n<li data-start=\"2632\" data-end=\"2749\">\n<p data-start=\"2634\" data-end=\"2749\"><strong data-start=\"2634\" data-end=\"2672\">Plataus spektro UVA \/ UVB apsauga:<\/strong> padeda apsaugoti od\u0105 nuo \u017ealingo saul\u0117s poveikio ir prie\u0161laikinio sen\u0117jimo<\/p>\n<\/li>\n<li data-start=\"2750\" data-end=\"2850\">\n<p data-start=\"2752\" data-end=\"2850\"><strong data-start=\"2752\" data-end=\"2770\">Fitomelaninas:<\/strong> suteikia antioksidacin\u0119 apsaug\u0105 ir padeda neutralizuoti laisvuosius radikalus<\/p>\n<\/li>\n<li data-start=\"2851\" data-end=\"2948\">\n<p data-start=\"2853\" data-end=\"2948\"><strong data-start=\"2853\" data-end=\"2892\">Beta-gliukanas (mieli\u0173 ekstraktas):<\/strong> ramina od\u0105 ir padeda apsaugoti j\u0105 nuo aplinkos streso<\/p>\n<\/li>\n<li data-start=\"2949\" data-end=\"3045\">\n<p data-start=\"2951\" data-end=\"3045\"><strong data-start=\"2951\" data-end=\"2980\">Sebumo kontrol\u0117s sistema:<\/strong> padeda suma\u017einti blizges\u012f ir palaikyti subalansuot\u0105 odos b\u016bkl\u0119<\/p>\n<\/li>\n<li data-start=\"3046\" data-end=\"3110\">\n<p data-start=\"3048\" data-end=\"3110\"><strong data-start=\"3048\" data-end=\"3070\">Hialurono r\u016bg\u0161tis:<\/strong> palaiko odos dr\u0117kinim\u0105 ir elastingum\u0105<\/p>\n<\/li>\n<\/ul>\n<p data-start=\"3112\" data-end=\"3165\">Tinka vis\u0173 tip\u0173 odai, \u012fskaitant mi\u0161ri\u0105 ir riebi\u0105 od\u0105.<\/p>\n<p data-start=\"3167\" data-end=\"3186\"><strong data-start=\"3167\" data-end=\"3177\">T\u016bris:<\/strong> <strong data-start=\"3178\" data-end=\"3186\">57 g<\/strong><\/p>\n","protected":false},"excerpt":{"rendered":"<p data-start=\"3399\" data-end=\"3454\">Kasdienis antioksidantinis apsauginis kremas nuo saul\u0117s<\/p>\n<h2 data-start=\"3456\" data-end=\"3521\"><strong data-start=\"3456\" data-end=\"3521\">Marini SkinSolutions &#8211; Antioxidant Daily Face Protectant SPF 33 savyb\u0117s<\/strong><\/h2>\n<p data-start=\"3523\" data-end=\"3727\">\u2714\ufe0f Suteikia plataus spektro UVA ir UVB apsaug\u0105<br data-start=\"3569\" data-end=\"3572\" \/>\u2714\ufe0f Yra atsparus vandeniui<br data-start=\"3597\" data-end=\"3600\" \/>\u2714\ufe0f Padeda ma\u017einti saul\u0117s pa\u017eeidim\u0173 po\u017eymius<br data-start=\"3643\" data-end=\"3646\" \/>\u2714\ufe0f Dr\u0117kina od\u0105 ir u\u017etikrina komfort\u0105<br data-start=\"3682\" data-end=\"3685\" \/>\u2714\ufe0f Padeda apsaugoti od\u0105 nuo fotosen\u0117jimo<\/p>\n","protected":false},"featured_media":75347,"template":"","meta":[],"pwb-brand":[1246],"product_brand":[],"product_cat":[732],"product_tag":[],"giftcard-category":[],"class_list":{"0":"post-72471","1":"product","2":"type-product","3":"status-publish","4":"has-post-thumbnail","6":"pwb-brand-marini-skinsolutions","7":"product_cat-spf-apsauga","9":"first","10":"instock","11":"taxable","12":"shipping-taxable","13":"purchasable","14":"product-type-simple"},"acf":[],"brands":[{"id":1246,"name":"Marini SkinSolutions","slug":"marini-skinsolutions"}],"_links":{"self":[{"href":"https:\/\/skinstudio.ee\/lt\/wp-json\/wp\/v2\/product\/72471","targetHints":{"allow":["GET"]}}],"collection":[{"href":"https:\/\/skinstudio.ee\/lt\/wp-json\/wp\/v2\/product"}],"about":[{"href":"https:\/\/skinstudio.ee\/lt\/wp-json\/wp\/v2\/types\/product"}],"version-history":[{"count":2,"href":"https:\/\/skinstudio.ee\/lt\/wp-json\/wp\/v2\/product\/72471\/revisions"}],"predecessor-version":[{"id":75855,"href":"https:\/\/skinstudio.ee\/lt\/wp-json\/wp\/v2\/product\/72471\/revisions\/75855"}],"wp:featuredmedia":[{"embeddable":true,"href":"https:\/\/skinstudio.ee\/lt\/wp-json\/wp\/v2\/media\/75347"}],"wp:attachment":[{"href":"https:\/\/skinstudio.ee\/lt\/wp-json\/wp\/v2\/media?parent=72471"}],"wp:term":[{"taxonomy":"pwb-brand","embeddable":true,"href":"https:\/\/skinstudio.ee\/lt\/wp-json\/wp\/v2\/pwb-brand?post=72471"},{"taxonomy":"product_brand","embeddable":true,"href":"https:\/\/skinstudio.ee\/lt\/wp-json\/wp\/v2\/product_brand?post=72471"},{"taxonomy":"product_cat","embeddable":true,"href":"https:\/\/skinstudio.ee\/lt\/wp-json\/wp\/v2\/product_cat?post=72471"},{"taxonomy":"product_tag","embeddable":true,"href":"https:\/\/skinstudio.ee\/lt\/wp-json\/wp\/v2\/product_tag?post=72471"},{"taxonomy":"giftcard-category","embeddable":true,"href":"https:\/\/skinstudio.ee\/lt\/wp-json\/wp\/v2\/giftcard-category?post=72471"}],"curies":[{"name":"wp","href":"https:\/\/api.w.org\/{rel}","templated":true}]}}