{"id":72480,"date":"2024-01-19T17:00:39","date_gmt":"2024-01-19T17:00:39","guid":{"rendered":"https:\/\/skinstudio.ee\/?post_type=product&#038;p=72480"},"modified":"2026-01-19T15:13:28","modified_gmt":"2026-01-19T15:13:28","slug":"physical-protectant-spf-45-tinted","status":"publish","type":"product","link":"https:\/\/skinstudio.ee\/lt\/catalog\/marini-skinsolutions\/physical-protectant-spf-45-tinted\/","title":{"rendered":"Physical Protectant SPF 45 Tinted"},"content":{"rendered":"<p data-start=\"1874\" data-end=\"2137\">Physical Protectant SPF 45 Tinted nuo Jan Marini \u2013 tonuotas mineralinis apsauginis kremas nuo saul\u0117s su matiniu efektu, suteikiantis plataus spektro UVA ir UVB apsaug\u0105. Formul\u0117 pagr\u012fsta tik fiziniais filtrais ir padeda suma\u017einti prie\u0161laikinio fotosen\u0117jimo rizik\u0105.<\/p>\n<p data-start=\"2139\" data-end=\"2364\">Universalus atspalvis padeda suvienodinti odos ton\u0105, o mikroskopin\u0117s sebum\u0105 sugerian\u010dios dalel\u0117s padeda kontroliuoti blizges\u012f ir i\u0161laikyti matin\u012f efekt\u0105. Antioksidantai ramina od\u0105 ir padeda apsaugoti j\u0105 nuo aplinkos poveikio.<\/p>\n<p data-start=\"2366\" data-end=\"2391\"><strong data-start=\"2366\" data-end=\"2391\">Aktyv\u016bs ingredientai:<\/strong><\/p>\n<ul data-start=\"2392\" data-end=\"2838\">\n<li data-start=\"2392\" data-end=\"2518\">\n<p data-start=\"2394\" data-end=\"2518\"><strong data-start=\"2394\" data-end=\"2459\">Fizin\u0117 UVA \/ UVB apsauga (titano dioksidas ir cinko oksidas):<\/strong> sudaro mineralin\u012f apsaugin\u012f barjer\u0105 nuo saul\u0117s spinduli\u0173<\/p>\n<\/li>\n<li data-start=\"2519\" data-end=\"2602\">\n<p data-start=\"2521\" data-end=\"2602\"><strong data-start=\"2521\" data-end=\"2554\">\u017daliosios arbatos ekstraktas:<\/strong> suteikia antioksidacin\u0119 apsaug\u0105 ir ramina od\u0105<\/p>\n<\/li>\n<li data-start=\"2603\" data-end=\"2666\">\n<p data-start=\"2605\" data-end=\"2666\"><strong data-start=\"2605\" data-end=\"2626\">Alfa-bisabololis:<\/strong> padeda ma\u017einti sudirgim\u0105 ir paraudim\u0105<\/p>\n<\/li>\n<li data-start=\"2667\" data-end=\"2753\">\n<p data-start=\"2669\" data-end=\"2753\"><strong data-start=\"2669\" data-end=\"2698\">Sebumo kontrol\u0117s sistema:<\/strong> padeda suma\u017einti blizges\u012f ir palaikyti matin\u012f efekt\u0105<\/p>\n<\/li>\n<li data-start=\"2754\" data-end=\"2838\">\n<p data-start=\"2756\" data-end=\"2838\"><strong data-start=\"2756\" data-end=\"2776\">Kofermentas Q10:<\/strong> palaiko odos apsaug\u0105 nuo fotosen\u0117jimo ir oksidacinio streso<\/p>\n<\/li>\n<\/ul>\n<p data-start=\"2840\" data-end=\"2861\">Tinka vis\u0173 tip\u0173 odai.<\/p>\n<p data-start=\"2863\" data-end=\"2883\"><strong data-start=\"2863\" data-end=\"2873\">T\u016bris:<\/strong> <strong data-start=\"2874\" data-end=\"2883\">60 ml<\/strong><\/p>\n","protected":false},"excerpt":{"rendered":"<p data-start=\"3086\" data-end=\"3147\">Tonizuojantis mineralinis kremas nuo saul\u0117s su matiniu efektu<\/p>\n<h2 data-start=\"3149\" data-end=\"3207\"><strong data-start=\"3149\" data-end=\"3207\">Jan Marini &#8211; Physical Protectant SPF 45 Tinted savyb\u0117s<\/strong><\/h2>\n<p data-start=\"3209\" data-end=\"3467\">\u2714\ufe0f Suteikia plataus spektro UVA ir UVB apsaug\u0105<br data-start=\"3255\" data-end=\"3258\" \/>\u2714\ufe0f Sud\u0117tyje yra tik fiziniai mineraliniai filtrai<br data-start=\"3307\" data-end=\"3310\" \/>\u2714\ufe0f Padeda suma\u017einti prie\u0161laikinio fotosen\u0117jimo rizik\u0105<br data-start=\"3363\" data-end=\"3366\" \/>\u2714\ufe0f Suteikia antioksidacin\u0119 apsaug\u0105 odai<br data-start=\"3405\" data-end=\"3408\" \/>\u2714\ufe0f Padeda suvienodinti odos ton\u0105 ir i\u0161gauti matin\u012f efekt\u0105<\/p>\n","protected":false},"featured_media":63665,"template":"","meta":[],"pwb-brand":[1246],"product_brand":[],"product_cat":[732],"product_tag":[],"giftcard-category":[],"class_list":{"0":"post-72480","1":"product","2":"type-product","3":"status-publish","4":"has-post-thumbnail","6":"pwb-brand-marini-skinsolutions","7":"product_cat-spf-apsauga","9":"first","10":"instock","11":"taxable","12":"shipping-taxable","13":"purchasable","14":"product-type-simple"},"acf":[],"brands":[{"id":1246,"name":"MARINI SKINSOLUTIONS","slug":"marini-skinsolutions"}],"_links":{"self":[{"href":"https:\/\/skinstudio.ee\/lt\/wp-json\/wp\/v2\/product\/72480","targetHints":{"allow":["GET"]}}],"collection":[{"href":"https:\/\/skinstudio.ee\/lt\/wp-json\/wp\/v2\/product"}],"about":[{"href":"https:\/\/skinstudio.ee\/lt\/wp-json\/wp\/v2\/types\/product"}],"version-history":[{"count":1,"href":"https:\/\/skinstudio.ee\/lt\/wp-json\/wp\/v2\/product\/72480\/revisions"}],"predecessor-version":[{"id":72482,"href":"https:\/\/skinstudio.ee\/lt\/wp-json\/wp\/v2\/product\/72480\/revisions\/72482"}],"wp:featuredmedia":[{"embeddable":true,"href":"https:\/\/skinstudio.ee\/lt\/wp-json\/wp\/v2\/media\/63665"}],"wp:attachment":[{"href":"https:\/\/skinstudio.ee\/lt\/wp-json\/wp\/v2\/media?parent=72480"}],"wp:term":[{"taxonomy":"pwb-brand","embeddable":true,"href":"https:\/\/skinstudio.ee\/lt\/wp-json\/wp\/v2\/pwb-brand?post=72480"},{"taxonomy":"product_brand","embeddable":true,"href":"https:\/\/skinstudio.ee\/lt\/wp-json\/wp\/v2\/product_brand?post=72480"},{"taxonomy":"product_cat","embeddable":true,"href":"https:\/\/skinstudio.ee\/lt\/wp-json\/wp\/v2\/product_cat?post=72480"},{"taxonomy":"product_tag","embeddable":true,"href":"https:\/\/skinstudio.ee\/lt\/wp-json\/wp\/v2\/product_tag?post=72480"},{"taxonomy":"giftcard-category","embeddable":true,"href":"https:\/\/skinstudio.ee\/lt\/wp-json\/wp\/v2\/giftcard-category?post=72480"}],"curies":[{"name":"wp","href":"https:\/\/api.w.org\/{rel}","templated":true}]}}