{"id":72489,"date":"2024-01-19T17:00:34","date_gmt":"2024-01-19T17:00:34","guid":{"rendered":"https:\/\/skinstudio.ee\/?post_type=product&#038;p=72489"},"modified":"2026-01-22T09:05:04","modified_gmt":"2026-01-22T09:05:04","slug":"age-intervention-retinol-plus","status":"publish","type":"product","link":"https:\/\/skinstudio.ee\/lt\/catalog\/marini-skinsolutions\/age-intervention-retinol-plus\/","title":{"rendered":"Age Intervention Retinol Plus"},"content":{"rendered":"<p data-start=\"2074\" data-end=\"2390\">Age Intervention Retinol Plus nuo Marini SkinSolutions \u2013 didelio veiksmingumo retinolio kremas su 0,5% retinolio, peptidais ir antioksidantais, skirtas matomiems odos sen\u0117jimo po\u017eymiams koreguoti. Pa\u017eangi formul\u0117 suteikia efektyv\u0173 poveik\u012f ir kartu padeda suma\u017einti sausumo bei diskomforto poj\u016bt\u012f odos prisitaikymo laikotarpiu.<\/p>\n<p data-start=\"2392\" data-end=\"2667\">Kremas padeda pagerinti odos stangrum\u0105 ir elastingum\u0105, ma\u017eina rauk\u0161li\u0173 matomum\u0105, lygina odos tekst\u016br\u0105 ir padeda suvienodinti odos atspalv\u012f. Raminamieji ir maitinamieji komponentai palaiko odos komfort\u0105, tod\u0117l kremas tinka reguliariam naudojimui prie\u0161sen\u0117jimin\u0117je prie\u017ei\u016broje.<\/p>\n<p data-start=\"2669\" data-end=\"2694\"><strong data-start=\"2669\" data-end=\"2694\">Aktyv\u016bs ingredientai:<\/strong><\/p>\n<ul data-start=\"2695\" data-end=\"3205\">\n<li data-start=\"2695\" data-end=\"2814\">\n<p data-start=\"2697\" data-end=\"2814\"><strong data-start=\"2697\" data-end=\"2730\">0,5% retinolis (vitaminas A):<\/strong> skatina odos atsinaujinim\u0105 ir padeda gerinti rauk\u0161li\u0173 bei odos tekst\u016bros i\u0161vaizd\u0105<\/p>\n<\/li>\n<li data-start=\"2815\" data-end=\"2941\">\n<p data-start=\"2817\" data-end=\"2941\"><strong data-start=\"2817\" data-end=\"2878\">Peptid\u0173 kompleksas (Dermaxyl\u00ae ir Myristoyl Tripeptide-4):<\/strong> palaiko odos stangrum\u0105 ir padeda koreguoti sen\u0117jimo po\u017eymius<\/p>\n<\/li>\n<li data-start=\"2942\" data-end=\"3031\">\n<p data-start=\"2944\" data-end=\"3031\"><strong data-start=\"2944\" data-end=\"2973\">Palmitoyl Tetrapeptide-7:<\/strong> padeda ma\u017einti paraudimo matomum\u0105 ir palaiko odos tank\u012f<\/p>\n<\/li>\n<li data-start=\"3032\" data-end=\"3102\">\n<p data-start=\"3034\" data-end=\"3102\"><strong data-start=\"3034\" data-end=\"3050\">Bisabololis:<\/strong> ramina od\u0105 ir padeda suma\u017einti sudirgimo po\u017eymius<\/p>\n<\/li>\n<li data-start=\"3103\" data-end=\"3205\">\n<p data-start=\"3105\" data-end=\"3205\"><strong data-start=\"3105\" data-end=\"3157\">Saul\u0117gr\u0105\u017e\u0173 s\u0117kl\u0173 aliejus ir taukmed\u017eio sviestas:<\/strong> maitina od\u0105 ir palaiko odos apsaugin\u012f barjer\u0105<\/p>\n<\/li>\n<\/ul>\n<p data-start=\"3207\" data-end=\"3228\">Tinka vis\u0173 tip\u0173 odai.<\/p>\n<p data-start=\"3230\" data-end=\"3250\"><strong data-start=\"3230\" data-end=\"3240\">T\u016bris:<\/strong> <strong data-start=\"3241\" data-end=\"3250\">28 g<\/strong><\/p>\n","protected":false},"excerpt":{"rendered":"<p data-start=\"3486\" data-end=\"3531\">Retinolio kremas matomiems sen\u0117jimo po\u017eymiams<\/p>\n<h2 data-start=\"3533\" data-end=\"3587\"><strong data-start=\"3533\" data-end=\"3587\">Marini SkinSolutions &#8211; Age Intervention Retinol Plus savyb\u0117s<\/strong><\/h2>\n<p data-start=\"3589\" data-end=\"3804\">\u2714\ufe0f Gerina odos stangrum\u0105 ir elastingum\u0105<br data-start=\"3628\" data-end=\"3631\" \/>\u2714\ufe0f Padeda suma\u017einti rauk\u0161li\u0173 matomum\u0105<br data-start=\"3668\" data-end=\"3671\" \/>\u2714\ufe0f Palaiko odos atsinaujinimo procesus<br data-start=\"3709\" data-end=\"3712\" \/>\u2714\ufe0f Suteikia antioksidacin\u012f ir raminam\u0105j\u012f poveik\u012f<br data-start=\"3760\" data-end=\"3763\" \/>\u2714\ufe0f Intensyviai dr\u0117kina ir mink\u0161tina od\u0105<\/p>\n","protected":false},"featured_media":75352,"template":"","meta":[],"pwb-brand":[1246],"product_brand":[],"product_cat":[738,740,750,724,748,728],"product_tag":[],"giftcard-category":[],"class_list":{"0":"post-72489","1":"product","2":"type-product","3":"status-publish","4":"has-post-thumbnail","6":"pwb-brand-marini-skinsolutions","7":"product_cat-drekinimas","8":"product_cat-sausai-odai","9":"product_cat-senstanti-oda","10":"product_cat-serumai","11":"product_cat-taukainai-adai-lt","12":"product_cat-vitaminas-a-retinolis","14":"first","15":"instock","16":"taxable","17":"shipping-taxable","18":"purchasable","19":"product-type-simple"},"acf":[],"brands":[{"id":1246,"name":"MARINI SKINSOLUTIONS","slug":"marini-skinsolutions"}],"_links":{"self":[{"href":"https:\/\/skinstudio.ee\/lt\/wp-json\/wp\/v2\/product\/72489","targetHints":{"allow":["GET"]}}],"collection":[{"href":"https:\/\/skinstudio.ee\/lt\/wp-json\/wp\/v2\/product"}],"about":[{"href":"https:\/\/skinstudio.ee\/lt\/wp-json\/wp\/v2\/types\/product"}],"version-history":[{"count":3,"href":"https:\/\/skinstudio.ee\/lt\/wp-json\/wp\/v2\/product\/72489\/revisions"}],"predecessor-version":[{"id":75856,"href":"https:\/\/skinstudio.ee\/lt\/wp-json\/wp\/v2\/product\/72489\/revisions\/75856"}],"wp:featuredmedia":[{"embeddable":true,"href":"https:\/\/skinstudio.ee\/lt\/wp-json\/wp\/v2\/media\/75352"}],"wp:attachment":[{"href":"https:\/\/skinstudio.ee\/lt\/wp-json\/wp\/v2\/media?parent=72489"}],"wp:term":[{"taxonomy":"pwb-brand","embeddable":true,"href":"https:\/\/skinstudio.ee\/lt\/wp-json\/wp\/v2\/pwb-brand?post=72489"},{"taxonomy":"product_brand","embeddable":true,"href":"https:\/\/skinstudio.ee\/lt\/wp-json\/wp\/v2\/product_brand?post=72489"},{"taxonomy":"product_cat","embeddable":true,"href":"https:\/\/skinstudio.ee\/lt\/wp-json\/wp\/v2\/product_cat?post=72489"},{"taxonomy":"product_tag","embeddable":true,"href":"https:\/\/skinstudio.ee\/lt\/wp-json\/wp\/v2\/product_tag?post=72489"},{"taxonomy":"giftcard-category","embeddable":true,"href":"https:\/\/skinstudio.ee\/lt\/wp-json\/wp\/v2\/giftcard-category?post=72489"}],"curies":[{"name":"wp","href":"https:\/\/api.w.org\/{rel}","templated":true}]}}