{"id":72499,"date":"2024-01-19T17:00:32","date_gmt":"2024-01-19T17:00:32","guid":{"rendered":"https:\/\/skinstudio.ee\/?post_type=product&#038;p=72499"},"modified":"2026-01-22T09:05:11","modified_gmt":"2026-01-22T09:05:11","slug":"luminate-face-lotion","status":"publish","type":"product","link":"https:\/\/skinstudio.ee\/lt\/catalog\/marini-skinsolutions\/luminate-face-lotion\/","title":{"rendered":"Luminate Face Lotion"},"content":{"rendered":"<p data-start=\"2129\" data-end=\"2476\">Luminate Face Lotion nuo Marini SkinSolutions \u2013 tai retinoliu pagr\u012fstas akseleruojantis kremas, skirtas netolygios pigmentacijos ir fotosen\u0117jimo po\u017eymi\u0173 korekcijai. Formul\u0117je derinamas 0,3% visi\u0161kai trans-retinolis su pa\u017eangiomis nehirdrochinonin\u0117mis \u0161viesinan\u010diomis technologijomis, veikian\u010diomis esam\u0105 pigmentacij\u0105 ir ribojan\u010diomis nauj\u0173 d\u0117mi\u0173 susidarym\u0105.<\/p>\n<p data-start=\"2478\" data-end=\"2718\">Kremas veikia netolyg\u0173 odos ton\u0105, papilk\u0117jim\u0105 ir ankstyvus sen\u0117jimo po\u017eymius, kartu gerindamas odos tekst\u016br\u0105 ir ma\u017eindamas smulki\u0173 linij\u0173 bei odos rauk\u0161li\u0173 matomum\u0105. Reguliariai naudojant oda atrodo lygesn\u0117, tolygesn\u0117 ir vizualiai gaivesn\u0117.<\/p>\n<p data-start=\"2720\" data-end=\"2745\"><strong data-start=\"2720\" data-end=\"2745\">Aktyv\u016bs ingredientai:<\/strong><\/p>\n<ul data-start=\"2746\" data-end=\"3233\">\n<li data-start=\"2746\" data-end=\"2839\">\n<p data-start=\"2748\" data-end=\"2839\"><strong data-start=\"2748\" data-end=\"2767\">0,3% retinolis:<\/strong> spartina odos atsinaujinim\u0105, gerina tekst\u016br\u0105 ir suvienodina odos ton\u0105<\/p>\n<\/li>\n<li data-start=\"2840\" data-end=\"2941\">\n<p data-start=\"2842\" data-end=\"2941\"><strong data-start=\"2842\" data-end=\"2860\">Nonapeptide-1:<\/strong> veikia melanino susidarymo procesus, kontroliuodamas pigmentacijos netolygumus<\/p>\n<\/li>\n<li data-start=\"2942\" data-end=\"3038\">\n<p data-start=\"2944\" data-end=\"3038\"><strong data-start=\"2944\" data-end=\"3007\">Tetrahydrodiferuloylmethane (bespalvis ciber\u017eol\u0117s darinys):<\/strong> ma\u017eina tamsi\u0173 d\u0117mi\u0173 matomum\u0105<\/p>\n<\/li>\n<li data-start=\"3039\" data-end=\"3120\">\n<p data-start=\"3041\" data-end=\"3120\"><strong data-start=\"3041\" data-end=\"3060\">Alfa-arbutinas:<\/strong> suvienodina odos ton\u0105 ir pagerina jos vizualin\u012f skaidrum\u0105<\/p>\n<\/li>\n<li data-start=\"3121\" data-end=\"3233\">\n<p data-start=\"3123\" data-end=\"3233\"><strong data-start=\"3123\" data-end=\"3177\">Saldymed\u017eio \u0161akn\u0173 ekstraktas (Glycyrrhiza Glabra):<\/strong> ma\u017eina spalvos netolygumus ir gerina odos elastingum\u0105<\/p>\n<\/li>\n<\/ul>\n<p data-start=\"3235\" data-end=\"3256\">Tinka vis\u0173 tip\u0173 odai.<\/p>\n<p data-start=\"3258\" data-end=\"3278\"><strong data-start=\"3258\" data-end=\"3268\">T\u016bris:<\/strong> <strong data-start=\"3269\" data-end=\"3278\">30 ml<\/strong><\/p>\n","protected":false},"excerpt":{"rendered":"<p data-start=\"3582\" data-end=\"3623\">Retinolio kremas pigmentacijos korekcijai<\/p>\n<h2 data-start=\"3625\" data-end=\"3670\"><strong data-start=\"3625\" data-end=\"3670\">Marini SkinSolutions &#8211; Luminate Face Lotion savyb\u0117s<\/strong><\/h2>\n<p data-start=\"3672\" data-end=\"3889\">\u2714\ufe0f Koreguoja netolyg\u0173 odos pigmentavim\u0105<br data-start=\"3711\" data-end=\"3714\" \/>\u2714\ufe0f Suvienodina odos ton\u0105<br data-start=\"3738\" data-end=\"3741\" \/>\u2714\ufe0f Ma\u017eina smulki\u0173 linij\u0173 ir odos rauk\u0161li\u0173 matomum\u0105<br data-start=\"3791\" data-end=\"3794\" \/>\u2714\ufe0f Gerina odos tekst\u016br\u0105 ir glotnum\u0105<br data-start=\"3829\" data-end=\"3832\" \/>\u2714\ufe0f Suteikia odai \u0161varesn\u0119 ir labiau spindin\u010di\u0105 i\u0161vaizd\u0105<\/p>\n","protected":false},"featured_media":89264,"template":"","meta":[],"pwb-brand":[1246],"product_brand":[],"product_cat":[752,750,728],"product_tag":[],"giftcard-category":[],"class_list":{"0":"post-72499","1":"product","2":"type-product","3":"status-publish","4":"has-post-thumbnail","6":"pwb-brand-marini-skinsolutions","7":"product_cat-pigmentacija-lt","8":"product_cat-senstanti-oda","9":"product_cat-vitaminas-a-retinolis","11":"first","12":"instock","13":"taxable","14":"shipping-taxable","15":"purchasable","16":"product-type-simple"},"acf":[],"brands":[{"id":1246,"name":"MARINI SKINSOLUTIONS","slug":"marini-skinsolutions"}],"_links":{"self":[{"href":"https:\/\/skinstudio.ee\/lt\/wp-json\/wp\/v2\/product\/72499","targetHints":{"allow":["GET"]}}],"collection":[{"href":"https:\/\/skinstudio.ee\/lt\/wp-json\/wp\/v2\/product"}],"about":[{"href":"https:\/\/skinstudio.ee\/lt\/wp-json\/wp\/v2\/types\/product"}],"version-history":[{"count":2,"href":"https:\/\/skinstudio.ee\/lt\/wp-json\/wp\/v2\/product\/72499\/revisions"}],"predecessor-version":[{"id":75857,"href":"https:\/\/skinstudio.ee\/lt\/wp-json\/wp\/v2\/product\/72499\/revisions\/75857"}],"wp:featuredmedia":[{"embeddable":true,"href":"https:\/\/skinstudio.ee\/lt\/wp-json\/wp\/v2\/media\/89264"}],"wp:attachment":[{"href":"https:\/\/skinstudio.ee\/lt\/wp-json\/wp\/v2\/media?parent=72499"}],"wp:term":[{"taxonomy":"pwb-brand","embeddable":true,"href":"https:\/\/skinstudio.ee\/lt\/wp-json\/wp\/v2\/pwb-brand?post=72499"},{"taxonomy":"product_brand","embeddable":true,"href":"https:\/\/skinstudio.ee\/lt\/wp-json\/wp\/v2\/product_brand?post=72499"},{"taxonomy":"product_cat","embeddable":true,"href":"https:\/\/skinstudio.ee\/lt\/wp-json\/wp\/v2\/product_cat?post=72499"},{"taxonomy":"product_tag","embeddable":true,"href":"https:\/\/skinstudio.ee\/lt\/wp-json\/wp\/v2\/product_tag?post=72499"},{"taxonomy":"giftcard-category","embeddable":true,"href":"https:\/\/skinstudio.ee\/lt\/wp-json\/wp\/v2\/giftcard-category?post=72499"}],"curies":[{"name":"wp","href":"https:\/\/api.w.org\/{rel}","templated":true}]}}